{"id":3575,"date":"2021-09-20T14:40:30","date_gmt":"2021-09-20T12:40:30","guid":{"rendered":"https:\/\/dudelange.devoteamlab.lu\/?page_id=3575"},"modified":"2021-09-21T16:23:52","modified_gmt":"2021-09-21T14:23:52","slug":"commission-des-loyers","status":"publish","type":"page","link":"https:\/\/www.dudelange.lu\/index.php\/commission-des-loyers\/","title":{"rendered":"Commission des loyers"},"content":{"rendered":"<p>La Commission des loyers vous offre un service gratuit dans les cas suivants :<\/p>\n<ul>\n<li>vous \u00eates propri\u00e9taire et souhaitez augmenter le loyer<\/li>\n<li>vous \u00eates locataire et souhaitez voir diminuer votre loyer<\/li>\n<li>vous avez inform\u00e9 l\u2019autre partie, mais vous \u00eates face \u00e0 un refus ou<br \/>\nune absence de r\u00e9ponse end\u00e9ans un mois.<\/li>\n<\/ul>\n<p>Introduisez une requ\u00eate par \u00e9crit au coll\u00e8ge des bourgmestre et \u00e9chevins qui transmettra votre demande \u00e0 la commission. Vous trouverez une lettre-type ici:<\/p>\n<p>[PDF] <span style=\"text-decoration: underline;\"><span style=\"color: #ef4030;\"><a style=\"color: #ef4030; text-decoration: underline;\" href=\"https:\/\/sadudelangedata.blob.core.windows.net\/files\/2021\/09\/614880f4b5956-614880f4b5957COMMISSION-DES-LOYERS-DEMANDE-DE-CONSULTATION.pdf.pdf\" target=\"_blank\" rel=\"noopener\">Demande<\/a><\/span><\/span><\/p>\n<p>&nbsp;<\/p>\n<p><strong>Commission des loyers<\/strong><br \/>\nYves Goergen<br \/>\nT 516121 -275<br \/>\n<span style=\"text-decoration: underline;\"><span style=\"color: #ef4030; text-decoration: underline;\"><a style=\"color: #ef4030; text-decoration: underline;\" href=\"mailto:yves.goergen@dudelange.lu\" target=\"_blank\" rel=\"noopener\">yves.goergen@dudelange.lu<\/a><\/span><\/span><\/p>\n","protected":false},"excerpt":{"rendered":"<p>La Commission des loyers vous offre un service gratuit dans [&hellip;]<\/p>\n","protected":false},"author":10,"featured_media":3804,"parent":0,"menu_order":0,"comment_status":"closed","ping_status":"closed","template":"","meta":{"footnotes":""},"class_list":["post-3575","page","type-page","status-publish","has-post-thumbnail","hentry"],"publishpress_future_action":{"enabled":false,"date":"2026-04-15 09:54:34","action":"change-status","newStatus":"draft","terms":[],"taxonomy":"","extraData":[]},"publishpress_future_workflow_manual_trigger":{"enabledWorkflows":[]},"_links":{"self":[{"href":"https:\/\/www.dudelange.lu\/index.php\/wp-json\/wp\/v2\/pages\/3575","targetHints":{"allow":["GET"]}}],"collection":[{"href":"https:\/\/www.dudelange.lu\/index.php\/wp-json\/wp\/v2\/pages"}],"about":[{"href":"https:\/\/www.dudelange.lu\/index.php\/wp-json\/wp\/v2\/types\/page"}],"author":[{"embeddable":true,"href":"https:\/\/www.dudelange.lu\/index.php\/wp-json\/wp\/v2\/users\/10"}],"replies":[{"embeddable":true,"href":"https:\/\/www.dudelange.lu\/index.php\/wp-json\/wp\/v2\/comments?post=3575"}],"version-history":[{"count":8,"href":"https:\/\/www.dudelange.lu\/index.php\/wp-json\/wp\/v2\/pages\/3575\/revisions"}],"predecessor-version":[{"id":3835,"href":"https:\/\/www.dudelange.lu\/index.php\/wp-json\/wp\/v2\/pages\/3575\/revisions\/3835"}],"wp:featuredmedia":[{"embeddable":true,"href":"https:\/\/www.dudelange.lu\/index.php\/wp-json\/wp\/v2\/media\/3804"}],"wp:attachment":[{"href":"https:\/\/www.dudelange.lu\/index.php\/wp-json\/wp\/v2\/media?parent=3575"}],"curies":[{"name":"wp","href":"https:\/\/api.w.org\/{rel}","templated":true}]}}