{"id":3591,"date":"2021-09-20T14:59:13","date_gmt":"2021-09-20T12:59:13","guid":{"rendered":"https:\/\/dudelange.devoteamlab.lu\/?page_id=3591"},"modified":"2025-02-06T16:26:57","modified_gmt":"2025-02-06T15:26:57","slug":"service-local-de-lemploi","status":"publish","type":"page","link":"https:\/\/www.dudelange.lu\/index.php\/service-local-de-lemploi\/","title":{"rendered":"Service local de l&#8217;emploi"},"content":{"rendered":"<p>Annexe de l&rsquo;H\u00f4tel de Ville (ancienne caserne de pompiers).<br \/>\nHeures d&rsquo;ouverture: lundi-vendredi de 8h-12h et 13h30-17h<br \/>\n(uniquement sur rendez-vous, autres horaires possibles)<\/p>\n<p>Missions du service:<\/p>\n<ul>\n<li>Suivi individuel pour tout r\u00e9sident de Dudelange \u00e0 la recherche d&rsquo;un emploi.<\/li>\n<li>Aide \u00e0 la recherche d\u2019un emploi.<\/li>\n<li>Informations sur le monde du travail.<\/li>\n<li>S\u00e9minaires \u00ab Techniques \u00e0 la recherche d&rsquo;un emploi \u00bb.<\/li>\n<li>Sommet \u00e9conomique local.<\/li>\n<li>Recherche d\u2019emploi (techniques, m\u00e9thodes de recherche d\u2019emploi,&#8230;).<\/li>\n<li>Aide \u00e0 la r\u00e9insertion socio-professionnelle.<\/li>\n<li>Aide \u00e0 la r\u00e9daction de lettres de motivation, CV et autre.<\/li>\n<li>Aide \u00e0 l\u2019orientation scolaire et professionnelle.<\/li>\n<li>Informations et\/ou accompagnement social individualis\u00e9\u00a0 dans les d\u00e9marches administratives de recherche d\u2019emploi.<\/li>\n<li>Mise en relation avec le milieu professionnel et les employeurs (les entreprises).<\/li>\n<li>Communication entre partenaires du milieu professionnel de la personne.<\/li>\n<li>Explications, offres et recherche de formations professionnelles \/ continues.<\/li>\n<li>Aide \u00e0 la reconnaissance du dipl\u00f4me.<\/li>\n<li>Informations sur les aides sociales existantes (explications et orientation vers les \u00e9tablissements concern\u00e9s).<\/li>\n<li>Suivi individuel \u00e0 court, moyen ou long terme, adapt\u00e9 \u00e0 la demande.<\/li>\n<li>Toute autre demande en lien avec la situation individuelle et professionnelle de la personne.<\/li>\n<li>Gestion et suivi de l\u2019initiative sociale de la Ville de Dudelange\n<ul>\n<li>cofinanc\u00e9 par le <span style=\"text-decoration: underline;\"><a href=\"https:\/\/mt.gouvernement.lu\/fr.html\">Minist\u00e8re du Travail<\/a><\/span>.<\/li>\n<\/ul>\n<\/li>\n<\/ul>\n<p>L\u2019ensemble de ces services sont <span style=\"text-decoration: underline;\">gratuits<\/span> et propos\u00e9s aux citoyens<i>\u00b7<\/i>nes de Dudelange de tous \u00e2ges.<\/p>\n<p>&nbsp;<\/p>\n<p>Stefania MANGINI<strong><br \/>\n<\/strong>Cheffe de service \/ Assistante Sociale<br \/>\nT 516121 -2080 \/ M 691 292 266<br \/>\n<a href=\"mailto:stefania.mangini@dudelange.lu\" target=\"_blank\" rel=\"noopener\">Prendre contact\u00a0<\/a><\/p>\n<p>Mae TANI<br \/>\nAssistante sociale<br \/>\nT 516121-2081 \/ M 691 292 348<br \/>\n<a href=\"mailto:mae.tani@dudelange.lu\" target=\"_blank\" rel=\"noopener\">Prendre contact<\/a><\/p>\n<p>Leila YAFRAH<strong><br \/>\n<\/strong>B.A. en psychologie<br \/>\nT 516121-2082 \/ M 691 292 367<br \/>\n<a title=\"Prendre Contact\u00a0\" href=\"mailto:leila.yafrah@dudelange.lu\" target=\"_blank\" rel=\"noopener\">Prendre contact\u00a0<\/a><\/p>\n<p>Emmy OPPERMANN<br \/>\nB.A. en travail social<br \/>\nT 516121-2082 \/ M 691 292 094<br \/>\n<a title=\"Prendre Contact\" href=\"mailto:emmy.oppermann@dudelange.lu\" target=\"_blank\" rel=\"noopener\">Prendre contact<\/a><\/p>\n","protected":false},"excerpt":{"rendered":"<p>Annexe de l&rsquo;H\u00f4tel de Ville (ancienne caserne de pompiers). Heures [&hellip;]<\/p>\n","protected":false},"author":10,"featured_media":0,"parent":0,"menu_order":0,"comment_status":"closed","ping_status":"closed","template":"","meta":{"footnotes":""},"class_list":["post-3591","page","type-page","status-publish","hentry"],"publishpress_future_action":{"enabled":false,"date":"2026-05-22 16:22:03","action":"change-status","newStatus":"draft","terms":[],"taxonomy":"","extraData":[]},"publishpress_future_workflow_manual_trigger":{"enabledWorkflows":[]},"_links":{"self":[{"href":"https:\/\/www.dudelange.lu\/index.php\/wp-json\/wp\/v2\/pages\/3591","targetHints":{"allow":["GET"]}}],"collection":[{"href":"https:\/\/www.dudelange.lu\/index.php\/wp-json\/wp\/v2\/pages"}],"about":[{"href":"https:\/\/www.dudelange.lu\/index.php\/wp-json\/wp\/v2\/types\/page"}],"author":[{"embeddable":true,"href":"https:\/\/www.dudelange.lu\/index.php\/wp-json\/wp\/v2\/users\/10"}],"replies":[{"embeddable":true,"href":"https:\/\/www.dudelange.lu\/index.php\/wp-json\/wp\/v2\/comments?post=3591"}],"version-history":[{"count":29,"href":"https:\/\/www.dudelange.lu\/index.php\/wp-json\/wp\/v2\/pages\/3591\/revisions"}],"predecessor-version":[{"id":26691,"href":"https:\/\/www.dudelange.lu\/index.php\/wp-json\/wp\/v2\/pages\/3591\/revisions\/26691"}],"wp:attachment":[{"href":"https:\/\/www.dudelange.lu\/index.php\/wp-json\/wp\/v2\/media?parent=3591"}],"curies":[{"name":"wp","href":"https:\/\/api.w.org\/{rel}","templated":true}]}}