{"id":3628,"date":"2021-09-20T15:10:55","date_gmt":"2021-09-20T13:10:55","guid":{"rendered":"https:\/\/dudelange.devoteamlab.lu\/?page_id=3628"},"modified":"2021-12-16T09:32:24","modified_gmt":"2021-12-16T08:32:24","slug":"gesond-diddeleng","status":"publish","type":"page","link":"https:\/\/www.dudelange.lu\/index.php\/services-communaux\/gesond-diddeleng\/","title":{"rendered":"Gesond Diddeleng"},"content":{"rendered":"<p>16 route de Bettembourg, L-3424 Dudelange<\/p>\n<p><span class=\"ms-rteStyle-IntenseEmphasis\"><span class=\"ms-rteThemeForeColor-2-0\">Missions:\u00a0<\/span><\/span><\/p>\n<ul>\n<li>Concevoir\u200b des campagnes de sensibilisation et de pr\u00e9vention dans le domaine de la promotion \u00e0 la sant\u00e9<\/li>\n<li>Observer les \u00e9volutions en mati\u00e8re de sant\u00e9 et de m\u00e9decine<\/li>\n<li>Projets et actions \u00e0 caract\u00e8re pr\u00e9ventif:\u00a0cours gratuits de nordic walking, course \u00e0 pied, etc. pour les adultes<\/li>\n<li>Activit\u00e9s sp\u00e9cifiques pour enfants<\/li>\n<li>Conf\u00e9rences<\/li>\n<li>Diddelenger Gesondheetsmatin\u00e9e<\/li>\n<\/ul>\n<div><\/div>\n<p>Manon HAAG\u200b\u200b<br \/>\nT 516121 -597<br \/>\n<span style=\"text-decoration: underline;\"><span id=\"DeltaPlaceHolderMain\" style=\"color: #ef4030; text-decoration: underline;\"><a style=\"color: #ef4030; text-decoration: underline;\" href=\"mailto:gesonddiddeleng@dudelange.lu\" target=\"_blank\" rel=\"noopener\">Prendre contact<\/a><\/span><\/span><br \/>\n<span style=\"text-decoration: underline;\"><span style=\"color: #ef4030; text-decoration: underline;\"><a style=\"color: #ef4030; text-decoration: underline;\" href=\"http:\/\/www.facebook.com\/gesonddiddeleng\" target=\"_blank\" rel=\"noopener\">www.facebook.com\/gesonddiddeleng\u200b<\/a><\/span><\/span><\/p>\n<p>&nbsp;<\/p>\n<p><iframe title=\"YouTube video player\" src=\"https:\/\/www.youtube.com\/embed\/q5cxfMBWGw8\" width=\"560\" height=\"315\" frameborder=\"0\" allowfullscreen=\"allowfullscreen\"><\/iframe>\u200b<\/p>\n<p><iframe title=\"YouTube video player\" src=\"https:\/\/www.youtube.com\/embed\/Ei28yCBz7A0\" width=\"560\" height=\"315\" frameborder=\"0\" allowfullscreen=\"allowfullscreen\"><\/iframe><\/p>\n","protected":false},"excerpt":{"rendered":"<p>16 route de Bettembourg, L-3424 Dudelange Missions:\u00a0 Concevoir\u200b des campagnes [&hellip;]<\/p>\n","protected":false},"author":9,"featured_media":0,"parent":2203,"menu_order":0,"comment_status":"closed","ping_status":"closed","template":"","meta":{"footnotes":""},"class_list":["post-3628","page","type-page","status-publish","hentry"],"publishpress_future_action":{"enabled":false,"date":"2026-05-17 19:38:38","action":"change-status","newStatus":"draft","terms":[],"taxonomy":"","extraData":[]},"publishpress_future_workflow_manual_trigger":{"enabledWorkflows":[]},"_links":{"self":[{"href":"https:\/\/www.dudelange.lu\/index.php\/wp-json\/wp\/v2\/pages\/3628","targetHints":{"allow":["GET"]}}],"collection":[{"href":"https:\/\/www.dudelange.lu\/index.php\/wp-json\/wp\/v2\/pages"}],"about":[{"href":"https:\/\/www.dudelange.lu\/index.php\/wp-json\/wp\/v2\/types\/page"}],"author":[{"embeddable":true,"href":"https:\/\/www.dudelange.lu\/index.php\/wp-json\/wp\/v2\/users\/9"}],"replies":[{"embeddable":true,"href":"https:\/\/www.dudelange.lu\/index.php\/wp-json\/wp\/v2\/comments?post=3628"}],"version-history":[{"count":6,"href":"https:\/\/www.dudelange.lu\/index.php\/wp-json\/wp\/v2\/pages\/3628\/revisions"}],"predecessor-version":[{"id":15621,"href":"https:\/\/www.dudelange.lu\/index.php\/wp-json\/wp\/v2\/pages\/3628\/revisions\/15621"}],"up":[{"embeddable":true,"href":"https:\/\/www.dudelange.lu\/index.php\/wp-json\/wp\/v2\/pages\/2203"}],"wp:attachment":[{"href":"https:\/\/www.dudelange.lu\/index.php\/wp-json\/wp\/v2\/media?parent=3628"}],"curies":[{"name":"wp","href":"https:\/\/api.w.org\/{rel}","templated":true}]}}