{"id":3630,"date":"2021-09-20T15:16:31","date_gmt":"2021-09-20T13:16:31","guid":{"rendered":"https:\/\/dudelange.devoteamlab.lu\/?page_id=3630"},"modified":"2026-05-05T08:42:40","modified_gmt":"2026-05-05T06:42:40","slug":"ensemble-quartiers-dudelange","status":"publish","type":"page","link":"https:\/\/www.dudelange.lu\/index.php\/ensemble-quartiers-dudelange\/","title":{"rendered":"Ensemble Quartiers Dudelange"},"content":{"rendered":"<p>Ce projet, con\u00e7u pour favoriser le d\u00e9veloppement d\u2019une communaut\u00e9 interculturelle participative, cherche \u00e0 rassembler luxembourgeois, europ\u00e9ens et non europ\u00e9ens autour d\u2019actions communes. Le but est l\u2019int\u00e9gration r\u00e9ussie de chacun, l\u2019atteinte d\u2019une coh\u00e9sion sociale, culturelle et politique bas\u00e9e sur la tol\u00e9rance, le respect de la diversit\u00e9 d\u2019autrui ainsi que le droit \u00e0 la diff\u00e9rence.\u00a0L\u2019enjeu du projet est la d\u00e9mocratie culturelle con\u00e7ue comme une certaine qualit\u00e9 de \u00ab l\u2019\u00eatre ensemble \u00bb reposant sur la responsabilit\u00e9 engag\u00e9e des hommes et des femmes et sur la participation active et solidaire \u00e0 la soci\u00e9t\u00e9 luxembourgeoise.\u00a0Cr\u00e9er un nouvel \u00ab \u00eatre ensemble \u00bb\u200b et passer \u00e0 une soci\u00e9t\u00e9 interculturelle.<\/p>\n<p>Parmi leurs activit\u00e9s: le caf\u00e9 des langues, les give box, les bo\u00eetes \u00e0 lire,\u200b les bancs &lsquo;integration couch&rsquo;, le mois du respect, des ateliers cr\u00e9atifs divers (th\u00e9\u00e2tre, \u00e9criture, cuisine, peinture\u2026) et de nombreux cours (danse, sophrologie, yoga, boot camp,&#8230;).<\/p>\n<p>&nbsp;<\/p>\n<p><strong>Ensemble Quartiers Dudelange<br \/>\n<\/strong>149, rue des Mini\u00e8res, L-3526 Dudelange<br \/>\nC\u00e9dric Czaika \/ Thomas Steinmann \/ Karolyne Wozniak<br \/>\nT 621 656 660 \/ 621 285 149\u200b<br \/>\n<span style=\"text-decoration: underline;\"><span style=\"color: #ef4030;\"><a style=\"color: #ef4030; text-decoration: underline;\" href=\"mailto:ensemblequartiersdudelange@i-a.lu\" target=\"_blank\" rel=\"noopener\">ensemblequartiersdudelange@i-a.lu<\/a><br \/>\n<a style=\"color: #ef4030; text-decoration: underline;\" href=\"https:\/\/www.facebook.com\/profile.php?id=100010639270255\" target=\"_blank\" rel=\"noopener\">Facebook<\/a><br \/>\n<\/span><\/span><span style=\"text-decoration: underline;\"><span style=\"color: #ef4030; text-decoration: underline;\"><a style=\"color: #ef4030; text-decoration: underline;\" href=\"http:\/\/www.inter-actions.lu\" target=\"_blank\" rel=\"noopener\">www.inter-actions.lu<\/a><\/span><\/span><\/p>\n<p>&nbsp;<\/p>\n<p>&nbsp;<\/p>\n","protected":false},"excerpt":{"rendered":"<p>Ce projet, con\u00e7u pour favoriser le d\u00e9veloppement d\u2019une communaut\u00e9 interculturelle [&hellip;]<\/p>\n","protected":false},"author":10,"featured_media":3817,"parent":0,"menu_order":0,"comment_status":"closed","ping_status":"closed","template":"","meta":{"footnotes":""},"class_list":["post-3630","page","type-page","status-publish","has-post-thumbnail","hentry"],"publishpress_future_action":{"enabled":false,"date":"2026-05-17 11:20:05","action":"change-status","newStatus":"draft","terms":[],"taxonomy":"","extraData":[]},"publishpress_future_workflow_manual_trigger":{"enabledWorkflows":[]},"_links":{"self":[{"href":"https:\/\/www.dudelange.lu\/index.php\/wp-json\/wp\/v2\/pages\/3630","targetHints":{"allow":["GET"]}}],"collection":[{"href":"https:\/\/www.dudelange.lu\/index.php\/wp-json\/wp\/v2\/pages"}],"about":[{"href":"https:\/\/www.dudelange.lu\/index.php\/wp-json\/wp\/v2\/types\/page"}],"author":[{"embeddable":true,"href":"https:\/\/www.dudelange.lu\/index.php\/wp-json\/wp\/v2\/users\/10"}],"replies":[{"embeddable":true,"href":"https:\/\/www.dudelange.lu\/index.php\/wp-json\/wp\/v2\/comments?post=3630"}],"version-history":[{"count":14,"href":"https:\/\/www.dudelange.lu\/index.php\/wp-json\/wp\/v2\/pages\/3630\/revisions"}],"predecessor-version":[{"id":30698,"href":"https:\/\/www.dudelange.lu\/index.php\/wp-json\/wp\/v2\/pages\/3630\/revisions\/30698"}],"wp:featuredmedia":[{"embeddable":true,"href":"https:\/\/www.dudelange.lu\/index.php\/wp-json\/wp\/v2\/media\/3817"}],"wp:attachment":[{"href":"https:\/\/www.dudelange.lu\/index.php\/wp-json\/wp\/v2\/media?parent=3630"}],"curies":[{"name":"wp","href":"https:\/\/api.w.org\/{rel}","templated":true}]}}