{"id":3645,"date":"2021-09-20T15:19:24","date_gmt":"2021-09-20T13:19:24","guid":{"rendered":"https:\/\/dudelange.devoteamlab.lu\/?page_id=3645"},"modified":"2026-01-13T15:45:36","modified_gmt":"2026-01-13T14:45:36","slug":"travaux-publics","status":"publish","type":"page","link":"https:\/\/www.dudelange.lu\/index.php\/services-communaux\/travaux-publics\/","title":{"rendered":"Travaux publics"},"content":{"rendered":"<p><span lang=\"FR\">7 rue de l&rsquo;Abattoir, <span id=\"DeltaPlaceHolderMain\">L-3409 Dudelange<\/span><\/span><\/p>\n<p>&nbsp;<\/p>\n<p><strong>Responsables service:<\/strong><\/p>\n<p>Micael DA SILVA<br \/>\nChef de Service Travaux Publics<br \/>\nT 51 61 21 -9400<br \/>\n<span style=\"text-decoration: underline;\"><span style=\"color: #ef4030;\"><a style=\"color: #ef4030; text-decoration: underline;\" title=\"Prendre Contact\" href=\"mailto:micael.dasilva@dudelange.lu\" target=\"_blank\" rel=\"noopener\">Prendre contact<\/a><\/span><\/span><\/p>\n<p>Nicolas LERICHE<span lang=\"FR\"><br \/>\nResponsable voirie<\/span><span lang=\"FR\"><br \/>\nT<\/span><span lang=\"FR-BE\"> 51 61 21 -9401<\/span><span lang=\"FR\"><br \/>\n<\/span><span style=\"text-decoration: underline;\"><span lang=\"FR-BE\" style=\"color: #ef4030; text-decoration: underline;\"><a style=\"color: #ef4030; text-decoration: underline;\" href=\"mailto:nicolas.leriche@dudelange.lu\" target=\"_blank\" rel=\"noopener\">Prendre contact<\/a><\/span><\/span><\/p>\n<p>Alessio DE FELICE<br \/>\nDocumentation (GIS)<br \/>\nT 51 61 21 &#8211; 9403<br \/>\n<span style=\"text-decoration: underline;\"><span lang=\"FR-BE\" style=\"color: #ef4030; text-decoration: underline;\"><a style=\"color: #ef4030; text-decoration: underline;\" href=\"mailto:alessio.defelice@dudelange.lu\" target=\"_blank\" rel=\"noopener\">Prendre contact<\/a><\/span><\/span><\/p>\n<p><strong>Missions\u00a0: <\/strong><\/p>\n<ul>\n<li>Planification, coordination et ex\u00e9cution des chantiers voiries communales, places publiques, nouveaux lotissements<\/li>\n<li>Coordination et ex\u00e9cution des chantiers en collaboration avec l\u2019Administration des Ponts &amp; Chauss\u00e9es ainsi qu\u2019avec les divers services de la Ville de Dudelange<\/li>\n<li>Am\u00e9nagements et r\u00e9am\u00e9nagements de nouvelles aires de jeux, multisports et de cours d\u2019\u00e9cole<\/li>\n<li>R\u00e9am\u00e9nagements et r\u00e9fections des cimeti\u00e8res<\/li>\n<li>Gestion du Syst\u00e8me d\u2019information g\u00e9ographique (SIG)<\/li>\n<\/ul>\n<p>Document \u00e0 t\u00e9l\u00e9charger : <span style=\"text-decoration: underline;\"><span style=\"color: #ef4030;\"><a style=\"color: #ef4030; text-decoration: underline;\" href=\"https:\/\/eur04.safelinks.protection.outlook.com\/?url=https%3A%2F%2Fsadudelangedata.blob.core.windows.net%2Ffiles%2F2024%2F09%2FDispositions-technique-concernant-les-travaux-de-terrassement-et-de-refection-dans-la-voie-communale-v.-1.0_signe.pdf&amp;data=05%7C02%7Ccorinne.folscheid%40dudelange.lu%7C825819c2dfd34fe97d1508ddc4495e76%7C46afdd30f93c44218380d62c4efbe535%7C0%7C0%7C638882541619875352%7CUnknown%7CTWFpbGZsb3d8eyJFbXB0eU1hcGkiOnRydWUsIlYiOiIwLjAuMDAwMCIsIlAiOiJXaW4zMiIsIkFOIjoiTWFpbCIsIldUIjoyfQ%3D%3D%7C0%7C%7C%7C&amp;sdata=%2FLmV259G6V2cZHXLLT9i21AbpXP8Z%2Fv5LZ0Oes67ZFI%3D&amp;reserved=0\" target=\"_blank\" rel=\"noopener\">Dispositions-technique-concernant-les-travaux-de-terrassement-et-de-refection-dans-la-voie-communale-v.-1.0_signe.pdf<\/a><\/span><\/span><\/p>\n<p>&nbsp;<\/p>\n","protected":false},"excerpt":{"rendered":"<p>7 rue de l&rsquo;Abattoir, L-3409 Dudelange &nbsp; Responsables service: Micael [&hellip;]<\/p>\n","protected":false},"author":9,"featured_media":0,"parent":2203,"menu_order":0,"comment_status":"closed","ping_status":"closed","template":"","meta":{"footnotes":""},"class_list":["post-3645","page","type-page","status-publish","hentry"],"publishpress_future_action":{"enabled":false,"date":"2026-05-02 14:15:03","action":"change-status","newStatus":"draft","terms":[],"taxonomy":"","extraData":[]},"publishpress_future_workflow_manual_trigger":{"enabledWorkflows":[]},"_links":{"self":[{"href":"https:\/\/www.dudelange.lu\/index.php\/wp-json\/wp\/v2\/pages\/3645","targetHints":{"allow":["GET"]}}],"collection":[{"href":"https:\/\/www.dudelange.lu\/index.php\/wp-json\/wp\/v2\/pages"}],"about":[{"href":"https:\/\/www.dudelange.lu\/index.php\/wp-json\/wp\/v2\/types\/page"}],"author":[{"embeddable":true,"href":"https:\/\/www.dudelange.lu\/index.php\/wp-json\/wp\/v2\/users\/9"}],"replies":[{"embeddable":true,"href":"https:\/\/www.dudelange.lu\/index.php\/wp-json\/wp\/v2\/comments?post=3645"}],"version-history":[{"count":14,"href":"https:\/\/www.dudelange.lu\/index.php\/wp-json\/wp\/v2\/pages\/3645\/revisions"}],"predecessor-version":[{"id":29795,"href":"https:\/\/www.dudelange.lu\/index.php\/wp-json\/wp\/v2\/pages\/3645\/revisions\/29795"}],"up":[{"embeddable":true,"href":"https:\/\/www.dudelange.lu\/index.php\/wp-json\/wp\/v2\/pages\/2203"}],"wp:attachment":[{"href":"https:\/\/www.dudelange.lu\/index.php\/wp-json\/wp\/v2\/media?parent=3645"}],"curies":[{"name":"wp","href":"https:\/\/api.w.org\/{rel}","templated":true}]}}