{"id":3663,"date":"2021-09-20T15:29:19","date_gmt":"2021-09-20T13:29:19","guid":{"rendered":"https:\/\/dudelange.devoteamlab.lu\/?page_id=3663"},"modified":"2026-01-13T15:53:24","modified_gmt":"2026-01-13T14:53:24","slug":"entretien-et-gestion-des-batiments-communaux","status":"publish","type":"page","link":"https:\/\/www.dudelange.lu\/index.php\/services-communaux\/entretien-et-gestion-des-batiments-communaux\/","title":{"rendered":"Entretien et gestion des b\u00e2timents communaux"},"content":{"rendered":"<p><span id=\"DeltaPlaceHolderMain\">7, rue de l&rsquo;Abattoir; L-3409 Dudelange <\/span><br \/>\n<span id=\"DeltaPlaceHolderMain\"><\/span><span id=\"DeltaPlaceHolderMain\"><\/span><span id=\"DeltaPlaceHolderMain\"><span class=\"ms-rteStyle-IntenseEmphasis\"><span class=\"ms-rteThemeForeColor-2-0\"><br \/>\n<strong>Missions:<\/strong><\/span><\/span><br \/>\n<\/span><\/p>\n<ul>\n<li>Entretien courant et r\u00e9parations des b\u00e2timents communaux et logements sociaux<\/li>\n<li>R\u00e9novation d\u2019envergure de b\u00e2timents<\/li>\n<li>Installation et gestion des syst\u00e8mes d&rsquo;acc\u00e8s<\/li>\n<li>Surveillance g\u00e9n\u00e9rale des propri\u00e9t\u00e9s et b\u00e2timents communaux et de leurs alentours<\/li>\n<li>Coordination du service conciergerie<\/li>\n<\/ul>\n<p>&nbsp;<\/p>\n<p><span style=\"text-decoration: underline;\"><strong>Responsable service:<\/strong><\/span><\/p>\n<p>Jo\u00ebl FREITAS<br \/>\nT 516121 -311<br \/>\n<span style=\"text-decoration: underline;\"><span id=\"DeltaPlaceHolderMain\" style=\"color: #ef4030; text-decoration: underline;\"><a style=\"color: #ef4030; text-decoration: underline;\" href=\"mailto:joel.freitas@dudelange.lu\" target=\"_blank\" rel=\"noopener\">Prendre contact<\/a><\/span><\/span><span id=\"DeltaPlaceHolderMain\"><\/span><\/p>\n<p><span id=\"DeltaPlaceHolderMain\">Sara DE OLIVEIRA<br \/>\nT 516121 -980<br \/>\n<span style=\"text-decoration: underline;\"><span style=\"color: #ef4030; text-decoration: underline;\"><a style=\"color: #ef4030; text-decoration: underline;\" href=\"mailto:sara.deoliveira@dudelange.lu\" target=\"_blank\" rel=\"noopener\">Prendre contact<\/a><\/span><\/span><\/span><\/p>\n<p>Rui DIAS<br \/>\nT 516121 -958<br \/>\n<span style=\"text-decoration: underline;\"><span style=\"color: #ef4030; text-decoration: underline;\"><a style=\"color: #ef4030; text-decoration: underline;\" href=\"mailto:rui.dias@dudelange.lu\" target=\"_blank\" rel=\"noopener\">Prendre contact<\/a><\/span><\/span><span id=\"DeltaPlaceHolderMain\"><\/span><\/p>\n<p>Alex LOURENCO<br \/>\nT 516121 -911<br \/>\n<span style=\"text-decoration: underline;\"><span style=\"color: #ef4030; text-decoration: underline;\"><a style=\"color: #ef4030; text-decoration: underline;\" href=\"mailto:alex.lourenco@dudelange.lu\" target=\"_blank\" rel=\"noopener\">Prendre contact<\/a><\/span><\/span><span id=\"DeltaPlaceHolderMain\"><\/span><\/p>\n<p><span id=\"DeltaPlaceHolderMain\">Andr\u00e9 PEREIRA<br \/>\nT 516121 -9490<br \/>\n<span style=\"text-decoration: underline;\"><span style=\"color: #ef4030; text-decoration: underline;\"><a style=\"color: #ef4030; text-decoration: underline;\" href=\"mailto:andre.pereira@dudelange.lu\" target=\"_blank\" rel=\"noopener\">Prendre contact<\/a><\/span><\/span><\/span><span id=\"DeltaPlaceHolderMain\"><br \/>\n<\/span><\/p>\n<p><span id=\"DeltaPlaceHolderMain\">Joao RAMALHOSO<br \/>\nService logement &#8211; Entretien des b\u00e2timents<br \/>\nT 516121 -9491<br \/>\n<span style=\"text-decoration: underline;\"><span style=\"color: #ef4030; text-decoration: underline;\"><a style=\"color: #ef4030; text-decoration: underline;\" href=\"mailto:joao.ramalhoso@dudelange.lu\" target=\"_blank\" rel=\"noopener\">Prendre contact<\/a><\/span><\/span><\/span><\/p>\n<p>&nbsp;<\/p>\n<p><span style=\"color: #ef4030;\"><strong>TECHNIQUE DES B\u00c2TIMENTS<\/strong><\/span><\/p>\n<p>7, rue de l\u2019Abattoir; L-3409 Dudelange<\/p>\n<p><span style=\"text-decoration: underline;\"><strong>Responsable service:\u00a0<\/strong><\/span><\/p>\n<p>Sven STOCKLAUSEN<br \/>\nT 516121 -925<br \/>\n<span style=\"text-decoration: underline;\"><span id=\"DeltaPlaceHolderMain\" style=\"color: #ef4030; text-decoration: underline;\"><a style=\"color: #ef4030; text-decoration: underline;\" href=\"mailto:sven.stocklausen@dudelange.lu\" target=\"_blank\" rel=\"noopener\">Prendre contact<\/a><\/span><\/span><\/p>\n<p>Christophe ZAPPONE<br \/>\nT 516121 -9390<br \/>\n<span style=\"text-decoration: underline;\"><span id=\"DeltaPlaceHolderMain\" style=\"color: #ef4030; text-decoration: underline;\"><a style=\"color: #ef4030; text-decoration: underline;\" href=\"mailto:christophe.zappone@dudelange.lu\" target=\"_blank\" rel=\"noopener\">Prendre contact<\/a><\/span><\/span><\/p>\n<p><strong><br \/>\nMissions\u00a0:<\/strong><\/p>\n<ul>\n<li>Contr\u00f4le et maintenance des installations techniques dans les b\u00e2timents communaux (chauffage et climatisation, syst\u00e8mes de ventilation, d&rsquo;a\u00e9ration et d&rsquo;extraction d&rsquo;air)<\/li>\n<li>Planification, coordination et suivi des travaux pour ces installations techniques<\/li>\n<li>Gestion des contrats d&rsquo;entretien et de maintenance : installations de chauffage et de climatisation, syst\u00e8mes de ventilation, d&rsquo;a\u00e9ration et d\u2019extraction d&rsquo;air, ascenseurs, monte-charges et autres types d&rsquo;\u00e9l\u00e9vateurs.<\/li>\n<\/ul>\n","protected":false},"excerpt":{"rendered":"<p>7, rue de l&rsquo;Abattoir; L-3409 Dudelange Missions: Entretien courant et [&hellip;]<\/p>\n","protected":false},"author":9,"featured_media":0,"parent":2203,"menu_order":0,"comment_status":"closed","ping_status":"closed","template":"","meta":{"footnotes":""},"class_list":["post-3663","page","type-page","status-publish","hentry"],"publishpress_future_action":{"enabled":false,"date":"2026-04-21 12:22:10","action":"change-status","newStatus":"draft","terms":[],"taxonomy":"","extraData":[]},"publishpress_future_workflow_manual_trigger":{"enabledWorkflows":[]},"_links":{"self":[{"href":"https:\/\/www.dudelange.lu\/index.php\/wp-json\/wp\/v2\/pages\/3663","targetHints":{"allow":["GET"]}}],"collection":[{"href":"https:\/\/www.dudelange.lu\/index.php\/wp-json\/wp\/v2\/pages"}],"about":[{"href":"https:\/\/www.dudelange.lu\/index.php\/wp-json\/wp\/v2\/types\/page"}],"author":[{"embeddable":true,"href":"https:\/\/www.dudelange.lu\/index.php\/wp-json\/wp\/v2\/users\/9"}],"replies":[{"embeddable":true,"href":"https:\/\/www.dudelange.lu\/index.php\/wp-json\/wp\/v2\/comments?post=3663"}],"version-history":[{"count":18,"href":"https:\/\/www.dudelange.lu\/index.php\/wp-json\/wp\/v2\/pages\/3663\/revisions"}],"predecessor-version":[{"id":29801,"href":"https:\/\/www.dudelange.lu\/index.php\/wp-json\/wp\/v2\/pages\/3663\/revisions\/29801"}],"up":[{"embeddable":true,"href":"https:\/\/www.dudelange.lu\/index.php\/wp-json\/wp\/v2\/pages\/2203"}],"wp:attachment":[{"href":"https:\/\/www.dudelange.lu\/index.php\/wp-json\/wp\/v2\/media?parent=3663"}],"curies":[{"name":"wp","href":"https:\/\/api.w.org\/{rel}","templated":true}]}}