{"id":3698,"date":"2021-09-20T15:45:00","date_gmt":"2021-09-20T13:45:00","guid":{"rendered":"https:\/\/dudelange.devoteamlab.lu\/?page_id=3698"},"modified":"2026-03-26T09:21:46","modified_gmt":"2026-03-26T08:21:46","slug":"maison-des-jeunes","status":"publish","type":"page","link":"https:\/\/www.dudelange.lu\/index.php\/services-communaux\/maison-des-jeunes\/","title":{"rendered":"Maison des jeunes \/ Outreach Youth Work"},"content":{"rendered":"<p>La\u00a0<strong>Maison des Jeunes\/Outreach Dudelange<\/strong>\u00a0est un lieu de rencontre de la Ville de Dudelange <strong>destin\u00e9 aux jeunes de 12 \u00e0 26 ans<\/strong>. Elle propose un encadrement p\u00e9dagogique dans le cadre de l\u2019\u00e9ducation non formelle et offre diverses activit\u00e9s favorisant le d\u00e9veloppement personnel : projets selon les centres d\u2019int\u00e9r\u00eat des jeunes, \u00e9changes, informations, conseils, activit\u00e9s sportives et artistiques, cuisine, ainsi qu\u2019un accompagnement individuel (Outreach Youth Work). La participation aux rencontres et aux activit\u00e9s est volontaire. Les jeunes peuvent entrer et sortir librement, sauf lors d\u2019activit\u00e9s structur\u00e9es, lors lesquelles ils\u00b7elles doivent rester jusqu\u2019\u00e0 la fin.<\/p>\n<p>L\u2019\u00e9quipe est compos\u00e9e d\u2019un\u00b7e chef\u00b7fe de service, d\u2019un\u00b7e charg\u00e9\u00b7e de mission pour le projet Outreach Youth Work et de trois \u00e9ducateurs\u00b7rices, parfois assist\u00e9\u00b7es par des agent\u00b7es ext\u00e9rieur\u00b7es (collaborateur\u00b7rices, \u00e9tudiant\u00b7es, stagiaires, b\u00e9n\u00e9voles*). Le b\u00e2timent est accessible uniquement pendant les heures d\u2019ouverture officielles, qui peuvent varier en fonction des activit\u00e9s et sont communiqu\u00e9es sur les r\u00e9seaux sociaux.<\/p>\n<p><span style=\"font-size: 14pt;\">*<span style=\"font-size: 12pt;\">Pour toute demande concernant les stages ou autres, vous pouvez vous adresser au service des Ressources humaines ou directement au personnel de la Maison des jeunes.<\/span><\/span><\/p>\n<p>La participation aux rencontres et aux activit\u00e9s est volontaire. Les jeunes peuvent entrer et sortir librement, sauf lors d\u2019activit\u00e9s structur\u00e9es, o\u00f9 ils\u00b7elles doivent rester jusqu\u2019\u00e0 la fin. Un r\u00e8glement interne doit \u00eatre respect\u00e9 et sign\u00e9 par les parents lors de l\u2019inscription.<\/p>\n<p><strong>Projets au cours de l\u2019ann\u00e9e :<\/strong><\/p>\n<ul>\n<li>Rencontres Indoor\/Outdoor* avec les th\u00e8mes principaux suivants :\n<ul>\n<li>activit\u00e9s g\u00e9n\u00e9rales ;<\/li>\n<li>pr\u00e9vention et collaborations ;<\/li>\n<li>sport et alimentation saine ;<\/li>\n<li>culture et artisanat ;<\/li>\n<li>visites culturelles.<\/li>\n<\/ul>\n<\/li>\n<li>Outreach Youth Work propose :\n<ul>\n<li>suivi individuel au niveau de l\u2019\u00e9cole, de la formation, du travail, etc.<\/li>\n<li>travail en r\u00e9seau, information, pr\u00e9vention<\/li>\n<\/ul>\n<\/li>\n<li>Autres acitiv\u00e9s :\n<ul>\n<li>Jugendsummer<\/li>\n<li>Tournoi de Futsal ou Football<\/li>\n<\/ul>\n<\/li>\n<\/ul>\n<p><strong>Heures d\u2019ouverture: \u200b\u200b\u200b<\/strong><\/p>\n<ul>\n<li>Lundi, mercredi, jeudi et vendredi 11h-19h<\/li>\n<li>Mardi 14h-19h<\/li>\n<li>Samedi: selon activit\u00e9s<\/li>\n<\/ul>\n<p>&nbsp;<\/p>\n<p><strong><u>Agent\u00b7es \u00e9ducatif\u00b7ves\u00a0<\/u><\/strong><\/p>\n<p><strong>Tess Malano<br \/>\n<\/strong>Responsable Maison des jeunes Dudelange<br \/>\nT\u00e9l. : 51 61 21 &#8211; 6612<br \/>\n<span style=\"text-decoration: underline;\"><span style=\"color: #ef4030;\"><a style=\"color: #ef4030; text-decoration: underline;\" href=\"mailto: tess.malano@dudelange.lu\" target=\"_blank\" rel=\"noopener\">Prendre contact<\/a><\/span><\/span><\/p>\n<p><strong>Emir Bandic<br \/>\n<\/strong>\u00c9ducateur dipl\u00f4m\u00e9 Maison des jeunes Dudelange<br \/>\nT\u00e9l.\u00a0: 51 61 21 &#8211; 6611<br \/>\n<span style=\"text-decoration: underline;\"><span style=\"color: #ef4030; text-decoration: underline;\"><a style=\"color: #ef4030; text-decoration: underline;\" href=\"mailto: emir.bandic@dudelange.lu\" target=\"_blank\" rel=\"noopener\">Prendre contact<\/a><\/span><\/span><\/p>\n<p><strong>Xavier Millim<br \/>\n<\/strong>Charg\u00e9 de mission \u00e9ducative<br \/>\nOutreach Youth Work Dudelange<br \/>\nT\u00e9l.\u00a0: 51 61 21 &#8211; 6613<br \/>\n<span style=\"text-decoration: underline;\"><span style=\"color: #ef4030; text-decoration: underline;\"><a style=\"color: #ef4030; text-decoration: underline;\" href=\"mailto: xavier.millim@dudelange.lu\" target=\"_blank\" rel=\"noopener\">Prendre contact<\/a><\/span><\/span><\/p>\n<p><strong>Ilid\u00cco Machado Martins<br \/>\n<\/strong>\u00c9ducateur dipl\u00f4m\u00e9 Maison des jeunes Dudelange<br \/>\nT\u00e9l.\u00a0: 51 61 21 &#8211; 6614<br \/>\n<span style=\"text-decoration: underline;\"><span style=\"color: #ef4030; text-decoration: underline;\"><a style=\"color: #ef4030; text-decoration: underline;\" href=\"mailto: ilidio.martins@dudelange.lu\" target=\"_blank\" rel=\"noopener\">Prendre contact<\/a><\/span><\/span><\/p>\n<p><strong>Maxi Fries<br \/>\n<\/strong>\u00c9ducatrice dipl\u00f4m\u00e9e Maison des jeunes Dudelange<br \/>\nT\u00e9l.\u00a0: 51 61 21 &#8211; 6614<br \/>\n<span style=\"text-decoration: underline;\"><span style=\"color: #ef4030;\"><a style=\"color: #ef4030; text-decoration: underline;\" href=\"mailto: maxi.fries@dudelange.lu\" target=\"_blank\" rel=\"noopener\">Prendre contact<\/a><\/span><\/span><\/p>\n<p>&nbsp;<\/p>\n<p><strong>Contact<\/strong><br \/>\n2 rue du Parc, L-3542 Dudelange<br \/>\nT 516121 -6616<br \/>\n<span style=\"text-decoration: underline;\"><span style=\"color: #ef4030; text-decoration: underline;\"><a style=\"color: #ef4030; text-decoration: underline;\" href=\"mailto:Jugendhaus@dudelange.lu\" target=\"_blank\" rel=\"noopener\">Jugendhaus@dudelange.lu<\/a><\/span><\/span><\/p>\n<p>&nbsp;<\/p>\n<p><strong>Social media\u00a0: <\/strong><\/p>\n<p>Facebook : <span style=\"text-decoration: underline;\"><span style=\"color: #ef4030; text-decoration: underline;\"><a style=\"color: #ef4030; text-decoration: underline;\" href=\"https:\/\/www.facebook.com\/profile.php?id=100094224091450\" target=\"_blank\" rel=\"noopener\">Jugendhaus Diddeleng<\/a><\/span><\/span><br \/>\nInstagram :\u00a0<span style=\"text-decoration: underline;\"><span style=\"color: #ef4030; text-decoration: underline;\"><a style=\"color: #ef4030; text-decoration: underline;\" href=\"https:\/\/www.instagram.com\/jugendhaus_diddeleng\/?hl=de\" target=\"_blank\" rel=\"noopener\">jugendhaus_diddeleng<\/a><\/span><\/span><br \/>\nTiktok : \u00a0<span style=\"text-decoration: underline;\"><span style=\"color: #ef4030;\"><a style=\"color: #ef4030; text-decoration: underline;\" href=\"https:\/\/www.tiktok.com\/@jugendhaus_diddeleng?_r=1&amp;_t=ZN-950RJtVAPiA\" target=\"_blank\" rel=\"noopener\">jugendhaus_diddeleng<\/a><\/span><\/span><\/p>\n","protected":false},"excerpt":{"rendered":"<p>La\u00a0Maison des Jeunes\/Outreach Dudelange\u00a0est un lieu de rencontre de la [&hellip;]<\/p>\n","protected":false},"author":9,"featured_media":0,"parent":2203,"menu_order":0,"comment_status":"closed","ping_status":"closed","template":"","meta":{"footnotes":""},"class_list":["post-3698","page","type-page","status-publish","hentry"],"publishpress_future_action":{"enabled":false,"date":"2026-05-17 19:39:10","action":"change-status","newStatus":"draft","terms":[],"taxonomy":"","extraData":[]},"publishpress_future_workflow_manual_trigger":{"enabledWorkflows":[]},"_links":{"self":[{"href":"https:\/\/www.dudelange.lu\/index.php\/wp-json\/wp\/v2\/pages\/3698","targetHints":{"allow":["GET"]}}],"collection":[{"href":"https:\/\/www.dudelange.lu\/index.php\/wp-json\/wp\/v2\/pages"}],"about":[{"href":"https:\/\/www.dudelange.lu\/index.php\/wp-json\/wp\/v2\/types\/page"}],"author":[{"embeddable":true,"href":"https:\/\/www.dudelange.lu\/index.php\/wp-json\/wp\/v2\/users\/9"}],"replies":[{"embeddable":true,"href":"https:\/\/www.dudelange.lu\/index.php\/wp-json\/wp\/v2\/comments?post=3698"}],"version-history":[{"count":20,"href":"https:\/\/www.dudelange.lu\/index.php\/wp-json\/wp\/v2\/pages\/3698\/revisions"}],"predecessor-version":[{"id":30291,"href":"https:\/\/www.dudelange.lu\/index.php\/wp-json\/wp\/v2\/pages\/3698\/revisions\/30291"}],"up":[{"embeddable":true,"href":"https:\/\/www.dudelange.lu\/index.php\/wp-json\/wp\/v2\/pages\/2203"}],"wp:attachment":[{"href":"https:\/\/www.dudelange.lu\/index.php\/wp-json\/wp\/v2\/media?parent=3698"}],"curies":[{"name":"wp","href":"https:\/\/api.w.org\/{rel}","templated":true}]}}