{"id":3786,"date":"2021-09-20T16:49:14","date_gmt":"2021-09-20T14:49:14","guid":{"rendered":"https:\/\/dudelange.devoteamlab.lu\/?page_id=3786"},"modified":"2021-10-14T09:26:07","modified_gmt":"2021-10-14T07:26:07","slug":"pistes-equestres","status":"publish","type":"page","link":"https:\/\/www.dudelange.lu\/index.php\/pistes-equestres\/","title":{"rendered":"Pistes \u00e9questres"},"content":{"rendered":"<p>D\u00e9part: Frankelach, Rue Reiteschkopp (Quartier Italie)<\/p>\n<p>Un r\u00e9seau de pistes \u00e9questres d&rsquo;environ 26 km a \u00e9t\u00e9 am\u00e9nag\u00e9 dans la r\u00e9serve naturelle Haard.<br \/>\nCes pistes sont balis\u00e9es sur le terrain.<\/p>\n<p><span style=\"text-decoration: underline;\"><span style=\"color: #ef4030;\"><a style=\"color: #ef4030; text-decoration: underline;\" href=\"https:\/\/environnement.public.lu\/dam-assets\/fr\/conserv_nature\/publications\/Naturschutzgebiet_reserve_naturelle_Haard-Hesselsbierg-Staebierg\/Naturschutzgebiet_R__serve_naturelle_Haard-Hesselbierg-Staebierg.pdf\" target=\"_blank\" rel=\"noopener\">Plus d\u2019infos<\/a><\/span><\/span><\/p>\n","protected":false},"excerpt":{"rendered":"<p>D\u00e9part: Frankelach, Rue Reiteschkopp (Quartier Italie) Un r\u00e9seau de pistes [&hellip;]<\/p>\n","protected":false},"author":8,"featured_media":3787,"parent":0,"menu_order":0,"comment_status":"closed","ping_status":"closed","template":"","meta":{"footnotes":""},"class_list":["post-3786","page","type-page","status-publish","has-post-thumbnail","hentry"],"publishpress_future_action":{"enabled":false,"date":"2026-04-21 09:41:05","action":"change-status","newStatus":"draft","terms":[],"taxonomy":"","extraData":[]},"publishpress_future_workflow_manual_trigger":{"enabledWorkflows":[]},"_links":{"self":[{"href":"https:\/\/www.dudelange.lu\/index.php\/wp-json\/wp\/v2\/pages\/3786","targetHints":{"allow":["GET"]}}],"collection":[{"href":"https:\/\/www.dudelange.lu\/index.php\/wp-json\/wp\/v2\/pages"}],"about":[{"href":"https:\/\/www.dudelange.lu\/index.php\/wp-json\/wp\/v2\/types\/page"}],"author":[{"embeddable":true,"href":"https:\/\/www.dudelange.lu\/index.php\/wp-json\/wp\/v2\/users\/8"}],"replies":[{"embeddable":true,"href":"https:\/\/www.dudelange.lu\/index.php\/wp-json\/wp\/v2\/comments?post=3786"}],"version-history":[{"count":7,"href":"https:\/\/www.dudelange.lu\/index.php\/wp-json\/wp\/v2\/pages\/3786\/revisions"}],"predecessor-version":[{"id":5484,"href":"https:\/\/www.dudelange.lu\/index.php\/wp-json\/wp\/v2\/pages\/3786\/revisions\/5484"}],"wp:featuredmedia":[{"embeddable":true,"href":"https:\/\/www.dudelange.lu\/index.php\/wp-json\/wp\/v2\/media\/3787"}],"wp:attachment":[{"href":"https:\/\/www.dudelange.lu\/index.php\/wp-json\/wp\/v2\/media?parent=3786"}],"curies":[{"name":"wp","href":"https:\/\/api.w.org\/{rel}","templated":true}]}}