{"id":3869,"date":"2021-09-22T13:10:09","date_gmt":"2021-09-22T11:10:09","guid":{"rendered":"https:\/\/dudelange.devoteamlab.lu\/?page_id=3869"},"modified":"2022-06-15T13:05:25","modified_gmt":"2022-06-15T11:05:25","slug":"service-de-mediation","status":"publish","type":"page","link":"https:\/\/www.dudelange.lu\/index.php\/service-de-mediation\/","title":{"rendered":"Service de m\u00e9diation"},"content":{"rendered":"<p>La m\u00e9diation peut vous aider en cas de conflit de voisinage, de conflit entre locataires et propri\u00e9taires ou de conflit de la vie courante que vous d\u00e9sirez r\u00e9soudre \u00e0 l\u2019amiable. La m\u00e9diation est une d\u00e9marche volontaire et offre un espace neutre d\u2019\u00e9change, d\u2019\u00e9coute et de parole. Elle vise \u00e0 \u00e9tablir ou r\u00e9tablir la communication entre les personnes en conflit et permet de trouver une solution satisfaisante pour chacun. Un m\u00e9diateur neutre et impartial est pr\u00e9sent pour vous aider et vous guider dans votre d\u00e9marche. \u200b<\/p>\n<p>La m\u00e9diation peut se d\u00e9rouler en diff\u00e9rentes langues : luxembourgeois, fran\u00e7ais, allemand, portugais, anglais, italien, espagnol et russe.<\/p>\n<p>Vous pouvez laisser un message sur le r\u00e9pondeur: T 516121 -700<br \/>\nou envoyer un e-mail: <span style=\"text-decoration: underline;\"><span style=\"color: #ef4030;\"><a style=\"color: #ef4030; text-decoration: underline;\" href=\"mailto:mediation@dudelange.lu\" target=\"_blank\" rel=\"noopener\">mediation@dudelange.lu<\/a><\/span><\/span><\/p>\n<p>[PDF] <span style=\"text-decoration: underline;\"><span style=\"color: #ef4030;\"><a style=\"color: #ef4030; text-decoration: underline;\" href=\"https:\/\/sadudelangedata.blob.core.windows.net\/files\/2022\/06\/brochure-mediation-2022-web.pdf\" target=\"_blank\" rel=\"noopener\">Brochure M\u00e9diation Dudelange 2022<\/a><\/span><\/span><\/p>\n","protected":false},"excerpt":{"rendered":"<p>La m\u00e9diation peut vous aider en cas de conflit de [&hellip;]<\/p>\n","protected":false},"author":10,"featured_media":3870,"parent":0,"menu_order":0,"comment_status":"closed","ping_status":"closed","template":"","meta":{"footnotes":""},"class_list":["post-3869","page","type-page","status-publish","has-post-thumbnail","hentry"],"publishpress_future_action":{"enabled":false,"date":"2026-05-06 23:20:38","action":"change-status","newStatus":"draft","terms":[],"taxonomy":"","extraData":[]},"publishpress_future_workflow_manual_trigger":{"enabledWorkflows":[]},"_links":{"self":[{"href":"https:\/\/www.dudelange.lu\/index.php\/wp-json\/wp\/v2\/pages\/3869","targetHints":{"allow":["GET"]}}],"collection":[{"href":"https:\/\/www.dudelange.lu\/index.php\/wp-json\/wp\/v2\/pages"}],"about":[{"href":"https:\/\/www.dudelange.lu\/index.php\/wp-json\/wp\/v2\/types\/page"}],"author":[{"embeddable":true,"href":"https:\/\/www.dudelange.lu\/index.php\/wp-json\/wp\/v2\/users\/10"}],"replies":[{"embeddable":true,"href":"https:\/\/www.dudelange.lu\/index.php\/wp-json\/wp\/v2\/comments?post=3869"}],"version-history":[{"count":8,"href":"https:\/\/www.dudelange.lu\/index.php\/wp-json\/wp\/v2\/pages\/3869\/revisions"}],"predecessor-version":[{"id":17401,"href":"https:\/\/www.dudelange.lu\/index.php\/wp-json\/wp\/v2\/pages\/3869\/revisions\/17401"}],"wp:featuredmedia":[{"embeddable":true,"href":"https:\/\/www.dudelange.lu\/index.php\/wp-json\/wp\/v2\/media\/3870"}],"wp:attachment":[{"href":"https:\/\/www.dudelange.lu\/index.php\/wp-json\/wp\/v2\/media?parent=3869"}],"curies":[{"name":"wp","href":"https:\/\/api.w.org\/{rel}","templated":true}]}}