{"id":3874,"date":"2021-09-22T13:16:14","date_gmt":"2021-09-22T11:16:14","guid":{"rendered":"https:\/\/dudelange.devoteamlab.lu\/?page_id=3874"},"modified":"2025-06-04T13:17:43","modified_gmt":"2025-06-04T11:17:43","slug":"service-logement","status":"publish","type":"page","link":"https:\/\/www.dudelange.lu\/index.php\/service-logement\/","title":{"rendered":"Service logement"},"content":{"rendered":"<p>Maison sociale<br \/>\n27 rue du Commerce, L-3450 Dudelange<\/p>\n<p>\u200b\u200bMissions:<\/p>\n<ul>\n<li>Accueil des demandeurs de logement abordable<\/li>\n<li>Information et guidance pour demandeurs-locataires, candidats-locataires et locataires<\/li>\n<li>Guidance au sujet des questions sur le logement pour les citoyens de Dudelange<\/li>\n<li>Gestion administrative et technique des logements abordables et sociaux<\/li>\n<li>Gestion des logements d&rsquo;urgence<\/li>\n<li>Suivi des expulsions<\/li>\n<li>Visite de logements locatifs<\/li>\n<\/ul>\n<p>&nbsp;<\/p>\n<p><strong>Documents \u00e0 t\u00e9l\u00e9charger:<\/strong><\/p>\n<p><span style=\"color: #ef4030;\"><span style=\"color: #000000;\">[PDF]<\/span>\u00a0<\/span><span style=\"text-decoration: underline;\"><span style=\"color: #ef4030; text-decoration: underline;\"><a style=\"color: #ef4030; text-decoration: underline;\" href=\"https:\/\/sadudelangedata.blob.core.windows.net\/files\/2022\/01\/Demande-service-logement-003.pdf\" target=\"_blank\" rel=\"noopener\">Formulaire dema<\/a><\/span><\/span><span style=\"text-decoration: underline;\"><span style=\"color: #ef4030; text-decoration: underline;\"><a style=\"color: #ef4030; text-decoration: underline;\" href=\"https:\/\/sadudelangedata.blob.core.windows.net\/files\/2022\/01\/Demande-service-logement-003.pdf\" target=\"_blank\" rel=\"noopener\">nde de logement<\/a><\/span><\/span><span style=\"color: #ef4030;\"><a style=\"color: #ef4030; text-decoration: underline;\" href=\"https:\/\/sadudelangedata.blob.core.windows.net\/files\/2022\/01\/Demande-service-logement-003.pdf\" target=\"_blank\" rel=\"noopener\"> social<\/a><br \/>\n<span style=\"color: #000000;\">[PDF] <span style=\"text-decoration: underline;\"><span style=\"color: #ef4030; text-decoration: underline;\"><a style=\"color: #ef4030; text-decoration: underline;\" href=\"https:\/\/sadudelangedata.blob.core.windows.net\/files\/2025\/06\/formulaire-demande-aide-au-logement_fr.pdf\" target=\"_blank\" rel=\"noopener\">Formulaire demande en obtention d\u2019aides au logement FR<\/a><br \/>\n<\/span><\/span><span style=\"color: #ef4030;\"><span style=\"color: #000000;\">[PDF] <span style=\"text-decoration: underline;\"><span style=\"color: #ef4030; text-decoration: underline;\"><a style=\"color: #ef4030; text-decoration: underline;\" href=\"https:\/\/sadudelangedata.blob.core.windows.net\/files\/2025\/06\/formulaire-demande-aide-au-logement_de.pdf\" target=\"_blank\" rel=\"noopener\">Formular zum Anfragen von finanziellen Beihilfen DE<\/a><\/span><\/span><br \/>\n<\/span><\/span><\/span><\/span><\/p>\n<p><strong><span style=\"color: #ef4030;\"><span style=\"color: #000000;\">Liens sites internet:<\/span> <\/span><\/strong><\/p>\n<p><span style=\"color: #ef4030;\"><a style=\"color: #ef4030;\" href=\"https:\/\/www.dudelange.lu\/index.php\/services-communaux\/logement\/\" target=\"_blank\" rel=\"noopener\"><span style=\"text-decoration: underline;\">Service logement<\/span><\/a><\/span><\/p>\n<p><span style=\"text-decoration: underline;\"><span style=\"color: #ef4030; text-decoration: underline;\"><a style=\"color: #ef4030; text-decoration: underline;\" href=\"https:\/\/wunnenzudiddeleng.lu\/fr\/\" target=\"_blank\" rel=\"noopener\">Wunnen zu Diddeleng \/ Habiter \u00e0 Dudelange<\/a><\/span><\/span><\/p>\n","protected":false},"excerpt":{"rendered":"<p>Maison sociale 27 rue du Commerce, L-3450 Dudelange \u200b\u200bMissions: Accueil [&hellip;]<\/p>\n","protected":false},"author":10,"featured_media":3800,"parent":0,"menu_order":0,"comment_status":"closed","ping_status":"closed","template":"","meta":{"footnotes":""},"class_list":["post-3874","page","type-page","status-publish","has-post-thumbnail","hentry"],"publishpress_future_action":{"enabled":false,"date":"2026-05-03 13:46:42","action":"change-status","newStatus":"draft","terms":[],"taxonomy":"","extraData":[]},"publishpress_future_workflow_manual_trigger":{"enabledWorkflows":[]},"_links":{"self":[{"href":"https:\/\/www.dudelange.lu\/index.php\/wp-json\/wp\/v2\/pages\/3874","targetHints":{"allow":["GET"]}}],"collection":[{"href":"https:\/\/www.dudelange.lu\/index.php\/wp-json\/wp\/v2\/pages"}],"about":[{"href":"https:\/\/www.dudelange.lu\/index.php\/wp-json\/wp\/v2\/types\/page"}],"author":[{"embeddable":true,"href":"https:\/\/www.dudelange.lu\/index.php\/wp-json\/wp\/v2\/users\/10"}],"replies":[{"embeddable":true,"href":"https:\/\/www.dudelange.lu\/index.php\/wp-json\/wp\/v2\/comments?post=3874"}],"version-history":[{"count":24,"href":"https:\/\/www.dudelange.lu\/index.php\/wp-json\/wp\/v2\/pages\/3874\/revisions"}],"predecessor-version":[{"id":27766,"href":"https:\/\/www.dudelange.lu\/index.php\/wp-json\/wp\/v2\/pages\/3874\/revisions\/27766"}],"wp:featuredmedia":[{"embeddable":true,"href":"https:\/\/www.dudelange.lu\/index.php\/wp-json\/wp\/v2\/media\/3800"}],"wp:attachment":[{"href":"https:\/\/www.dudelange.lu\/index.php\/wp-json\/wp\/v2\/media?parent=3874"}],"curies":[{"name":"wp","href":"https:\/\/api.w.org\/{rel}","templated":true}]}}