{"id":3901,"date":"2021-09-22T14:09:50","date_gmt":"2021-09-22T12:09:50","guid":{"rendered":"https:\/\/dudelange.devoteamlab.lu\/?page_id=3901"},"modified":"2025-02-18T15:05:33","modified_gmt":"2025-02-18T14:05:33","slug":"infrastructures","status":"publish","type":"page","link":"https:\/\/www.dudelange.lu\/index.php\/infrastructures\/","title":{"rendered":"Infrastructures"},"content":{"rendered":"<p><strong>CIPA \u2013 maison de soins<\/strong><\/p>\n<p>Le CIPA \u00ab Grand-Duc Jean \u00bb est un centre d\u2019h\u00e9bergement pour personnes \u00e2g\u00e9es qui peut accueillir jusqu&rsquo;\u00e0 200 seniors. Il se situe \u00e0 Dudelange, dans le quartier verdoyant de Burange, \u00e0 proximit\u00e9 du parc Le\u2019h. Offrant une architecture r\u00e9solument moderne, le b\u00e2timent se divise en deux ailes reli\u00e9es par un atrium vitr\u00e9 aux formes g\u00e9om\u00e9triques. Un programme d\u2019activit\u00e9s riche et vari\u00e9 tout comme une cuisine de grande qualit\u00e9 compl\u00e8tent la palette des services offerts.<\/p>\n<p>CIPA<strong><br \/>\n<\/strong>9, rue Pierre Dupong L-3449 Dudelange<br \/>\nT 518787 &#8211; 1<br \/>\n<a style=\"color: #ef4030; text-decoration: underline;\" href=\"mailto:cipa.grand-duc-jean@servior.lu\" target=\"_blank\" rel=\"noopener\">cipa.grand-duc-jean@servior.lu<\/a><br \/>\n<span style=\"text-decoration: underline;\"><span style=\"color: #ef4030; text-decoration: underline;\"><a style=\"color: #ef4030; text-decoration: underline;\" href=\"http:\/\/www.servior.lu\/fr\/site\/services_sites_cipa_dudelange\/\" target=\"_blank\" rel=\"noopener\">www.servior.lu<\/a><\/span><\/span><\/p>\n<p>&nbsp;<\/p>\n<p><strong>Centre de jour Croix-Rouge<\/strong><\/p>\n<p>Les centres psycho-g\u00e9riatriques proposent un encadrement de jour dans un milieu de vie adapt\u00e9 aux besoins sp\u00e9cifiques des personnes d\u00e9pendantes. Ainsi, les prestations sont multiples et comprennent notamment les prestations d\u2019aides et de soins, les activit\u00e9s de soutien individuel ou en groupe, des mesures th\u00e9rapeutiques, ainsi que les repas et des activit\u00e9s de loisirs. \u200b<\/p>\n<p>Centre de jour Croix-Rouge<br \/>\n150 rue de la Lib\u00e9ration, L-3511 Dudelange<br \/>\nT 27 55 -3150<br \/>\n<span style=\"text-decoration: underline;\"><span style=\"color: #ef4030;\"><a style=\"color: #ef4030; text-decoration: underline;\" href=\"mailto:dudelange.croix-rouge@help.lu\" target=\"_blank\" rel=\"noopener\">dudelange.croix-rouge@help.lu<\/a><br \/>\n<\/span><\/span><span style=\"text-decoration: underline;\"><span style=\"color: #ef4030; text-decoration: underline;\"><a style=\"color: #ef4030; text-decoration: underline;\" href=\"http:\/\/www.croix-rouge.lu\" target=\"_blank\" rel=\"noopener\">www.croix-rouge.lu<\/a><\/span><\/span><\/p>\n<p>&nbsp;<\/p>\n<p><strong>Foyer de Jour Villa Reebou (Alzheimer)<\/strong><\/p>\n<p>Les foyers de jour de l\u2019Association Luxembourg Alzheimer offrent aux personnes atteintes de d\u00e9mence une prise en charge journali\u00e8re dans un environnement sp\u00e9cialement adapt\u00e9 \u00e0 leur maladie. Le but de cet accueil de jour est de pr\u00e9server et stimuler les comp\u00e9tences du malade, de ralentir le processus de d\u00e9clin engendr\u00e9 par la maladie et, de cette fa\u00e7on, de renforcer l&rsquo;autonomie de nos visiteurs. Ces foyers de jour fonctionnent selon le mod\u00e8le d&rsquo;accompagnement global de l&rsquo;ala.<\/p>\n<p>Association Luxembourg Alzheimer<br \/>\n104, rue de l&rsquo;H\u00f4pital L-3488 Dudelange<br \/>\nT 26 00 73 60<br \/>\n<span style=\"text-decoration: underline;\"><span style=\"color: #ef4030; text-decoration: underline;\"><a style=\"color: #ef4030; text-decoration: underline;\" href=\"mailto:foyer.dudelange@alzheimer.lu\" target=\"_blank\" rel=\"noopener\">foyer.dudelange@alzheimer.lu<\/a><br \/>\n<\/span><\/span><span style=\"text-decoration: underline;\"><span style=\"color: #ef4030; text-decoration: underline;\"><a style=\"color: #ef4030; text-decoration: underline;\" href=\"http:\/\/www.ala.lu\" target=\"_blank\" rel=\"noopener\">www.ala.lu<\/a><\/span><\/span><\/p>\n<p>&nbsp;<\/p>\n<p><strong>H\u00f4pital CHEM &#8211; G\u00e9riatrie<\/strong><\/p>\n<p>Enti\u00e8rement r\u00e9nov\u00e9 entre 2009 et 2011, le CHEM \u2013 site Dudelange qui dispose d\u2019une capacit\u00e9 de 50 lits h\u00e9berge les services de G\u00e9riatrie aigu\u00eb, R\u00e9\u00e9ducation g\u00e9riatrique, Revalidation neuro-vasculaire, l\u2019h\u00f4pital de jour de r\u00e9\u00e9ducation g\u00e9riatrique et la Policlinique, comprenant 7 salles d\u2019examen. La prise en charge des patients \u00e2g\u00e9s y est assur\u00e9e par une \u00e9quipe multidisciplinaire, comprenant notamment les kin\u00e9sith\u00e9rapeutes, les ergoth\u00e9rapeutes, les assistantes sociales, les di\u00e9t\u00e9ticiennes, l\u2019orthophoniste, les neuropsychologues et derni\u00e8rement un service d\u2019animation.<\/p>\n<p>La prise en charge des patients hospitalis\u00e9s poursuit l\u2019objectif de lutter contre une diminution des capacit\u00e9s fonctionnelles gr\u00e2ce \u00e0 des mesures de r\u00e9\u00e9ducation et de r\u00e9adaptations fonctionnelles pour obtenir un retour du patient dans son milieu social pr\u00e9c\u00e9dent dans des conditions de s\u00e9curit\u00e9 et de qualit\u00e9 de vie satisfaisantes pour la personne et son entourage. En cas de besoin, l\u2019\u00e9quipe peut orienter le patient vers une structure la plus adapt\u00e9e en tenant compte de son handicap, de ses d\u00e9sirs et ceux de sa famille.<\/p>\n<p>CHEM<br \/>\nRue de l\u2019H\u00f4pital L-3488 Dudelange<br \/>\nT 5711-1<br \/>\n<span style=\"text-decoration: underline;\"><span style=\"color: #ef4030; text-decoration: underline;\"><a style=\"color: #ef4030; text-decoration: underline;\" href=\"https:\/\/www.chem.lu\/le-chem\/sites-hospitaliers\/dudelange\" target=\"_blank\" rel=\"noopener\">CHEM-Site Dudelange<\/a><\/span><\/span><\/p>\n<p>&nbsp;<\/p>\n","protected":false},"excerpt":{"rendered":"<p>CIPA \u2013 maison de soins Le CIPA \u00ab Grand-Duc Jean [&hellip;]<\/p>\n","protected":false},"author":10,"featured_media":3913,"parent":0,"menu_order":0,"comment_status":"closed","ping_status":"closed","template":"","meta":{"footnotes":""},"class_list":["post-3901","page","type-page","status-publish","has-post-thumbnail","hentry"],"publishpress_future_action":{"enabled":false,"date":"2026-04-12 17:23:25","action":"change-status","newStatus":"draft","terms":[],"taxonomy":"","extraData":[]},"publishpress_future_workflow_manual_trigger":{"enabledWorkflows":[]},"_links":{"self":[{"href":"https:\/\/www.dudelange.lu\/index.php\/wp-json\/wp\/v2\/pages\/3901","targetHints":{"allow":["GET"]}}],"collection":[{"href":"https:\/\/www.dudelange.lu\/index.php\/wp-json\/wp\/v2\/pages"}],"about":[{"href":"https:\/\/www.dudelange.lu\/index.php\/wp-json\/wp\/v2\/types\/page"}],"author":[{"embeddable":true,"href":"https:\/\/www.dudelange.lu\/index.php\/wp-json\/wp\/v2\/users\/10"}],"replies":[{"embeddable":true,"href":"https:\/\/www.dudelange.lu\/index.php\/wp-json\/wp\/v2\/comments?post=3901"}],"version-history":[{"count":13,"href":"https:\/\/www.dudelange.lu\/index.php\/wp-json\/wp\/v2\/pages\/3901\/revisions"}],"predecessor-version":[{"id":26863,"href":"https:\/\/www.dudelange.lu\/index.php\/wp-json\/wp\/v2\/pages\/3901\/revisions\/26863"}],"wp:featuredmedia":[{"embeddable":true,"href":"https:\/\/www.dudelange.lu\/index.php\/wp-json\/wp\/v2\/media\/3913"}],"wp:attachment":[{"href":"https:\/\/www.dudelange.lu\/index.php\/wp-json\/wp\/v2\/media?parent=3901"}],"curies":[{"name":"wp","href":"https:\/\/api.w.org\/{rel}","templated":true}]}}