{"id":3984,"date":"2021-09-23T08:49:33","date_gmt":"2021-09-23T06:49:33","guid":{"rendered":"https:\/\/dudelange.devoteamlab.lu\/?page_id=3984"},"modified":"2023-01-12T14:32:59","modified_gmt":"2023-01-12T13:32:59","slug":"mont-st-jean","status":"publish","type":"page","link":"https:\/\/www.dudelange.lu\/index.php\/mont-st-jean\/","title":{"rendered":"Mont St-Jean"},"content":{"rendered":"<p>Une promenade en pleine for\u00eat m\u00e8ne au sommet du Mont St-Jean o\u00f9 les visiteurs peuvent d\u00e9couvrir les ruines du ch\u00e2teau en partie restaur\u00e9es. Des panneaux didactiques informent sur l&rsquo;histoire du Mont St-Jean (Gehaansbierg\/Johannisberg) et sur l&rsquo;architecture des lieux. Ouvert toute l\u2019ann\u00e9e, entr\u00e9e gratuite.<br \/>\nD\u00e9part: Rue du Ch\u00e2teau Fort<\/p>\n<p>La tour panoramique est ouverte du 1er mai au 30 septembre de lundi \u00e0 vendredi de 7h-19h et le weekend de 10h-19h. Du 1er octobre au 30 avril elle est accessible au public sur demande:\u00a0 T 516121 -213.<\/p>\n<p>Le <a href=\"https:\/\/www.dudelange.lu\/index.php\/musee-municipal\/\" target=\"_blank\" rel=\"noopener\"><span style=\"text-decoration: underline;\"><span style=\"color: #ef4030; text-decoration: underline;\">mus\u00e9e municipal<\/span><\/span><\/a> abrite une collection d&rsquo;objets historiques pr\u00e9cieux qui provient en partie des fouilles arch\u00e9ologiques effectu\u00e9es sur le Mont Saint Jean.<\/p>\n<p><strong>Plus d&rsquo;infos<\/strong><\/p>\n<ul>\n<li>[PDF] <span style=\"text-decoration: underline;\"><span style=\"color: #ef4030;\"><a style=\"color: #ef4030; text-decoration: underline;\" href=\"https:\/\/sadudelangedata.blob.core.windows.net\/files\/2021\/09\/614b3a1a23a87-614b3a1a23a88association-des-chateaux-flyer.pdf.pdf\" target=\"_blank\" rel=\"noopener\">D\u00e9pliant Association des ch\u00e2teaux luxembourgeois<\/a><\/span><\/span><\/li>\n<li>[PDF] <span style=\"text-decoration: underline;\"><span style=\"color: #ef4030;\"><a style=\"color: #ef4030; text-decoration: underline;\" href=\"https:\/\/sadudelangedata.blob.core.windows.net\/files\/2021\/09\/614b3902779bb-614b3902779bcMont-St-Jean-Plan.pdf.pdf\" target=\"_blank\" rel=\"noopener\">Plan Mont St-Jean<\/a><\/span><\/span><\/li>\n<li>[PDF] <span style=\"text-decoration: underline;\"><span style=\"color: #ef4030;\"><a style=\"color: #ef4030; text-decoration: underline;\" href=\"https:\/\/sadudelangedata.blob.core.windows.net\/files\/2021\/09\/614b3b9491e3d-614b3b9491e3eClasseur1.pdf.pdf\" target=\"_blank\" rel=\"noopener\">Sentier narratif de Boudersberg<\/a><\/span><\/span><\/li>\n<li>[PDF] <span style=\"text-decoration: underline;\"><span style=\"color: #ef4030;\"><a style=\"color: #ef4030; text-decoration: underline;\" href=\"https:\/\/sadudelangedata.blob.core.windows.net\/files\/2021\/09\/614b38344878a-614b38344878bJohannisberg.pdf.pdf\" target=\"_blank\" rel=\"noopener\">Der Johannisberg bei D\u00fcdelingen &#8211; Touristischer F\u00fchrer zu einer historischen St\u00e4tte<\/a><\/span><\/span><\/li>\n<li>[PDF] <span style=\"text-decoration: underline;\"><span style=\"color: #ef4030;\"><a style=\"color: #ef4030; text-decoration: underline;\" href=\"https:\/\/sadudelangedata.blob.core.windows.net\/files\/2021\/09\/614b38b8ac3bb-614b38b8ac3bcEhrenfriedhof-Johannisberg.pdf.pdf\" target=\"_blank\" rel=\"noopener\">Der Ehrenfriedhof Johannisberg<\/a><\/span><\/span><\/li>\n<\/ul>\n<p>&nbsp;<\/p>\n<p><iframe style=\"border: 0;\" src=\"https:\/\/map.geoportail.lu\/theme\/main?version=3&amp;bgLayer=basemap_2015_global&amp;zoom=15&amp;X=674709&amp;Y=6358328&amp;layers=206&amp;opacities=1&amp;pk_campaign=geoseo_data&amp;lang=fr&amp;rotation=0&amp;crosshair=true&amp;embedded=true\" width=\"600\" height=\"450\" frameborder=\"0\"><\/iframe><\/p>\n","protected":false},"excerpt":{"rendered":"<p>Une promenade en pleine for\u00eat m\u00e8ne au sommet du Mont [&hellip;]<\/p>\n","protected":false},"author":10,"featured_media":3394,"parent":0,"menu_order":0,"comment_status":"closed","ping_status":"closed","template":"","meta":{"footnotes":""},"class_list":["post-3984","page","type-page","status-publish","has-post-thumbnail","hentry"],"publishpress_future_action":{"enabled":false,"date":"2026-04-23 11:13:23","action":"change-status","newStatus":"draft","terms":[],"taxonomy":"","extraData":[]},"publishpress_future_workflow_manual_trigger":{"enabledWorkflows":[]},"_links":{"self":[{"href":"https:\/\/www.dudelange.lu\/index.php\/wp-json\/wp\/v2\/pages\/3984","targetHints":{"allow":["GET"]}}],"collection":[{"href":"https:\/\/www.dudelange.lu\/index.php\/wp-json\/wp\/v2\/pages"}],"about":[{"href":"https:\/\/www.dudelange.lu\/index.php\/wp-json\/wp\/v2\/types\/page"}],"author":[{"embeddable":true,"href":"https:\/\/www.dudelange.lu\/index.php\/wp-json\/wp\/v2\/users\/10"}],"replies":[{"embeddable":true,"href":"https:\/\/www.dudelange.lu\/index.php\/wp-json\/wp\/v2\/comments?post=3984"}],"version-history":[{"count":12,"href":"https:\/\/www.dudelange.lu\/index.php\/wp-json\/wp\/v2\/pages\/3984\/revisions"}],"predecessor-version":[{"id":19366,"href":"https:\/\/www.dudelange.lu\/index.php\/wp-json\/wp\/v2\/pages\/3984\/revisions\/19366"}],"wp:featuredmedia":[{"embeddable":true,"href":"https:\/\/www.dudelange.lu\/index.php\/wp-json\/wp\/v2\/media\/3394"}],"wp:attachment":[{"href":"https:\/\/www.dudelange.lu\/index.php\/wp-json\/wp\/v2\/media?parent=3984"}],"curies":[{"name":"wp","href":"https:\/\/api.w.org\/{rel}","templated":true}]}}