{"id":3992,"date":"2021-09-23T09:03:29","date_gmt":"2021-09-23T07:03:29","guid":{"rendered":"https:\/\/dudelange.devoteamlab.lu\/?page_id=3992"},"modified":"2025-06-11T15:53:50","modified_gmt":"2025-06-11T13:53:50","slug":"aire-campingcars","status":"publish","type":"page","link":"https:\/\/www.dudelange.lu\/index.php\/aire-campingcars\/","title":{"rendered":"Aire pour camping-cars"},"content":{"rendered":"<p>Quartier Italie, Rue Reiteschkopp<\/p>\n<p>&nbsp;<\/p>\n<p><strong>Aire pour camping-cars (uniquement sur r\u00e9servation)<\/strong><\/p>\n<p style=\"font-weight: 400;\">Aire de service pour\u00a0<b><strong>10 camping-cars<\/strong><\/b>\u00a0avec possibilit\u00e9 de vidanger les r\u00e9servoirs d\u2019eau us\u00e9es. L\u2019utilisation est r\u00e9serv\u00e9e aux camping-cars ne d\u00e9passant pas un\u00a0<b><strong>poids total maximum\u00a0autoris\u00e9 de 5 tonnes.<\/strong><\/b>\u00a0Les utilisateur\u00b7rices autoris\u00e9\u00b7es peuvent stationner<b><strong> max.\u00a0<u>48 heures <\/u><\/strong><\/b>\u00e0 un emplacement r\u00e9serv\u00e9 \u00e0 cet effet.Apr\u00e8s le d\u00e9part, les lieux doivent \u00eatre remis dans un \u00e9tat de salubrit\u00e9 irr\u00e9prochable. L\u2019utilisation de la station est gratuite. Vous avez \u00e9galement la possibilit\u00e9 de r\u00e9server votre emplacement sur place <strong>via un code QR<\/strong>.<\/p>\n<p style=\"font-weight: 400;\"><u><b><strong>\u00c0 prendre en compte :<\/strong><\/b><\/u><\/p>\n<ul style=\"font-weight: 400;\">\n<li><u><b><strong>\u200b<\/strong><\/b><\/u>Amp\u00e9rage r\u00e9duit du courant \u00e9lectrique (max. 6A).<\/li>\n<li>\u200bContr\u00f4le r\u00e9gulier des emplacements par les agent\u00b7es de la Ville de Dudelange.<\/li>\n<li>\u200bNum\u00e9ration des emplacements. Veuillez utiliser uniquement l\u2019emplacement r\u00e9serv\u00e9.<\/li>\n<li>\u200bDur\u00e9e de stationnement limit\u00e9e \u00e0 48 h : prolongation non-autoris\u00e9e ni sur l\u2019emplacement r\u00e9serv\u00e9 ni sur un autre emplacement de cette aire.<\/li>\n<li>La r\u00e9servation du stationnement d\u00e9bute\u00a0<span style=\"color: #ef4030;\"><strong>toujours<\/strong><\/span>\u00a0\u00e0 12h et s\u2019arr\u00eate\u00a0<span style=\"color: #ef4030;\"><strong>finalement<\/strong><\/span>\u00a0\u00e0 12h (<span style=\"color: #ef4030;\"><strong>2 jours plus tard<\/strong><\/span>), pour un max. de 48h, peu importe l\u2019heure d\u2019arriv\u00e9e. (ex : Si vous arrivez un lundi \u00e0 17h, l\u2019emplacement devra \u00eatre lib\u00e9r\u00e9 le mercredi \u00e0 12h).<\/li>\n<\/ul>\n<p><span style=\"text-decoration: underline;\"><span style=\"color: #ef4030;\"><strong><a style=\"color: #ef4030; text-decoration: underline;\" href=\"https:\/\/campingcar.dudelange.lu\/booking#form\" target=\"_blank\" rel=\"noopener\">R\u00e9servez votre emplacement ici<\/a><\/strong><\/span><\/span><\/p>\n<p>&#8211;<\/p>\n<p><b><strong>Rastplatz f\u00fcr Wohnmobile (nur nach vorheriger Reservierung)<\/strong><\/b><\/p>\n<p>Servicebereich f\u00fcr\u00a0<b><strong>10 Wohnmobile<\/strong><\/b>\u00a0mit der M\u00f6glichkeit, Abwassertanks zu entleeren. Die Nutzung ist Wohnmobilen vorbehalten, die ein\u00a0<b><strong>maximal zul\u00e4ssiges Gesamtgewicht von 5 Tonnen<\/strong><\/b>\u00a0nicht \u00fcberschreiten. Berechtigte Nutzer*innen d\u00fcrfen\u00a0<b><strong>max.\u00a0<u>48 Stunden<\/u><\/strong><\/b> auf einem daf\u00fcr reservierten Platz stehen. Nach der Abreise muss sich der Platz in einem einwandfreien Zustand befinden. Die Nutzung der Station ist kostenlos. Sie haben ebenfalls die M\u00f6glichkeit, vor Ort einen Stellplatz <strong>per QR-Code zu reservieren<\/strong>.<\/p>\n<p><u><b><strong>Was zu beachten ist:<\/strong><\/b><\/u><\/p>\n<ul>\n<li>Geringe Stromst\u00e4rke (max. 6A).<\/li>\n<li>\u200bRegelm\u00e4\u00dfige Kontrolle der Stellpl\u00e4tze durch Beamte\/Beamtinnen der Stadt D\u00fcdelingen.<\/li>\n<li>\u200bNummerierung der Stellpl\u00e4tze. Bitte nutzen Sie nur den reservierten Stellplatz.<\/li>\n<li>\u200b<b><strong>Parkdauer auf 48 Stunden begrenzt<\/strong><\/b>: Eine Parkzeitverl\u00e4ngerung ist weder auf dem reservierten Stellplatz noch auf einem anderen Stellplatz in diesem Bereich erlaubt.<\/li>\n<li>Die Reservierung des Parkplatzes beginnt\u00a0<span style=\"color: #ef4030;\"><strong>immer<\/strong><\/span>\u00a0um 12 Uhr und endet\u00a0<span style=\"color: #ef4030;\"><strong>sp\u00e4testens<\/strong><\/span>\u00a0um 12 Uhr (<span style=\"color: #ef4030;\"><strong>2 Tage sp\u00e4ter<\/strong><\/span>), f\u00fcr maximal 48 Stunden, unabh\u00e4ngig von der Ankunftszeit. (Beispiel: Wenn Sie montags um 17 Uhr ankommen, muss der Parkplatz am Mittwoch um 12 Uhr wieder frei sein).<\/li>\n<\/ul>\n<p><span style=\"text-decoration: underline;\"><span style=\"color: #ef4030; text-decoration: underline;\"><a style=\"color: #ef4030; text-decoration: underline;\" href=\"https:\/\/campingcar.dudelange.lu\/booking#form\" target=\"_blank\" rel=\"noopener\"><strong>Reservieren Sie Ihren Stellplatz hier<\/strong><\/a><\/span><\/span><\/p>\n<p>&#8211;<\/p>\n<p><b><span lang=\"en-US\" data-olk-copy-source=\"MessageBody\">Camping-car service area (by reservation only)<\/span><\/b><\/p>\n<p><span lang=\"en-US\">Service area for\u00a0<b>10 camping-cars<\/b>\u00a0with the option of emptying wastewater tanks. Use is reserved for motorhomes up to a\u00a0<b>maximum permissible total weight of 5 tons<\/b>. Authorized users may park for a maximum of\u00a0<b><u>48 hours<\/u><\/b>\u00a0in a space reserved for this purpose.\u00a0<\/span>After departure, the site must be left in a clean and tidy condition. Use of the car park is free of charge. You can also book your spot on site <strong>using a QR code<\/strong>.<\/p>\n<p><u><span lang=\"en-US\"><strong>Please note:<\/strong><\/span><\/u><\/p>\n<ul type=\"disc\">\n<li>Reduced electrical amperage (max. 6A).<\/li>\n<li>Regular checks of pitches by City of Dudelange staff.<\/li>\n<li>Numbering of spaces. Please only use the reserved space.<\/li>\n<li><strong>Parking time limited to 48 hours<\/strong>: extension not permitted either on the reserved space or on another space in this area.<\/li>\n<li>Parking reservations\u00a0<span style=\"color: #ef4030;\"><strong>always<\/strong><\/span>\u00a0begin at 12 noon and\u00a0<span style=\"color: #ef4030;\"><strong>end<\/strong><\/span>\u00a0at 12 noon (<span style=\"color: #ef4030;\"><strong>two days later<\/strong><\/span>), for a maximum of 48 hours, regardless of arrival time. (e.g. If you arrive on Monday at 5 p.m., the space must be vacated by Wednesday at 12 noon).<\/li>\n<\/ul>\n<p><span style=\"text-decoration: underline;\"><strong><span style=\"color: #ef4030; text-decoration: underline;\"><a style=\"color: #ef4030; text-decoration: underline;\" href=\"https:\/\/campingcar.dudelange.lu\/booking#form\" target=\"_blank\" rel=\"noopener\">Book your parking space here<\/a><\/span><\/strong><\/span><\/p>\n<p>&nbsp;<\/p>\n","protected":false},"excerpt":{"rendered":"<p>Quartier Italie, Rue Reiteschkopp &nbsp; Aire pour camping-cars (uniquement sur [&hellip;]<\/p>\n","protected":false},"author":10,"featured_media":3995,"parent":0,"menu_order":0,"comment_status":"closed","ping_status":"closed","template":"","meta":{"footnotes":""},"class_list":["post-3992","page","type-page","status-publish","has-post-thumbnail","hentry"],"publishpress_future_action":{"enabled":false,"date":"2026-05-08 02:11:24","action":"change-status","newStatus":"draft","terms":[],"taxonomy":"","extraData":[]},"publishpress_future_workflow_manual_trigger":{"enabledWorkflows":[]},"_links":{"self":[{"href":"https:\/\/www.dudelange.lu\/index.php\/wp-json\/wp\/v2\/pages\/3992","targetHints":{"allow":["GET"]}}],"collection":[{"href":"https:\/\/www.dudelange.lu\/index.php\/wp-json\/wp\/v2\/pages"}],"about":[{"href":"https:\/\/www.dudelange.lu\/index.php\/wp-json\/wp\/v2\/types\/page"}],"author":[{"embeddable":true,"href":"https:\/\/www.dudelange.lu\/index.php\/wp-json\/wp\/v2\/users\/10"}],"replies":[{"embeddable":true,"href":"https:\/\/www.dudelange.lu\/index.php\/wp-json\/wp\/v2\/comments?post=3992"}],"version-history":[{"count":16,"href":"https:\/\/www.dudelange.lu\/index.php\/wp-json\/wp\/v2\/pages\/3992\/revisions"}],"predecessor-version":[{"id":27850,"href":"https:\/\/www.dudelange.lu\/index.php\/wp-json\/wp\/v2\/pages\/3992\/revisions\/27850"}],"wp:featuredmedia":[{"embeddable":true,"href":"https:\/\/www.dudelange.lu\/index.php\/wp-json\/wp\/v2\/media\/3995"}],"wp:attachment":[{"href":"https:\/\/www.dudelange.lu\/index.php\/wp-json\/wp\/v2\/media?parent=3992"}],"curies":[{"name":"wp","href":"https:\/\/api.w.org\/{rel}","templated":true}]}}