{"id":4014,"date":"2021-09-23T09:31:50","date_gmt":"2021-09-23T07:31:50","guid":{"rendered":"https:\/\/dudelange.devoteamlab.lu\/?page_id=4014"},"modified":"2025-08-20T13:46:11","modified_gmt":"2025-08-20T11:46:11","slug":"secretariat-communal","status":"publish","type":"page","link":"https:\/\/www.dudelange.lu\/index.php\/services-communaux\/secretariat-communal\/","title":{"rendered":"Secr\u00e9tariat communal"},"content":{"rendered":"<p>H\u00f4tel de Ville, 1er \u00e9tage, Bureau 102<\/p>\n<div>\n<p><span class=\"ms-rteStyle-IntenseEmphasis\"><span class=\"ms-rteThemeForeColor-2-0\">Missions:<\/span><\/span><\/p>\n<div>\n<ul>\n<li>Administration g\u00e9n\u00e9rale<\/li>\n<li>\u00c9critures communales<\/li>\n<li>D\u00e9p\u00f4ts de statuts d&rsquo;un club ou d&rsquo;une association<\/li>\n<li>Proc\u00e9dures de commodo et incommodo (volet administratif)<\/li>\n<li>M\u00e9moire collective<\/li>\n<\/ul>\n<\/div>\n<p>Patrick BAUSCH<br \/>\nSecr\u00e9taire communal<br \/>\nT 516121 -1<br \/>\n<span style=\"text-decoration: underline;\"><span style=\"color: #ef4030; text-decoration: underline;\"><a style=\"color: #ef4030; text-decoration: underline;\" href=\"mailto:patrick.bausch@dudelange.lu\" target=\"_blank\" rel=\"noopener\">Prendre contact<\/a><\/span><\/span><\/p>\n<p>Yves GOERGEN<br \/>\nSecr\u00e9taire communal adjoint<br \/>\nT 516121 -275<br \/>\n<a href=\"mailto:yves.goergen@dudelange.lu\"><span style=\"text-decoration: underline;\"><span style=\"color: #d53d27; text-decoration: underline;\">Prendre contact\u200b<\/span><\/span><\/a><\/p>\n<p>Catarina MADURO<br \/>\nT 516121 -293<br \/>\n<span style=\"text-decoration: underline;\"><span style=\"color: #ef4030; text-decoration: underline;\"><a style=\"color: #ef4030; text-decoration: underline;\" href=\"mailto:catarina.maduro@dudelange.lu\" target=\"_blank\" rel=\"noopener\">Prendre contact<\/a><\/span><\/span><\/p>\n<p>&nbsp;<\/p>\n<p><strong>Secr\u00e9tariat du coll\u00e8ge des bourgmestre et \u00e9chevin\u00b7es<br \/>\n<\/strong>H\u00f4tel de Ville, 1er \u00e9tage, bureau 107<\/p>\n<p>Sara Nickels<br \/>\nT 516121 -222<br \/>\n\u200b<span style=\"text-decoration: underline; color: #ef4030;\"><span style=\"text-decoration: underline;\"><a style=\"color: #ef4030; text-decoration: underline;\" href=\"mailto:sara.nickels@dudelange.lu\" target=\"_blank\" rel=\"noopener\">Prendre contact\u200b<\/a><\/span><\/span><\/p>\n<\/div>\n","protected":false},"excerpt":{"rendered":"<p>H\u00f4tel de Ville, 1er \u00e9tage, Bureau 102 Missions: Administration g\u00e9n\u00e9rale [&hellip;]<\/p>\n","protected":false},"author":9,"featured_media":0,"parent":2203,"menu_order":0,"comment_status":"closed","ping_status":"closed","template":"","meta":{"footnotes":""},"class_list":["post-4014","page","type-page","status-publish","hentry"],"publishpress_future_action":{"enabled":false,"date":"2026-04-24 05:14:54","action":"change-status","newStatus":"draft","terms":[],"taxonomy":"","extraData":[]},"publishpress_future_workflow_manual_trigger":{"enabledWorkflows":[]},"_links":{"self":[{"href":"https:\/\/www.dudelange.lu\/index.php\/wp-json\/wp\/v2\/pages\/4014","targetHints":{"allow":["GET"]}}],"collection":[{"href":"https:\/\/www.dudelange.lu\/index.php\/wp-json\/wp\/v2\/pages"}],"about":[{"href":"https:\/\/www.dudelange.lu\/index.php\/wp-json\/wp\/v2\/types\/page"}],"author":[{"embeddable":true,"href":"https:\/\/www.dudelange.lu\/index.php\/wp-json\/wp\/v2\/users\/9"}],"replies":[{"embeddable":true,"href":"https:\/\/www.dudelange.lu\/index.php\/wp-json\/wp\/v2\/comments?post=4014"}],"version-history":[{"count":13,"href":"https:\/\/www.dudelange.lu\/index.php\/wp-json\/wp\/v2\/pages\/4014\/revisions"}],"predecessor-version":[{"id":28659,"href":"https:\/\/www.dudelange.lu\/index.php\/wp-json\/wp\/v2\/pages\/4014\/revisions\/28659"}],"up":[{"embeddable":true,"href":"https:\/\/www.dudelange.lu\/index.php\/wp-json\/wp\/v2\/pages\/2203"}],"wp:attachment":[{"href":"https:\/\/www.dudelange.lu\/index.php\/wp-json\/wp\/v2\/media?parent=4014"}],"curies":[{"name":"wp","href":"https:\/\/api.w.org\/{rel}","templated":true}]}}