{"id":4128,"date":"2021-09-27T09:54:40","date_gmt":"2021-09-27T07:54:40","guid":{"rendered":"https:\/\/dudelange.devoteamlab.lu\/?page_id=4128"},"modified":"2024-12-24T09:38:19","modified_gmt":"2024-12-24T08:38:19","slug":"autorisation-de-travail","status":"publish","type":"page","link":"https:\/\/www.dudelange.lu\/index.php\/demarches-administratives\/autorisation-de-travail\/","title":{"rendered":"Autorisation de travail"},"content":{"rendered":"<p>Autorisation de travail pour un ressortissant d&rsquo;un pays tiers<\/p>\n<ul style=\"list-style-type: disc;\">\n<li>qui r\u00e9side d\u00e9j\u00e0 dans un autre pays de l&rsquo;Union europ\u00e9enne<\/li>\n<li>qui r\u00e9side et d\u00e9tient une autorisation de s\u00e9jour d\u00e9j\u00e0 dans un autre pays de l\u2019Union europ\u00e9enne<\/li>\n<li>et entend exercer une activit\u00e9 salari\u00e9e au Grand-Duch\u00e9 de Luxembourg<\/li>\n<\/ul>\n<p>La demande en obtention de l&rsquo;autorisation de travail est \u00e0 introduire aupr\u00e8s du ministre. Le\u00b7la requ\u00e9rant\u00b7e doit indiquer son identit\u00e9 (nom, pr\u00e9noms et coordonn\u00e9es) et joindre les documents suivants \u00e0 sa demande :<\/p>\n<ul>\n<li>la copie du passeport int\u00e9gral, certifi\u00e9e conforme \u00e0 l&rsquo;original<\/li>\n<li>la copie de l&rsquo;autorisation de s\u00e9jour d\u00e9livr\u00e9e par un autre Etat membre, certifi\u00e9e conforme \u00e0 l&rsquo;original<\/li>\n<li>un curriculum vitae<\/li>\n<li>une copie certifi\u00e9e conforme de ses dipl\u00f4mes ou qualification professionnels<\/li>\n<li>un contrat de travail, dat\u00e9 et sign\u00e9 par lui et son employeur<\/li>\n<li>une lettre de motivation<\/li>\n<\/ul>\n<p>Les documents \u00e0 produire doivent soit \u00eatre apostill\u00e9s par l&rsquo;autorit\u00e9 locale comp\u00e9tente du pays d&rsquo;origine, soit \u00eatre l\u00e9galis\u00e9s par l&rsquo;autorit\u00e9 locale comp\u00e9tente du pays d&rsquo;origine et authentifi\u00e9s par l&rsquo;ambassade. Si les documents ne sont pas r\u00e9dig\u00e9s dans les langues allemande, fran\u00e7aise ou anglaise, une traduction conforme par un\u00b7e traducteur\u00b7rice asserment\u00e9\u00b7e doit \u00eatre jointe.<\/p>\n<p>&nbsp;<\/p>\n<p><strong>Minist\u00e8re des Affaires Etrang\u00e8res et de l\u2019Immigration<br \/>\n<\/strong>Direction de l\u2019Immigration &#8211; Service des \u00c9trangers<br \/>\nGuichets : 26 route d\u2019Arlon L-1150 Luxembourg<br \/>\nAdresse postale : BP 752 L-2017 Luxembourg<br \/>\n<span style=\"text-decoration: underline;\"><span style=\"color: #ef4030;\"><a style=\"color: #ef4030; text-decoration: underline;\" href=\"mailot:boite.officielle@mae.etat.lu\u200b\">boite.officielle@mae.etat.lu\u200b<\/a><br \/>\n<\/span><\/span><a href=\"https:\/\/maee.gouvernement.lu\/fr.html\" target=\"_blank\" rel=\"noopener\"><span style=\"text-decoration: underline; color: #ef4030;\">www.mae.lu\u200b<\/span><\/a><\/p>\n<p>&nbsp;<\/p>\n<p>Documents \u00e0 t\u00e9l\u00e9charger:<\/p>\n<ul>\n<li><a style=\"color: #ef4030; text-decoration: underline;\" href=\"https:\/\/sadudelangedata.blob.core.windows.net\/files\/2021\/09\/6151822c687b7-6151822c687b8Autorisation-travail-citoyens-croates.pdf.pdf\" target=\"_blank\" rel=\"noopener\">Autorisation de travail pour citoyen\u00b7nes croates<\/a> (PDF, 83 KB)<\/li>\n<li><a style=\"color: #ef4030; text-decoration: underline;\" href=\"https:\/\/sadudelangedata.blob.core.windows.net\/files\/2021\/09\/615182cad1c2f-615182cad1c30Autorisation-travail-citoyen-bulgare-roumain.pdf.pdf\" target=\"_blank\" rel=\"noopener\">Autorisation de travail pour citoyen\u00b7nes bulgares et roumain\u00b7es<\/a> (PDF, 21 KB)<\/li>\n<\/ul>\n","protected":false},"excerpt":{"rendered":"<p>Autorisation de travail pour un ressortissant d&rsquo;un pays tiers qui [&hellip;]<\/p>\n","protected":false},"author":11,"featured_media":0,"parent":2127,"menu_order":0,"comment_status":"closed","ping_status":"closed","template":"","meta":{"footnotes":""},"class_list":["post-4128","page","type-page","status-publish","hentry"],"publishpress_future_action":{"enabled":false,"date":"2026-05-20 18:29:56","action":"change-status","newStatus":"draft","terms":[],"taxonomy":"","extraData":[]},"publishpress_future_workflow_manual_trigger":{"enabledWorkflows":[]},"_links":{"self":[{"href":"https:\/\/www.dudelange.lu\/index.php\/wp-json\/wp\/v2\/pages\/4128","targetHints":{"allow":["GET"]}}],"collection":[{"href":"https:\/\/www.dudelange.lu\/index.php\/wp-json\/wp\/v2\/pages"}],"about":[{"href":"https:\/\/www.dudelange.lu\/index.php\/wp-json\/wp\/v2\/types\/page"}],"author":[{"embeddable":true,"href":"https:\/\/www.dudelange.lu\/index.php\/wp-json\/wp\/v2\/users\/11"}],"replies":[{"embeddable":true,"href":"https:\/\/www.dudelange.lu\/index.php\/wp-json\/wp\/v2\/comments?post=4128"}],"version-history":[{"count":12,"href":"https:\/\/www.dudelange.lu\/index.php\/wp-json\/wp\/v2\/pages\/4128\/revisions"}],"predecessor-version":[{"id":26355,"href":"https:\/\/www.dudelange.lu\/index.php\/wp-json\/wp\/v2\/pages\/4128\/revisions\/26355"}],"up":[{"embeddable":true,"href":"https:\/\/www.dudelange.lu\/index.php\/wp-json\/wp\/v2\/pages\/2127"}],"wp:attachment":[{"href":"https:\/\/www.dudelange.lu\/index.php\/wp-json\/wp\/v2\/media?parent=4128"}],"curies":[{"name":"wp","href":"https:\/\/api.w.org\/{rel}","templated":true}]}}