{"id":4130,"date":"2021-09-27T10:02:45","date_gmt":"2021-09-27T08:02:45","guid":{"rendered":"https:\/\/dudelange.devoteamlab.lu\/?page_id=4130"},"modified":"2024-12-24T09:39:34","modified_gmt":"2024-12-24T08:39:34","slug":"campagne-de-castration-sterilisation-des-chiens-et-des-chats","status":"publish","type":"page","link":"https:\/\/www.dudelange.lu\/index.php\/demarches-administratives\/campagne-de-castration-sterilisation-des-chiens-et-des-chats\/","title":{"rendered":"Castration\/st\u00e9rilisation chiens et chats"},"content":{"rendered":"<p>La Ville de Dudelange a d\u00e9cid\u00e9 de poursuivre sa campagne visant \u00e0 promouvoir la castration et la st\u00e9rilisation des chiens et chats aupr\u00e8s des propri\u00e9taires r\u00e9sident\u00b7es de la commune, ceci en participant aux frais v\u00e9t\u00e9rinaires pour ce type d\u2019intervention m\u00e9dicale. Pour ce faire, la tarification a \u00e9t\u00e9 adapt\u00e9e au 1er janvier 2020 et vous pouvez compl\u00e9ter un nouveau formulaire:<\/p>\n<ul>\n<li><span style=\"text-decoration: underline; color: #ef4030;\"><a style=\"color: #ef4030; text-decoration: underline;\" href=\"https:\/\/sadudelangedata.blob.core.windows.net\/files\/2023\/11\/Formulaire-ALL-FR-campagne-CHIENS-CHATS.pdf\" target=\"_blank\" rel=\"noopener\">Demande de participation campagne de castration \/ st\u00e9rilisation chiens et chats<\/a><a style=\"color: #ef4030;\" href=\"https:\/\/sadudelangedata.blob.core.windows.net\/files\/2021\/09\/61518435396f5-61518435396f7202012-Formulaire-ALL-FR-campagne-CHIENS-CHATS.pdf.pdf\" target=\"_blank\" rel=\"noopener\"><br \/>\n<\/a><\/span>(PDF, 84,5 KB, en fran\u00e7ais et en allemand)<\/li>\n<\/ul>\n<p>En pratique, tout comme par le pass\u00e9, la participation pourra \u00eatre d\u00e9duite directement de la facture du propri\u00e9taire et \u00eatre rembours\u00e9e par facture s\u00e9par\u00e9e \u00e0 adresser aux d\u00e9pens de la Ville de Dudelange. Important ! Le formulaire de demande, d\u00fbment rempli et sign\u00e9 par le cabinet v\u00e9t\u00e9rinaire et le propri\u00e9taire, devra obligatoirement \u00eatre joint \u00e0 cette facture.<\/p>\n<p>Exceptionnellement, les propri\u00e9taires pourront se faire rembourser la participation en direct par la Ville de Dudelange, si une d\u00e9duction \u00e0 la source n\u2019a pas pu se faire au moment de la prestation. Dans ce cas de figure, le formulaire rempli et sign\u00e9 par les deux parties devra \u00eatre pr\u00e9sent\u00e9 au service comptabilit\u00e9 par le propri\u00e9taire ensemble avec une copie de la facture d\u00fbment acquitt\u00e9e.<\/p>\n<p>Ville de Dudelange<br \/>\nService Comptabilit\u00e9<br \/>\nT 516121 -485<br \/>\n<span style=\"color: #ef4030;\"><a style=\"color: #ef4030;\" href=\"mailto:comptabilite@dudelange.lu\">comptabilite@dudelange.lu<\/a><\/span><\/p>\n<p>Plus d&rsquo;infos:<\/p>\n<ul>\n<li><span style=\"text-decoration: underline; color: #ef4030;\"><a style=\"color: #ef4030; text-decoration: underline;\" href=\"https:\/\/sadudelangedata.blob.core.windows.net\/files\/2021\/09\/615183aa7ceb8-615183aa7ceb9202012-Information-campagne-chiens-chats.pdf.pdf\" target=\"_blank\" rel=\"noopener\">Campagne de castration\/st\u00e9rilisation chiens et chats<br \/>\n<\/a><\/span>(PDF, 141 KB, en fran\u00e7ais et en allemand)<\/li>\n<\/ul>\n<p>&nbsp;<\/p>\n","protected":false},"excerpt":{"rendered":"<p>La Ville de Dudelange a d\u00e9cid\u00e9 de poursuivre sa campagne [&hellip;]<\/p>\n","protected":false},"author":11,"featured_media":0,"parent":2127,"menu_order":0,"comment_status":"closed","ping_status":"closed","template":"","meta":{"footnotes":""},"class_list":["post-4130","page","type-page","status-publish","hentry"],"publishpress_future_action":{"enabled":false,"date":"2026-05-15 02:48:24","action":"change-status","newStatus":"draft","terms":[],"taxonomy":"","extraData":[]},"publishpress_future_workflow_manual_trigger":{"enabledWorkflows":[]},"_links":{"self":[{"href":"https:\/\/www.dudelange.lu\/index.php\/wp-json\/wp\/v2\/pages\/4130","targetHints":{"allow":["GET"]}}],"collection":[{"href":"https:\/\/www.dudelange.lu\/index.php\/wp-json\/wp\/v2\/pages"}],"about":[{"href":"https:\/\/www.dudelange.lu\/index.php\/wp-json\/wp\/v2\/types\/page"}],"author":[{"embeddable":true,"href":"https:\/\/www.dudelange.lu\/index.php\/wp-json\/wp\/v2\/users\/11"}],"replies":[{"embeddable":true,"href":"https:\/\/www.dudelange.lu\/index.php\/wp-json\/wp\/v2\/comments?post=4130"}],"version-history":[{"count":24,"href":"https:\/\/www.dudelange.lu\/index.php\/wp-json\/wp\/v2\/pages\/4130\/revisions"}],"predecessor-version":[{"id":26356,"href":"https:\/\/www.dudelange.lu\/index.php\/wp-json\/wp\/v2\/pages\/4130\/revisions\/26356"}],"up":[{"embeddable":true,"href":"https:\/\/www.dudelange.lu\/index.php\/wp-json\/wp\/v2\/pages\/2127"}],"wp:attachment":[{"href":"https:\/\/www.dudelange.lu\/index.php\/wp-json\/wp\/v2\/media?parent=4130"}],"curies":[{"name":"wp","href":"https:\/\/api.w.org\/{rel}","templated":true}]}}