{"id":4132,"date":"2021-09-27T10:21:03","date_gmt":"2021-09-27T08:21:03","guid":{"rendered":"https:\/\/dudelange.devoteamlab.lu\/?page_id=4132"},"modified":"2025-06-13T08:54:42","modified_gmt":"2025-06-13T06:54:42","slug":"carte-didentite-luxembourgeoise","status":"publish","type":"page","link":"https:\/\/www.dudelange.lu\/index.php\/demarches-administratives\/carte-didentite-luxembourgeoise\/","title":{"rendered":"Carte d&rsquo;identit\u00e9 luxembourgeoise"},"content":{"rendered":"<p>Toute personne de nationalit\u00e9 luxembourgeoise \u00e2g\u00e9e de plus de quinze ans, et qui ne poss\u00e8de pas de passeport luxembourgeois valable, doit \u00eatre en possession d\u2019une carte d\u2019identit\u00e9. La carte d\u2019identit\u00e9 est valable 10 ans.<\/p>\n<p>Raisons pour lesquelles la carte d\u2019identit\u00e9 doit \u00eatre renouvel\u00e9e:<\/p>\n<ul>\n<li>Expiration de la p\u00e9riode de validit\u00e9<\/li>\n<li>Changement de r\u00e9sidence<\/li>\n<li>Photo d\u2019identit\u00e9 du\u00b7de la titulaire ne correspondant plus \u00e0 sa physionomie<\/li>\n<li>Perte, vol ou d\u00e9t\u00e9rioration de la carte d\u2019identit\u00e9<\/li>\n<li>Changement de nom(s) ou de pr\u00e9nom(s); mariage (facultatif)<\/li>\n<li>Changement de sexe \u200b<\/li>\n<\/ul>\n<p>&nbsp;<\/p>\n<p><strong>Carte d&rsquo;identit\u00e9 pour enfants<\/strong><\/p>\n<p>Afin de ne pas obliger chaque enfant \u00e0 se munir d\u2019un passeport lors d\u2019un simple d\u00e9placement \u00e0 l\u2019int\u00e9rieur des pays de l\u2019Union europ\u00e9enne, la d\u00e9livrance d\u2019une carte d\u2019identit\u00e9 aux personnes de nationalit\u00e9 luxembourgeoise \u00e2g\u00e9es de moins de 15 ans a \u00e9t\u00e9 introduite. Cette carte d\u2019identit\u00e9 n\u2019est pas obligatoire: elle est d\u00e9livr\u00e9e sur demande d\u2019un parent exer\u00e7ant l\u2019autorit\u00e9 parentale respectivement du tuteur\u00b7rice l\u00e9gal\u00b7e de l\u2019int\u00e9ress\u00e9\u00b7e. Lors de la demande, l\u2019enfant doit \u00eatre accompagn\u00e9 soit par un parent exer\u00e7ant l\u2019autorit\u00e9 parentale, soit par le\u00b7la tuteur\u00b7rice l\u00e9gal\u00b7e. \u200b\u200b\u200b\u200b\u200b<\/p>\n<p>La dur\u00e9e de validit\u00e9 de la carte d\u2019identit\u00e9 facultative est:<\/p>\n<ul>\n<li>de 2 ans pour les mineur\u00b7es de moins de 4 ans r\u00e9volus<\/li>\n<li>de 5 ans pour les mineur\u00b7es de 4 ans r\u00e9volus et de moins de 15 ans r\u00e9volus.<\/li>\n<\/ul>\n<p>\u200b<\/p>\n<p><strong>Proc\u00e9dure de d\u00e9livrance de la carte d&rsquo;identit\u00e9<\/strong><\/p>\n<p>\u200bVous effectuez d\u2019abord un virement au CTIE (Centre des technologies de l\u2019information de l\u2019Etat) avec les donn\u00e9es suivantes (taxes ci-dessous):<\/p>\n<p>B\u00e9n\u00e9ficiaire: TS-CE CTIE Cartes d\u2019identit\u00e9s<br \/>\nNum\u00e9ro de compte du b\u00e9n\u00e9ficiaire: LU44 1111 7028 7715 0000<br \/>\nBIC: CCPLLULL<br \/>\nCommunication: Demande de carte d\u2019identit\u00e9 pour \u00ab nom(s)+pr\u00e9nom(s) \u00bb<\/p>\n<ul>\n<li><strong>Taxe proc\u00e9dure normale <\/strong>(d\u00e9livrance en 10 jours ouvrables)<br \/>\n\u200bEnfant &lt; 4 ans: 5\u20ac<br \/>\nEnfants entre 4 et 15 ans: 10\u20ac<br \/>\nEnfants &gt; 15 ans et adultes: 14\u20ac<\/li>\n<li><strong>Taxe proc\u00e9dure acc\u00e9l\u00e9r\u00e9e <\/strong>(d\u00e9livrance en 3 jours ouvrables)<br \/>\n\u200bEnfants + adultes: 45\u20ac (tout \u00e2ge confondu). \u200bPour les enfants de moins de 12 mois, la demande avec photo devra \u00eatre effectu\u00e9e directement aupr\u00e8s de l&rsquo;Accueil du <span style=\"text-decoration: underline;\"><span style=\"color: #ef4030; text-decoration: underline;\"><a style=\"color: #ef4030; text-decoration: underline;\" href=\"http:\/\/www.guichet.lu\" target=\"_blank\" rel=\"noopener\">Guichet.lu<\/a><\/span><\/span> (11, rue Notre Dame, Luxembourg)<\/li>\n<\/ul>\n<p>Vous vous pr\u00e9sentez dans les bureaux de l\u2019<a href=\"https:\/\/www.dudelange.lu\/index.php\/services-communaux\/office-des-citoyens-biergeramt\/\" target=\"_blank\" rel=\"noopener\"><span style=\"text-decoration: underline; color: #ef4030;\">Office des citoyen\u00b7nes<\/span><\/a>\u200b\u200b\u200b muni de: \u200b\u200b\u200b<\/p>\n<ul>\n<li>la preuve de virement<\/li>\n<li>votre ancienne carte d\u2019identit\u00e9 (ou de la d\u00e9claration de perte\/vol le cas \u00e9ch\u00e9ant)<\/li>\n<li>La photo d\u2019identit\u00e9 sera effectu\u00e9e dans nos locaux. Pour les enfants \u00e2g\u00e9\u00b7es de moins de 12 mois,<br \/>\nvous pouvez vous munir d&rsquo;une photo biom\u00e9trique effectu\u00e9e chez un photographe. L&rsquo;enfant devra \u00e9galement \u00eatre pr\u00e9sent\u00b7e lors de la demande.<\/li>\n<\/ul>\n<p>&nbsp;<\/p>\n<p>Vous recevrez un r\u00e9c\u00e9piss\u00e9 vous permettant de retirer votre nouvelle carte d\u2019identit\u00e9 \u00e0 la <span style=\"text-decoration: underline;\">r\u00e9ception de l\u2018H\u00f4tel de Ville<\/span>, moyennant une taxe suppl\u00e9mentaire de 6\u20ac. \u200b<br \/>\nEn cas de proc\u00e9dure acc\u00e9l\u00e9r\u00e9e, la nouvelle carte d&rsquo;identit\u00e9 est \u00e0 retirer au:<br \/>\nCentre des technologies de l&rsquo;information de l&rsquo;Etat (CTIE)<strong><br \/>\n<\/strong>11 rue Notre Dame, L-2240 Luxembourg<\/p>\n<p>&nbsp;<\/p>\n<p><strong>Nous vous recommandons de vous pr\u00e9senter au plus tard quinze minutes avant la fermeture des bureaux pour effectuer cette d\u00e9marche.\u00a0<\/strong><\/p>\n","protected":false},"excerpt":{"rendered":"<p>Toute personne de nationalit\u00e9 luxembourgeoise \u00e2g\u00e9e de plus de quinze [&hellip;]<\/p>\n","protected":false},"author":11,"featured_media":0,"parent":2127,"menu_order":0,"comment_status":"closed","ping_status":"closed","template":"","meta":{"footnotes":""},"class_list":["post-4132","page","type-page","status-publish","hentry"],"publishpress_future_action":{"enabled":false,"date":"2026-05-09 18:23:10","action":"change-status","newStatus":"draft","terms":[],"taxonomy":"","extraData":[]},"publishpress_future_workflow_manual_trigger":{"enabledWorkflows":[]},"_links":{"self":[{"href":"https:\/\/www.dudelange.lu\/index.php\/wp-json\/wp\/v2\/pages\/4132","targetHints":{"allow":["GET"]}}],"collection":[{"href":"https:\/\/www.dudelange.lu\/index.php\/wp-json\/wp\/v2\/pages"}],"about":[{"href":"https:\/\/www.dudelange.lu\/index.php\/wp-json\/wp\/v2\/types\/page"}],"author":[{"embeddable":true,"href":"https:\/\/www.dudelange.lu\/index.php\/wp-json\/wp\/v2\/users\/11"}],"replies":[{"embeddable":true,"href":"https:\/\/www.dudelange.lu\/index.php\/wp-json\/wp\/v2\/comments?post=4132"}],"version-history":[{"count":16,"href":"https:\/\/www.dudelange.lu\/index.php\/wp-json\/wp\/v2\/pages\/4132\/revisions"}],"predecessor-version":[{"id":27865,"href":"https:\/\/www.dudelange.lu\/index.php\/wp-json\/wp\/v2\/pages\/4132\/revisions\/27865"}],"up":[{"embeddable":true,"href":"https:\/\/www.dudelange.lu\/index.php\/wp-json\/wp\/v2\/pages\/2127"}],"wp:attachment":[{"href":"https:\/\/www.dudelange.lu\/index.php\/wp-json\/wp\/v2\/media?parent=4132"}],"curies":[{"name":"wp","href":"https:\/\/api.w.org\/{rel}","templated":true}]}}