{"id":4149,"date":"2021-09-27T10:49:11","date_gmt":"2021-09-27T08:49:11","guid":{"rendered":"https:\/\/dudelange.devoteamlab.lu\/?page_id=4149"},"modified":"2022-02-10T15:00:14","modified_gmt":"2022-02-10T14:00:14","slug":"certificat-dannee-de-construction-dun-logement","status":"publish","type":"page","link":"https:\/\/www.dudelange.lu\/index.php\/demarches-administratives\/certificat-dannee-de-construction-dun-logement\/","title":{"rendered":"Certificat d&rsquo;ann\u00e9e de construction d&rsquo;un logement"},"content":{"rendered":"<p>Pour obtenir un certificat indiquant l&rsquo;ann\u00e9e de construction d&rsquo;un logement, veuillez vous adresser au secr\u00e9tariat du <span style=\"text-decoration: underline;\"><span style=\"color: #ef4030; text-decoration: underline;\"><a style=\"color: #ef4030; text-decoration: underline;\" href=\"https:\/\/www.dudelange.lu\/index.php\/services-communaux\/architecture-et-domaines\/\" target=\"_blank\" rel=\"noopener\">service de l\u2019architecture et des domaines<\/a><\/span><\/span>.<\/p>\n","protected":false},"excerpt":{"rendered":"<p>Pour obtenir un certificat indiquant l&rsquo;ann\u00e9e de construction d&rsquo;un logement, [&hellip;]<\/p>\n","protected":false},"author":11,"featured_media":0,"parent":2127,"menu_order":0,"comment_status":"closed","ping_status":"closed","template":"","meta":{"footnotes":""},"class_list":["post-4149","page","type-page","status-publish","hentry"],"publishpress_future_action":{"enabled":false,"date":"2026-05-08 20:33:41","action":"change-status","newStatus":"draft","terms":[],"taxonomy":"","extraData":[]},"publishpress_future_workflow_manual_trigger":{"enabledWorkflows":[]},"_links":{"self":[{"href":"https:\/\/www.dudelange.lu\/index.php\/wp-json\/wp\/v2\/pages\/4149","targetHints":{"allow":["GET"]}}],"collection":[{"href":"https:\/\/www.dudelange.lu\/index.php\/wp-json\/wp\/v2\/pages"}],"about":[{"href":"https:\/\/www.dudelange.lu\/index.php\/wp-json\/wp\/v2\/types\/page"}],"author":[{"embeddable":true,"href":"https:\/\/www.dudelange.lu\/index.php\/wp-json\/wp\/v2\/users\/11"}],"replies":[{"embeddable":true,"href":"https:\/\/www.dudelange.lu\/index.php\/wp-json\/wp\/v2\/comments?post=4149"}],"version-history":[{"count":4,"href":"https:\/\/www.dudelange.lu\/index.php\/wp-json\/wp\/v2\/pages\/4149\/revisions"}],"predecessor-version":[{"id":16108,"href":"https:\/\/www.dudelange.lu\/index.php\/wp-json\/wp\/v2\/pages\/4149\/revisions\/16108"}],"up":[{"embeddable":true,"href":"https:\/\/www.dudelange.lu\/index.php\/wp-json\/wp\/v2\/pages\/2127"}],"wp:attachment":[{"href":"https:\/\/www.dudelange.lu\/index.php\/wp-json\/wp\/v2\/media?parent=4149"}],"curies":[{"name":"wp","href":"https:\/\/api.w.org\/{rel}","templated":true}]}}