{"id":4160,"date":"2021-09-27T11:28:33","date_gmt":"2021-09-27T09:28:33","guid":{"rendered":"https:\/\/dudelange.devoteamlab.lu\/?page_id=4160"},"modified":"2024-12-24T09:46:50","modified_gmt":"2024-12-24T08:46:50","slug":"certificat-dinscription-aux-listes-electorales","status":"publish","type":"page","link":"https:\/\/www.dudelange.lu\/index.php\/demarches-administratives\/certificat-dinscription-aux-listes-electorales\/","title":{"rendered":"Certificat d&rsquo;inscription aux listes \u00e9lectorales"},"content":{"rendered":"<p>Vous obtiendrez un certificat d\u2019inscription aux listes \u00e9lectorales \u00e0 l\u2019 <a href=\"https:\/\/www.dudelange.lu\/index.php\/services-communaux\/office-des-citoyens-biergeramt\/\" target=\"_blank\" rel=\"noopener\"><span style=\"text-decoration: underline;\"><span style=\"color: #ef4030; text-decoration: underline;\">Office des citoyen\u00b7nes<\/span><\/span><\/a>, sur pr\u00e9sentation de votre pi\u00e8ce d&rsquo;identit\u00e9 valable.<\/p>\n<p>Pour l\u2019inscription voir la <span style=\"color: #ef4030;\"><span style=\"color: #000000;\">page<\/span><\/span><span style=\"color: #ef4030;\">\u00a0<\/span><a href=\"https:\/\/www.dudelange.lu\/fr\/Pages\/Inscription-listes-electorales.aspx\" target=\"_blank\" rel=\"noopener\"><span style=\"text-decoration: underline;\"><span style=\"color: #ef4030; text-decoration: underline;\">Inscription sur les listes \u00e9lectorales<\/span><\/span><\/a><\/p>\n","protected":false},"excerpt":{"rendered":"<p>Vous obtiendrez un certificat d\u2019inscription aux listes \u00e9lectorales \u00e0 l\u2019 [&hellip;]<\/p>\n","protected":false},"author":11,"featured_media":0,"parent":2127,"menu_order":0,"comment_status":"closed","ping_status":"closed","template":"","meta":{"footnotes":""},"class_list":["post-4160","page","type-page","status-publish","hentry"],"publishpress_future_action":{"enabled":false,"date":"2026-05-21 19:00:14","action":"change-status","newStatus":"draft","terms":[],"taxonomy":"","extraData":[]},"publishpress_future_workflow_manual_trigger":{"enabledWorkflows":[]},"_links":{"self":[{"href":"https:\/\/www.dudelange.lu\/index.php\/wp-json\/wp\/v2\/pages\/4160","targetHints":{"allow":["GET"]}}],"collection":[{"href":"https:\/\/www.dudelange.lu\/index.php\/wp-json\/wp\/v2\/pages"}],"about":[{"href":"https:\/\/www.dudelange.lu\/index.php\/wp-json\/wp\/v2\/types\/page"}],"author":[{"embeddable":true,"href":"https:\/\/www.dudelange.lu\/index.php\/wp-json\/wp\/v2\/users\/11"}],"replies":[{"embeddable":true,"href":"https:\/\/www.dudelange.lu\/index.php\/wp-json\/wp\/v2\/comments?post=4160"}],"version-history":[{"count":8,"href":"https:\/\/www.dudelange.lu\/index.php\/wp-json\/wp\/v2\/pages\/4160\/revisions"}],"predecessor-version":[{"id":26363,"href":"https:\/\/www.dudelange.lu\/index.php\/wp-json\/wp\/v2\/pages\/4160\/revisions\/26363"}],"up":[{"embeddable":true,"href":"https:\/\/www.dudelange.lu\/index.php\/wp-json\/wp\/v2\/pages\/2127"}],"wp:attachment":[{"href":"https:\/\/www.dudelange.lu\/index.php\/wp-json\/wp\/v2\/media?parent=4160"}],"curies":[{"name":"wp","href":"https:\/\/api.w.org\/{rel}","templated":true}]}}