{"id":4168,"date":"2021-09-27T11:56:19","date_gmt":"2021-09-27T09:56:19","guid":{"rendered":"https:\/\/dudelange.devoteamlab.lu\/?page_id=4168"},"modified":"2026-02-09T15:33:27","modified_gmt":"2026-02-09T14:33:27","slug":"chiens-declaration-et-recepisse","status":"publish","type":"page","link":"https:\/\/www.dudelange.lu\/index.php\/demarches-administratives\/chiens-declaration-et-recepisse\/","title":{"rendered":"Chiens (d\u00e9claration et r\u00e9c\u00e9piss\u00e9)"},"content":{"rendered":"<p>Nouvelle loi du 9 mai 2008 relative aux chiens:<\/p>\n<p><strong>D\u00e9claration du chien<\/strong><\/p>\n<p>Tous les chiens, y compris les chiens susceptibles d\u2019\u00eatre dangereux, doivent \u00eatre d\u00e9clar\u00e9s, contre r\u00e9c\u00e9piss\u00e9, \u00e0 l\u2019Offices des citoyen\u00b7nes de l\u2019administration communale. Tou\u00b7tes les propri\u00e9taires de chiens devront faire leur d\u00e9claration <strong>contre r\u00e9c\u00e9piss\u00e9, dans les quatre mois qui suivent la naissance du chien<\/strong>. La d\u00e9claration se fait en pr\u00e9sentant \u00e0 l\u2019Office des citoyen\u00b7nes:<\/p>\n<ul>\n<li>un certificat, d\u00e9livr\u00e9 par un\u00b7e v\u00e9t\u00e9rinaire agr\u00e9\u00e9\u00b7e, attestant l\u2019identification de la race ou du genre et l\u2019identification \u00e9lectronique du chien ainsi que sa vaccination antirabique en cours de validit\u00e9;<\/li>\n<li>une pi\u00e8ce attestant qu\u2019un contrat d\u2019assurance a \u00e9t\u00e9 conclu avec une soci\u00e9t\u00e9 agr\u00e9\u00e9e ou autoris\u00e9e \u00e0 op\u00e9rer au Grand-Duch\u00e9 de Luxembourg garantissant la responsabilit\u00e9 civile du\u00b7de la d\u00e9tenteur\u00b7rice du chien pour les dommages caus\u00e9s aux tiers par l\u2019animal.<\/li>\n<\/ul>\n<p><strong>Chiens susceptibles d&rsquo;\u00eatre dangereux<\/strong><\/p>\n<p>Une proc\u00e9dure sp\u00e9ciale r\u00e8gle la d\u00e9claration en deux phases des chiens susceptibles d\u2019\u00eatre dangereux et reconnus comme tels par la loi.<\/p>\n<p>1\u00e8re phase: D\u00e9claration du chien \u00e0 l\u2019administration communale tel que d\u00e9crit ci- dessus;<br \/>\n2\u00e8me phase: 2\u00e8me d\u00e9claration contre r\u00e9c\u00e9piss\u00e9, dans les dix-huit mois qui suivent la naissance du chien.<\/p>\n<p>A cet effet, le\u00b7la propri\u00e9taire du chien doit remettre \u00e0 l\u2019administration communale: \u200b<\/p>\n<ul>\n<li>un dipl\u00f4me attestant la r\u00e9ussite du chien \u00e0 des cours de dressage<\/li>\n<li>un certificat v\u00e9t\u00e9rinaire indiquant la date de castration des chiens vis\u00e9s aux points e) \u00e0 g) de l\u2019article 10(1) de la loi sous rubrique<\/li>\n<li>un dipl\u00f4me attestant la r\u00e9ussite du d\u00e9tenteur du chien aux cours de formation<\/li>\n<li>le r\u00e9c\u00e9piss\u00e9 de la premi\u00e8re d\u00e9claration.<\/li>\n<\/ul>\n<p><strong>Identification \u00e9lectronique<\/strong><\/p>\n<p>Tout chien devra \u00eatre dot\u00e9 d\u2019une identification \u00e9lectronique, et ce obligatoirement \u00e0 partir du 01.01.2010.<\/p>\n<p><strong>Changement de r\u00e9sidence ou changement de propri\u00e9taire<\/strong><\/p>\n<p>En cas de changement de r\u00e9sidence du\u00b7de la propri\u00e9taire du chien ou en cas de changement de propri\u00e9taire de chien, une d\u00e9claration doit \u00eatre faite \u00e0 la commune dans un d\u00e9lai d\u2019un mois. \u200bEn cas de d\u00e9c\u00e8s du chien, veuillez en informer l&rsquo;administration communale dans les meilleurs d\u00e9lais.<\/p>\n<p>&nbsp;<\/p>\n<p><strong>Plus d&rsquo;infos:<\/strong><\/p>\n<ul>\n<li><span style=\"text-decoration: underline;\"><span style=\"color: #ef4030; text-decoration: underline;\"><a style=\"color: #ef4030; text-decoration: underline;\" href=\"https:\/\/sadudelangedata.blob.core.windows.net\/files\/2025\/07\/Declaration-chien-DE_EN.pdf\" target=\"_blank\" rel=\"noopener\">Dokument auf Deutsch \/ Document in Englisch<\/a><\/span><\/span> (PDF, 95,3 KB)<\/li>\n<li><span style=\"text-decoration: underline;\"><span style=\"color: #ef4030;\"><a style=\"color: #ef4030; text-decoration: underline;\" href=\"https:\/\/sadudelangedata.blob.core.windows.net\/files\/2021\/09\/61519482e720f-61519482e7210Chiens-proprietaires.pdf.pdf\" target=\"_blank\" rel=\"noopener\">Aux proprietaires de chiens<\/a><\/span><\/span> (PDF, 791 KB)<\/li>\n<li><span style=\"text-decoration: underline;\"><span style=\"color: #ef4030; text-decoration: underline;\"><a style=\"color: #ef4030; text-decoration: underline;\" href=\"https:\/\/sadudelangedata.blob.core.windows.net\/files\/2021\/09\/615194e5e8fb0-615194e5e8fb1Chiens-tenue-laisse.pdf.pdf\" target=\"_blank\" rel=\"noopener\">La tenue en laisse des chiens<\/a><\/span><\/span> (PDF, 58 KB, en fran\u00e7ais et en allemand)<\/li>\n<li><span style=\"text-decoration: underline;\"><span style=\"color: #ef4030; text-decoration: underline;\"><a style=\"color: #ef4030; text-decoration: underline;\" href=\"https:\/\/www.dudelange.lu\/index.php\/demarches-administratives\/campagne-de-castration-sterilisation-des-chiens-et-des-chats\/\" target=\"_blank\" rel=\"noopener\">Castration\/st\u00e9rilisation chiens et chats<\/a><\/span><\/span> (lien)<\/li>\n<\/ul>\n","protected":false},"excerpt":{"rendered":"<p>Nouvelle loi du 9 mai 2008 relative aux chiens: D\u00e9claration [&hellip;]<\/p>\n","protected":false},"author":11,"featured_media":29961,"parent":2127,"menu_order":0,"comment_status":"closed","ping_status":"closed","template":"","meta":{"footnotes":""},"class_list":["post-4168","page","type-page","status-publish","has-post-thumbnail","hentry"],"publishpress_future_action":{"enabled":false,"date":"2026-05-13 17:37:35","action":"change-status","newStatus":"draft","terms":[],"taxonomy":"","extraData":[]},"publishpress_future_workflow_manual_trigger":{"enabledWorkflows":[]},"_links":{"self":[{"href":"https:\/\/www.dudelange.lu\/index.php\/wp-json\/wp\/v2\/pages\/4168","targetHints":{"allow":["GET"]}}],"collection":[{"href":"https:\/\/www.dudelange.lu\/index.php\/wp-json\/wp\/v2\/pages"}],"about":[{"href":"https:\/\/www.dudelange.lu\/index.php\/wp-json\/wp\/v2\/types\/page"}],"author":[{"embeddable":true,"href":"https:\/\/www.dudelange.lu\/index.php\/wp-json\/wp\/v2\/users\/11"}],"replies":[{"embeddable":true,"href":"https:\/\/www.dudelange.lu\/index.php\/wp-json\/wp\/v2\/comments?post=4168"}],"version-history":[{"count":16,"href":"https:\/\/www.dudelange.lu\/index.php\/wp-json\/wp\/v2\/pages\/4168\/revisions"}],"predecessor-version":[{"id":28210,"href":"https:\/\/www.dudelange.lu\/index.php\/wp-json\/wp\/v2\/pages\/4168\/revisions\/28210"}],"up":[{"embeddable":true,"href":"https:\/\/www.dudelange.lu\/index.php\/wp-json\/wp\/v2\/pages\/2127"}],"wp:featuredmedia":[{"embeddable":true,"href":"https:\/\/www.dudelange.lu\/index.php\/wp-json\/wp\/v2\/media\/29961"}],"wp:attachment":[{"href":"https:\/\/www.dudelange.lu\/index.php\/wp-json\/wp\/v2\/media?parent=4168"}],"curies":[{"name":"wp","href":"https:\/\/api.w.org\/{rel}","templated":true}]}}