{"id":4177,"date":"2021-09-27T12:07:56","date_gmt":"2021-09-27T10:07:56","guid":{"rendered":"https:\/\/dudelange.devoteamlab.lu\/?page_id=4177"},"modified":"2026-02-09T15:53:31","modified_gmt":"2026-02-09T14:53:31","slug":"dechets-encombrants","status":"publish","type":"page","link":"https:\/\/www.dudelange.lu\/index.php\/demarches-administratives\/dechets-encombrants\/","title":{"rendered":"D\u00e9chets encombrants"},"content":{"rendered":"<p>Le rendez-vous pour l&rsquo;enl\u00e8vement des d\u00e9chets encombrants doit \u00eatre fix\u00e9 au pr\u00e9alable en contactant le 51 61 21 -903\/914.<\/p>\n<p>Les d\u00e9chets encombrants \u00e0 enlever devront \u00eatre d\u00e9pos\u00e9s la veille du rendez-vous ou le jour m\u00eame avant 6h00, de pr\u00e9f\u00e9rence dans votre entr\u00e9e de garage ou bien sur la voie publique (trottoir) de fa\u00e7on qu\u2019ils g\u00eanent le moins possible le passage. Etant donn\u00e9 que la prise de rendez-vous est factur\u00e9e forfaitairement 15\u20ac, celle-ci incluant toute quantit\u00e9 inf\u00e9rieure \u00e0 50kg, et que chaque kilogramme suppl\u00e9mentaire est factur\u00e9 0,35\u20ac\/kg, votre pr\u00e9sence lors de l\u2019enl\u00e8vement est recommand\u00e9e, ceci \u00e0 des fins de contr\u00f4le et de confirmation des quantit\u00e9s enlev\u00e9es.<\/p>\n<p>La collection des encombrants est uniquement destin\u00e9e aux d\u00e9chets suivants:<\/p>\n<ul>\n<li>Vieux meubles (fauteuils, canap\u00e9s, chaises, lits, armoires) ; bois trait\u00e9 (frises, palettes, plinthes et baguettes\u2009; sommiers \u00e0 lattes et claies) \u2013 pour des raisons de s\u00e9curit\u00e9, il est obligatoire d\u2019enlever ou de rabattre les clous\u2009; chambranles de portes et portes non vitr\u00e9es\u2009; ch\u00e2ssis de fen\u00eatres sans vitrage\u2009; volets roulants (en plastique ou en bois)\u2009; matelas\u2009; tapis et moquettes\u2009; mati\u00e8res plastiques non recyclables (films plastique, grands jouets, meubles de jardin, seaux, tonneaux, gaines).<\/li>\n<li>Le bois trait\u00e9, dont il faut enlever ou rabattre les clous, doit \u00eatre pr\u00e9sent\u00e9 sous forme de paquets. La longueur des paquets ne doit pas d\u00e9passer 1,50\u2009m. Les tapis et moquettes doivent \u00eatre enroul\u00e9s ou pr\u00e9sent\u00e9s sous formes de paquets.<\/li>\n<\/ul>\n<p>Les appareils \u00e9lectriques (t\u00e9l\u00e9viseurs, micro-ondes, &#8230;) sont collect\u00e9s s\u00e9par\u00e9ment, et non pas avec les d\u00e9chets encombrants. La collecte des ferrailles (jantes, sommiers&#8230;) se fait les m\u00eames jours que les d\u00e9chets encombrants, toutefois la ferraille ne doit pas \u00eatre m\u00e9lang\u00e9e aux autres d\u00e9chets encombrants, mais pr\u00e9par\u00e9e s\u00e9par\u00e9ment. La collecte des d\u00e9chets encombrants n\u2019est pas destin\u00e9e aux ordures m\u00e9nag\u00e8res en sacs plastique.<\/p>\n<p>&nbsp;<\/p>\n<p>Document \u00e0 t\u00e9l\u00e9charger:<\/p>\n<ul>\n<li><span style=\"color: #ef4030;\"><a href=\"https:\/\/sadudelangedata.blob.core.windows.net\/files\/2023\/01\/20230103_VDD_CampagneDechets_Depliant_Brochure_HD_WEB_v01.pdf\" target=\"_blank\" rel=\"noopener\"><span style=\"color: #ef4030;\"><span style=\"text-decoration: underline;\">R\u00e8glement des d\u00e9chets<\/span><\/span><\/a><\/span> (PDF, 19,7 MB, en fran\u00e7ais et en allemand)<\/li>\n<\/ul>\n","protected":false},"excerpt":{"rendered":"<p>Le rendez-vous pour l&rsquo;enl\u00e8vement des d\u00e9chets encombrants doit \u00eatre fix\u00e9 [&hellip;]<\/p>\n","protected":false},"author":11,"featured_media":29962,"parent":2127,"menu_order":0,"comment_status":"closed","ping_status":"closed","template":"","meta":{"footnotes":""},"class_list":["post-4177","page","type-page","status-publish","has-post-thumbnail","hentry"],"publishpress_future_action":{"enabled":false,"date":"2026-05-01 00:10:07","action":"change-status","newStatus":"draft","terms":[],"taxonomy":"","extraData":[]},"publishpress_future_workflow_manual_trigger":{"enabledWorkflows":[]},"_links":{"self":[{"href":"https:\/\/www.dudelange.lu\/index.php\/wp-json\/wp\/v2\/pages\/4177","targetHints":{"allow":["GET"]}}],"collection":[{"href":"https:\/\/www.dudelange.lu\/index.php\/wp-json\/wp\/v2\/pages"}],"about":[{"href":"https:\/\/www.dudelange.lu\/index.php\/wp-json\/wp\/v2\/types\/page"}],"author":[{"embeddable":true,"href":"https:\/\/www.dudelange.lu\/index.php\/wp-json\/wp\/v2\/users\/11"}],"replies":[{"embeddable":true,"href":"https:\/\/www.dudelange.lu\/index.php\/wp-json\/wp\/v2\/comments?post=4177"}],"version-history":[{"count":14,"href":"https:\/\/www.dudelange.lu\/index.php\/wp-json\/wp\/v2\/pages\/4177\/revisions"}],"predecessor-version":[{"id":24060,"href":"https:\/\/www.dudelange.lu\/index.php\/wp-json\/wp\/v2\/pages\/4177\/revisions\/24060"}],"up":[{"embeddable":true,"href":"https:\/\/www.dudelange.lu\/index.php\/wp-json\/wp\/v2\/pages\/2127"}],"wp:featuredmedia":[{"embeddable":true,"href":"https:\/\/www.dudelange.lu\/index.php\/wp-json\/wp\/v2\/media\/29962"}],"wp:attachment":[{"href":"https:\/\/www.dudelange.lu\/index.php\/wp-json\/wp\/v2\/media?parent=4177"}],"curies":[{"name":"wp","href":"https:\/\/api.w.org\/{rel}","templated":true}]}}