{"id":4195,"date":"2021-09-27T13:21:34","date_gmt":"2021-09-27T11:21:34","guid":{"rendered":"https:\/\/dudelange.devoteamlab.lu\/?page_id=4195"},"modified":"2023-11-14T09:45:27","modified_gmt":"2023-11-14T08:45:27","slug":"depot-de-statut-de-societe","status":"publish","type":"page","link":"https:\/\/www.dudelange.lu\/index.php\/demarches-administratives\/depot-de-statut-de-societe\/","title":{"rendered":"D\u00e9p\u00f4t de statut d&rsquo;un club ou d&rsquo;une association"},"content":{"rendered":"<p>Au moment de la cr\u00e9ation de votre club ou de votre association sur le territoire de la ville de Dudelange, vous devez en d\u00e9poser les statuts au <a href=\"https:\/\/www.dudelange.lu\/index.php\/services-communaux\/secretariat-communal\/\" target=\"_blank\" rel=\"noopener\"><span style=\"text-decoration: underline;\"><span style=\"color: #ef4030; text-decoration: underline;\">secr\u00e9tariat communal.<\/span><\/span><\/a><\/p>\n","protected":false},"excerpt":{"rendered":"<p>Au moment de la cr\u00e9ation de votre club ou de [&hellip;]<\/p>\n","protected":false},"author":11,"featured_media":0,"parent":2127,"menu_order":0,"comment_status":"closed","ping_status":"closed","template":"","meta":{"footnotes":""},"class_list":["post-4195","page","type-page","status-publish","hentry"],"publishpress_future_action":{"enabled":false,"date":"2026-04-18 20:46:10","action":"change-status","newStatus":"draft","terms":[],"taxonomy":"","extraData":[]},"publishpress_future_workflow_manual_trigger":{"enabledWorkflows":[]},"_links":{"self":[{"href":"https:\/\/www.dudelange.lu\/index.php\/wp-json\/wp\/v2\/pages\/4195","targetHints":{"allow":["GET"]}}],"collection":[{"href":"https:\/\/www.dudelange.lu\/index.php\/wp-json\/wp\/v2\/pages"}],"about":[{"href":"https:\/\/www.dudelange.lu\/index.php\/wp-json\/wp\/v2\/types\/page"}],"author":[{"embeddable":true,"href":"https:\/\/www.dudelange.lu\/index.php\/wp-json\/wp\/v2\/users\/11"}],"replies":[{"embeddable":true,"href":"https:\/\/www.dudelange.lu\/index.php\/wp-json\/wp\/v2\/comments?post=4195"}],"version-history":[{"count":5,"href":"https:\/\/www.dudelange.lu\/index.php\/wp-json\/wp\/v2\/pages\/4195\/revisions"}],"predecessor-version":[{"id":22388,"href":"https:\/\/www.dudelange.lu\/index.php\/wp-json\/wp\/v2\/pages\/4195\/revisions\/22388"}],"up":[{"embeddable":true,"href":"https:\/\/www.dudelange.lu\/index.php\/wp-json\/wp\/v2\/pages\/2127"}],"wp:attachment":[{"href":"https:\/\/www.dudelange.lu\/index.php\/wp-json\/wp\/v2\/media?parent=4195"}],"curies":[{"name":"wp","href":"https:\/\/api.w.org\/{rel}","templated":true}]}}