{"id":4203,"date":"2021-09-27T13:46:55","date_gmt":"2021-09-27T11:46:55","guid":{"rendered":"https:\/\/dudelange.devoteamlab.lu\/?page_id=4203"},"modified":"2026-04-02T12:54:47","modified_gmt":"2026-04-02T10:54:47","slug":"gaz-et-eau","status":"publish","type":"page","link":"https:\/\/www.dudelange.lu\/index.php\/demarches-administratives\/gaz-et-eau\/","title":{"rendered":"Gaz et eau"},"content":{"rendered":"<p><strong>Gaz<\/strong><\/p>\n<p>Documents \u00e0 t\u00e9l\u00e9charger:<\/p>\n<ul>\n<li><span style=\"text-decoration: underline;\"><span style=\"color: #ef4030;\"><a style=\"color: #ef4030; text-decoration: underline;\" href=\"https:\/\/sadudelangedata.blob.core.windows.net\/files\/2021\/09\/6151ad406c320-6151ad406c321Contrat-dacheminement-sur-le-reseau-de-distribution-V1.5.pdf.pdf\" target=\"_blank\" rel=\"noopener\">Contrat d&rsquo;acheminement sur le r\u00e9seau de distribution<\/a><\/span><\/span> (PDF, 156 KB)<\/li>\n<li><a style=\"color: #ef4030; text-decoration: underline;\" href=\"https:\/\/sadudelangedata.blob.core.windows.net\/files\/2021\/09\/6151ad00cbf4a-6151ad00cbf4bConditions-particulieres-dacces-au-reseau-v0.6.pdf.pdf\" target=\"_blank\" rel=\"noopener\">Conditions particuli\u00e8res d&rsquo;acc\u00e8s au r\u00e9seau<\/a> (PDF, 48 KB)<\/li>\n<li><a style=\"color: #ef4030; text-decoration: underline;\" href=\"https:\/\/sadudelangedata.blob.core.windows.net\/files\/2021\/09\/6151acbe5e872-6151acbe5e873CG-Branchement-v3.0.pdf.pdf\" target=\"_blank\" rel=\"noopener\">Conditions g\u00e9n\u00e9rales de branchement distribution<\/a> (PDF, 115 KB)<\/li>\n<\/ul>\n<p><strong>Eau<\/strong><\/p>\n<p>Document \u00e0 t\u00e9l\u00e9charger:<\/p>\n<ul style=\"list-style-type: disc;\">\n<li><span style=\"text-decoration: underline;\"><span style=\"color: #ef4030;\"><a style=\"color: #ef4030; text-decoration: underline;\" href=\"https:\/\/sadudelangedata.blob.core.windows.net\/files\/2026\/04\/Demande-de-fourniture-deau-potable.pdf\" target=\"_blank\" rel=\"noopener\">Demande de fourniture deau potable<\/a><\/span><\/span><\/li>\n<\/ul>\n<p>Le formulaire de demande de fourniture d\u2019eau potable est \u00e0 remplir et \u00e0 transmettre par e-mail en pi\u00e8ce jointe \u00e0 <span style=\"text-decoration: underline;\"><span style=\"color: #ef4030; text-decoration: underline;\"><a style=\"color: #ef4030; text-decoration: underline;\" href=\"mailto:facturation@dudelange.lu\" target=\"_blank\" rel=\"noopener\">facturation@dudelange.lu<\/a><\/span><\/span><\/p>\n<p>&nbsp;<\/p>\n<p><span style=\"color: #000000;\"><strong>Lecture des compteurs gaz et eau<\/strong><\/span><\/p>\n<ul>\n<li><span style=\"color: #ef4030;\"><a style=\"color: #ef4030;\" href=\"https:\/\/www.dudelange.lu\/index.php\/formulaire-lecture-des-compteurs-gaz-et-eau\/\"><span style=\"text-decoration: underline;\">Formulaire en ligne<\/span><\/a><\/span><\/li>\n<\/ul>\n<p>&nbsp;<\/p>\n<p><strong>Demande de communication des donn\u00e9es de consommation<\/strong><\/p>\n<ul>\n<li><span style=\"text-decoration: underline; color: #ef4030;\"><a style=\"color: #ef4030; text-decoration: underline;\" href=\"https:\/\/sadudelangedata.blob.core.windows.net\/files\/2021\/09\/6151ae2a7328e-6151ae2a73290GAZ-DemandeDonneesConsommation-v1.0.pdf.pdf\" target=\"_blank\" rel=\"noopener\">Formulaire de demande de communication des donn\u00e9es de consommation<\/a><\/span> (PDF, 167 KB)<\/li>\n<\/ul>\n<p>Le formulaire de demande de communication des donn\u00e9es de consommation est \u00e0 remplir et \u00e0 transmettre par e-mail en pi\u00e8ce jointe \u00e0 <span style=\"color: #ef4030;\"><a style=\"color: #ef4030;\" href=\"mailto:compteurs@dudelange.lu\"><span style=\"text-decoration: underline;\">compteurs@dudelange.lu<\/span><\/a><\/span><\/p>\n<p>&nbsp;<\/p>\n<p>Plus d&rsquo;infos: <a href=\"https:\/\/www.dudelange.lu\/index.php\/services-communaux\/gaz-et-eau\/\" target=\"_blank\" rel=\"noopener\"><span style=\"text-decoration: underline;\"><span style=\"color: #ef4030; text-decoration: underline;\">Service gaz et eau<\/span><\/span><\/a>\u200b<\/p>\n","protected":false},"excerpt":{"rendered":"<p>Gaz Documents \u00e0 t\u00e9l\u00e9charger: Contrat d&rsquo;acheminement sur le r\u00e9seau de [&hellip;]<\/p>\n","protected":false},"author":11,"featured_media":0,"parent":2127,"menu_order":0,"comment_status":"closed","ping_status":"closed","template":"","meta":{"footnotes":""},"class_list":["post-4203","page","type-page","status-publish","hentry"],"publishpress_future_action":{"enabled":false,"date":"2026-05-07 23:11:53","action":"change-status","newStatus":"draft","terms":[],"taxonomy":"","extraData":[]},"publishpress_future_workflow_manual_trigger":{"enabledWorkflows":[]},"_links":{"self":[{"href":"https:\/\/www.dudelange.lu\/index.php\/wp-json\/wp\/v2\/pages\/4203","targetHints":{"allow":["GET"]}}],"collection":[{"href":"https:\/\/www.dudelange.lu\/index.php\/wp-json\/wp\/v2\/pages"}],"about":[{"href":"https:\/\/www.dudelange.lu\/index.php\/wp-json\/wp\/v2\/types\/page"}],"author":[{"embeddable":true,"href":"https:\/\/www.dudelange.lu\/index.php\/wp-json\/wp\/v2\/users\/11"}],"replies":[{"embeddable":true,"href":"https:\/\/www.dudelange.lu\/index.php\/wp-json\/wp\/v2\/comments?post=4203"}],"version-history":[{"count":16,"href":"https:\/\/www.dudelange.lu\/index.php\/wp-json\/wp\/v2\/pages\/4203\/revisions"}],"predecessor-version":[{"id":30487,"href":"https:\/\/www.dudelange.lu\/index.php\/wp-json\/wp\/v2\/pages\/4203\/revisions\/30487"}],"up":[{"embeddable":true,"href":"https:\/\/www.dudelange.lu\/index.php\/wp-json\/wp\/v2\/pages\/2127"}],"wp:attachment":[{"href":"https:\/\/www.dudelange.lu\/index.php\/wp-json\/wp\/v2\/media?parent=4203"}],"curies":[{"name":"wp","href":"https:\/\/api.w.org\/{rel}","templated":true}]}}