{"id":4224,"date":"2021-09-27T14:23:47","date_gmt":"2021-09-27T12:23:47","guid":{"rendered":"https:\/\/dudelange.devoteamlab.lu\/?page_id=4224"},"modified":"2024-12-27T10:12:01","modified_gmt":"2024-12-27T09:12:01","slug":"legalisation-de-signature","status":"publish","type":"page","link":"https:\/\/www.dudelange.lu\/index.php\/demarches-administratives\/legalisation-de-signature\/","title":{"rendered":"L\u00e9galisation de signature"},"content":{"rendered":"<p>Pour l\u00e9galiser sa propre signature sur une pi\u00e8ce ou un acte, l&rsquo;int\u00e9ress\u00e9\u00b7e dont la signature est \u00e0 l\u00e9galiser doit se pr\u00e9senter personnellement aupr\u00e8s de l\u2019<span style=\"text-decoration: underline;\"><span style=\"color: #ef4030; text-decoration: underline;\"><a style=\"color: #ef4030; text-decoration: underline;\" href=\"https:\/\/www.dudelange.lu\/index.php\/services-communaux\/office-des-citoyens-biergeramt\/\" target=\"_blank\" rel=\"noopener\">Office des citoyen\u00b7nes<\/a>\u200b<\/span><\/span> et signer les documents aff\u00e9rents devant le\u00b7la fonctionnaire habilit\u00e9\u00b7e \u00e0 l\u00e9galiser les signatures.\u200b<\/p>\n","protected":false},"excerpt":{"rendered":"<p>Pour l\u00e9galiser sa propre signature sur une pi\u00e8ce ou un [&hellip;]<\/p>\n","protected":false},"author":11,"featured_media":0,"parent":2127,"menu_order":0,"comment_status":"closed","ping_status":"closed","template":"","meta":{"footnotes":""},"class_list":["post-4224","page","type-page","status-publish","hentry"],"publishpress_future_action":{"enabled":false,"date":"2026-04-18 20:47:13","action":"change-status","newStatus":"draft","terms":[],"taxonomy":"","extraData":[]},"publishpress_future_workflow_manual_trigger":{"enabledWorkflows":[]},"_links":{"self":[{"href":"https:\/\/www.dudelange.lu\/index.php\/wp-json\/wp\/v2\/pages\/4224","targetHints":{"allow":["GET"]}}],"collection":[{"href":"https:\/\/www.dudelange.lu\/index.php\/wp-json\/wp\/v2\/pages"}],"about":[{"href":"https:\/\/www.dudelange.lu\/index.php\/wp-json\/wp\/v2\/types\/page"}],"author":[{"embeddable":true,"href":"https:\/\/www.dudelange.lu\/index.php\/wp-json\/wp\/v2\/users\/11"}],"replies":[{"embeddable":true,"href":"https:\/\/www.dudelange.lu\/index.php\/wp-json\/wp\/v2\/comments?post=4224"}],"version-history":[{"count":4,"href":"https:\/\/www.dudelange.lu\/index.php\/wp-json\/wp\/v2\/pages\/4224\/revisions"}],"predecessor-version":[{"id":26381,"href":"https:\/\/www.dudelange.lu\/index.php\/wp-json\/wp\/v2\/pages\/4224\/revisions\/26381"}],"up":[{"embeddable":true,"href":"https:\/\/www.dudelange.lu\/index.php\/wp-json\/wp\/v2\/pages\/2127"}],"wp:attachment":[{"href":"https:\/\/www.dudelange.lu\/index.php\/wp-json\/wp\/v2\/media?parent=4224"}],"curies":[{"name":"wp","href":"https:\/\/api.w.org\/{rel}","templated":true}]}}