{"id":4239,"date":"2021-09-27T14:52:28","date_gmt":"2021-09-27T12:52:28","guid":{"rendered":"https:\/\/dudelange.devoteamlab.lu\/?page_id=4239"},"modified":"2024-12-27T11:54:32","modified_gmt":"2024-12-27T10:54:32","slug":"nationalite-luxemburgeoise-naturalisation-recouvrement","status":"publish","type":"page","link":"https:\/\/www.dudelange.lu\/index.php\/demarches-administratives\/nationalite-luxemburgeoise-naturalisation-recouvrement\/","title":{"rendered":"Nationalit\u00e9 luxemburgeoise &#8211; Naturalisation &#8211; Recouvrement"},"content":{"rendered":"<p><strong>Naturalisation<br \/>\n<\/strong>La naturalisation concerne les personnes d\u00e9sirant obtenir la nationalit\u00e9 luxembourgeoise, qui ne l\u2019ont encore jamais eu auparavant. Les proc\u00e9dures de naturalisations divergent d\u2019un cas \u00e0 l\u2019autre. Il faut se pr\u00e9senter d\u2019abord au Service de l\u2019<span style=\"text-decoration: underline;\"><span style=\"color: #ef4030; text-decoration: underline;\">\u00c9tat civil<\/span><\/span>.<\/p>\n<p><strong>Recouvrement<br \/>\n<\/strong>Le recouvrement concerne les personnes qui d\u00e9sirent r\u00e9cup\u00e9rer la nationalit\u00e9 luxembourgeoise, l\u2019ayant d\u00e9j\u00e0 eu auparavant, ou y ayant droit de par ses anc\u00eatres. Il y a diff\u00e9rentes proc\u00e9dures selon les cas. Il faut se pr\u00e9senter d\u2019abord au Service de l\u200b\u2019<span style=\"text-decoration: underline;\"><span style=\"color: #ef4030; text-decoration: underline;\">\u00c9tat civil<\/span><\/span>. \u200b<\/p>\n<p>&nbsp;<\/p>\n<p>Plus d&rsquo;infos:<\/p>\n<ul>\n<li><a href=\"https:\/\/guichet.public.lu\/fr\/citoyens\/citoyennete\/nationalite-luxembourgeoise.html\" target=\"_blank\" rel=\"noopener\"><span style=\"text-decoration: underline;\"><span style=\"color: #ef4030; text-decoration: underline;\">Nationalit\u00e9 luxembougeoise (guichet.public.lu)<\/span><\/span><\/a><\/li>\n<\/ul>\n","protected":false},"excerpt":{"rendered":"<p>Naturalisation La naturalisation concerne les personnes d\u00e9sirant obtenir la nationalit\u00e9 [&hellip;]<\/p>\n","protected":false},"author":11,"featured_media":0,"parent":2127,"menu_order":0,"comment_status":"closed","ping_status":"closed","template":"","meta":{"footnotes":""},"class_list":["post-4239","page","type-page","status-publish","hentry"],"publishpress_future_action":{"enabled":false,"date":"2026-05-20 18:29:15","action":"change-status","newStatus":"draft","terms":[],"taxonomy":"","extraData":[]},"publishpress_future_workflow_manual_trigger":{"enabledWorkflows":[]},"_links":{"self":[{"href":"https:\/\/www.dudelange.lu\/index.php\/wp-json\/wp\/v2\/pages\/4239","targetHints":{"allow":["GET"]}}],"collection":[{"href":"https:\/\/www.dudelange.lu\/index.php\/wp-json\/wp\/v2\/pages"}],"about":[{"href":"https:\/\/www.dudelange.lu\/index.php\/wp-json\/wp\/v2\/types\/page"}],"author":[{"embeddable":true,"href":"https:\/\/www.dudelange.lu\/index.php\/wp-json\/wp\/v2\/users\/11"}],"replies":[{"embeddable":true,"href":"https:\/\/www.dudelange.lu\/index.php\/wp-json\/wp\/v2\/comments?post=4239"}],"version-history":[{"count":5,"href":"https:\/\/www.dudelange.lu\/index.php\/wp-json\/wp\/v2\/pages\/4239\/revisions"}],"predecessor-version":[{"id":26391,"href":"https:\/\/www.dudelange.lu\/index.php\/wp-json\/wp\/v2\/pages\/4239\/revisions\/26391"}],"up":[{"embeddable":true,"href":"https:\/\/www.dudelange.lu\/index.php\/wp-json\/wp\/v2\/pages\/2127"}],"wp:attachment":[{"href":"https:\/\/www.dudelange.lu\/index.php\/wp-json\/wp\/v2\/media?parent=4239"}],"curies":[{"name":"wp","href":"https:\/\/api.w.org\/{rel}","templated":true}]}}