{"id":4242,"date":"2021-09-27T14:57:20","date_gmt":"2021-09-27T12:57:20","guid":{"rendered":"https:\/\/dudelange.devoteamlab.lu\/?page_id=4242"},"modified":"2024-12-27T11:55:17","modified_gmt":"2024-12-27T10:55:17","slug":"night-card","status":"publish","type":"page","link":"https:\/\/www.dudelange.lu\/index.php\/demarches-administratives\/night-card\/","title":{"rendered":"Night Card (Nightrider)"},"content":{"rendered":"<p>Depuis janvier 2008 la Ville de Dudelange participe au projet Nightrider et vous propose une night card \u00e0 un tarif tr\u00e8s avantageux. La night card, r\u00e9serv\u00e9e aux habitant\u00b7es de la Ville de Dudelange, est disponible aupr\u00e8s de l&rsquo;administrati\u200bon communale\u200b (<span style=\"text-decoration: underline;\"><span style=\"color: #ef4030; text-decoration: underline;\"><a style=\"color: #ef4030; text-decoration: underline;\" href=\"https:\/\/www.dudelange.lu\/index.php\/services-communaux\/recette-communale\/\" target=\"_blank\" rel=\"noopener\">Service Recette<\/a><\/span><\/span>).<\/p>\n<p>Le service de bus Nightrider fonctionne vendredi soir et samedi soir sur le territoire du Grand-Duch\u00e9, entre 18h et 5h. Le bus vient vous chercher sur demande, vous conduit \u00e0 l&rsquo;adresse indiqu\u00e9e et vous ram\u00e8ne chez vous \u00e0 l&rsquo;heure de votre choix.<\/p>\n<p>R\u00e9servation:<br \/>\nT 9007 1010<br \/>\n<a href=\"https:\/\/www.nightrider.lu\/\" target=\"_blank\" rel=\"noopener\"><span style=\"text-decoration: underline;\"><span style=\"color: #ef4030; text-decoration: underline;\">www.nig\u200bhtrider.lu<\/span><\/span><\/a>\u200b<\/p>\n<p>&nbsp;<\/p>\n<p>&nbsp;<\/p>\n","protected":false},"excerpt":{"rendered":"<p>Depuis janvier 2008 la Ville de Dudelange participe au projet [&hellip;]<\/p>\n","protected":false},"author":11,"featured_media":0,"parent":2127,"menu_order":0,"comment_status":"closed","ping_status":"closed","template":"","meta":{"footnotes":""},"class_list":["post-4242","page","type-page","status-publish","hentry"],"publishpress_future_action":{"enabled":false,"date":"2026-05-20 18:30:01","action":"change-status","newStatus":"draft","terms":[],"taxonomy":"","extraData":[]},"publishpress_future_workflow_manual_trigger":{"enabledWorkflows":[]},"_links":{"self":[{"href":"https:\/\/www.dudelange.lu\/index.php\/wp-json\/wp\/v2\/pages\/4242","targetHints":{"allow":["GET"]}}],"collection":[{"href":"https:\/\/www.dudelange.lu\/index.php\/wp-json\/wp\/v2\/pages"}],"about":[{"href":"https:\/\/www.dudelange.lu\/index.php\/wp-json\/wp\/v2\/types\/page"}],"author":[{"embeddable":true,"href":"https:\/\/www.dudelange.lu\/index.php\/wp-json\/wp\/v2\/users\/11"}],"replies":[{"embeddable":true,"href":"https:\/\/www.dudelange.lu\/index.php\/wp-json\/wp\/v2\/comments?post=4242"}],"version-history":[{"count":7,"href":"https:\/\/www.dudelange.lu\/index.php\/wp-json\/wp\/v2\/pages\/4242\/revisions"}],"predecessor-version":[{"id":26392,"href":"https:\/\/www.dudelange.lu\/index.php\/wp-json\/wp\/v2\/pages\/4242\/revisions\/26392"}],"up":[{"embeddable":true,"href":"https:\/\/www.dudelange.lu\/index.php\/wp-json\/wp\/v2\/pages\/2127"}],"wp:attachment":[{"href":"https:\/\/www.dudelange.lu\/index.php\/wp-json\/wp\/v2\/media?parent=4242"}],"curies":[{"name":"wp","href":"https:\/\/api.w.org\/{rel}","templated":true}]}}