{"id":4253,"date":"2021-09-27T15:01:49","date_gmt":"2021-09-27T13:01:49","guid":{"rendered":"https:\/\/dudelange.devoteamlab.lu\/?page_id=4253"},"modified":"2026-02-09T16:38:19","modified_gmt":"2026-02-09T15:38:19","slug":"parrainage-darbres","status":"publish","type":"page","link":"https:\/\/www.dudelange.lu\/index.php\/demarches-administratives\/parrainage-darbres\/","title":{"rendered":"Parrainage d&rsquo;arbres"},"content":{"rendered":"<p>La Ville de Dudelange attribue le parrainage d\u2019arbres \u00e0 des particuliers, des groupes ou des associations. Le parrainage comprend le contr\u00f4le et l\u2019entretien des arbres en question. Le service \u00e9cologique enregistre la demande de parrainage, puis contr\u00f4le son application en \u00e9troite collaboration avec le service Espaces verts. Un document de parrainage est remis ensemble avec un feuillet d\u2019information et un carnet d\u2019entretien aux marraines et aux parrains.<\/p>\n<p>Les marraines et les parrains retirent les mauvaises herbes autour de l&rsquo;arbre, arrosent les arbres et signalent des d\u00e9g\u00e2ts \u00e9ventuels. Le service Espaces verts effectue tous les travaux qui n\u00e9cessitent des connaissances sp\u00e9cifiques tels que l\u2019usage d\u2019engrais, la coupe et les traitements sp\u00e9ciaux. Le service Espaces verts assure les travaux des marraines et des parrains pendant leur absence ou en cas de maladie. Au printemps et en automne, l\u2019arbre sera contr\u00f4l\u00e9 ensemble avec la marraine ou le parrain. Aidez-nous \u00e0 conserver la qualit\u00e9 de vie et devenez marraine ou parrain d\u2019arbre.<\/p>\n<p><strong>Service \u00e9cologique<\/strong><span style=\"text-decoration: underline;\"><span style=\"color: #ef4030; text-decoration: underline;\"><br \/>\n<\/span><\/span>Marco Thorn<br \/>\nT 516121 -279<br \/>\n<a href=\"mailto:marco.thorn@dudelange.lu\"><span style=\"text-decoration: underline;\"><span style=\"color: #ef4030; text-decoration: underline;\">marco.thorn@dudelange.lu<\/span><\/span><\/a><\/p>\n","protected":false},"excerpt":{"rendered":"<p>La Ville de Dudelange attribue le parrainage d\u2019arbres \u00e0 des [&hellip;]<\/p>\n","protected":false},"author":11,"featured_media":17252,"parent":2127,"menu_order":0,"comment_status":"closed","ping_status":"closed","template":"","meta":{"footnotes":""},"class_list":["post-4253","page","type-page","status-publish","has-post-thumbnail","hentry"],"publishpress_future_action":{"enabled":false,"date":"2026-04-24 09:31:54","action":"change-status","newStatus":"draft","terms":[],"taxonomy":"","extraData":[]},"publishpress_future_workflow_manual_trigger":{"enabledWorkflows":[]},"_links":{"self":[{"href":"https:\/\/www.dudelange.lu\/index.php\/wp-json\/wp\/v2\/pages\/4253","targetHints":{"allow":["GET"]}}],"collection":[{"href":"https:\/\/www.dudelange.lu\/index.php\/wp-json\/wp\/v2\/pages"}],"about":[{"href":"https:\/\/www.dudelange.lu\/index.php\/wp-json\/wp\/v2\/types\/page"}],"author":[{"embeddable":true,"href":"https:\/\/www.dudelange.lu\/index.php\/wp-json\/wp\/v2\/users\/11"}],"replies":[{"embeddable":true,"href":"https:\/\/www.dudelange.lu\/index.php\/wp-json\/wp\/v2\/comments?post=4253"}],"version-history":[{"count":8,"href":"https:\/\/www.dudelange.lu\/index.php\/wp-json\/wp\/v2\/pages\/4253\/revisions"}],"predecessor-version":[{"id":26394,"href":"https:\/\/www.dudelange.lu\/index.php\/wp-json\/wp\/v2\/pages\/4253\/revisions\/26394"}],"up":[{"embeddable":true,"href":"https:\/\/www.dudelange.lu\/index.php\/wp-json\/wp\/v2\/pages\/2127"}],"wp:featuredmedia":[{"embeddable":true,"href":"https:\/\/www.dudelange.lu\/index.php\/wp-json\/wp\/v2\/media\/17252"}],"wp:attachment":[{"href":"https:\/\/www.dudelange.lu\/index.php\/wp-json\/wp\/v2\/media?parent=4253"}],"curies":[{"name":"wp","href":"https:\/\/api.w.org\/{rel}","templated":true}]}}