{"id":4262,"date":"2021-09-27T15:09:51","date_gmt":"2021-09-27T13:09:51","guid":{"rendered":"https:\/\/dudelange.devoteamlab.lu\/?page_id=4262"},"modified":"2026-04-15T11:15:49","modified_gmt":"2026-04-15T09:15:49","slug":"autorisation-de-batir","status":"publish","type":"page","link":"https:\/\/www.dudelange.lu\/index.php\/demarches-administratives\/autorisation-de-batir\/","title":{"rendered":"Autorisation de b\u00e2tir"},"content":{"rendered":"<p><img decoding=\"async\" class=\"lazyload \" src=\"data:image\/svg+xml,%3Csvg%20xmlns%3D%27http%3A%2F%2Fwww.w3.org%2F2000%2Fsvg%27%20width%3D%2721%27%20height%3D%2721%27%20viewBox%3D%270%200%2021%2021%27%3E%3Crect%20width%3D%2721%27%20height%3D%2721%27%20fill-opacity%3D%220%22%2F%3E%3C%2Fsvg%3E\" data-orig-src=\"https:\/\/sadudelangedata.blob.core.windows.net\/files\/2023\/09\/FR.png\" width=\"21\" height=\"21\" \/> <img decoding=\"async\" class=\"lazyload \" src=\"data:image\/svg+xml,%3Csvg%20xmlns%3D%27http%3A%2F%2Fwww.w3.org%2F2000%2Fsvg%27%20width%3D%2721%27%20height%3D%2721%27%20viewBox%3D%270%200%2021%2021%27%3E%3Crect%20width%3D%2721%27%20height%3D%2721%27%20fill-opacity%3D%220%22%2F%3E%3C%2Fsvg%3E\" data-orig-src=\"https:\/\/cdn-icons-png.flaticon.com\/512\/329\/329985.png\" alt=\"Germany free icon\" width=\"21\" height=\"21\" \/> <img decoding=\"async\" class=\"lazyload \" src=\"data:image\/svg+xml,%3Csvg%20xmlns%3D%27http%3A%2F%2Fwww.w3.org%2F2000%2Fsvg%27%20width%3D%2721%27%20height%3D%2721%27%20viewBox%3D%270%200%2021%2021%27%3E%3Crect%20width%3D%2721%27%20height%3D%2721%27%20fill-opacity%3D%220%22%2F%3E%3C%2Fsvg%3E\" data-orig-src=\"https:\/\/cdn-icons-png.flaticon.com\/512\/330\/330146.png\" alt=\"United kingdom free icon\" width=\"21\" height=\"21\" \/> <img decoding=\"async\" class=\"lazyload \" src=\"data:image\/svg+xml,%3Csvg%20xmlns%3D%27http%3A%2F%2Fwww.w3.org%2F2000%2Fsvg%27%20width%3D%2721%27%20height%3D%2721%27%20viewBox%3D%270%200%2021%2021%27%3E%3Crect%20width%3D%2721%27%20height%3D%2721%27%20fill-opacity%3D%220%22%2F%3E%3C%2Fsvg%3E\" data-orig-src=\"https:\/\/cdn-icons-png.flaticon.com\/512\/330\/330079.png\" width=\"21\" height=\"21\" \/> <img decoding=\"async\" class=\"lazyload \" src=\"data:image\/svg+xml,%3Csvg%20xmlns%3D%27http%3A%2F%2Fwww.w3.org%2F2000%2Fsvg%27%20width%3D%2720%27%20height%3D%2720%27%20viewBox%3D%270%200%2020%2020%27%3E%3Crect%20width%3D%2720%27%20height%3D%2720%27%20fill-opacity%3D%220%22%2F%3E%3C%2Fsvg%3E\" data-orig-src=\"https:\/\/cdn-icons-png.flaticon.com\/512\/159\/159666.png\" alt=\"Down arrow - Free arrows icons\" width=\"20\" height=\"20\" \/><\/p>\n<p><img decoding=\"async\" class=\"lazyload \" src=\"data:image\/svg+xml,%3Csvg%20xmlns%3D%27http%3A%2F%2Fwww.w3.org%2F2000%2Fsvg%27%20width%3D%2721%27%20height%3D%2721%27%20viewBox%3D%270%200%2021%2021%27%3E%3Crect%20width%3D%2721%27%20height%3D%2721%27%20fill-opacity%3D%220%22%2F%3E%3C%2Fsvg%3E\" data-orig-src=\"https:\/\/sadudelangedata.blob.core.windows.net\/files\/2023\/09\/FR.png\" width=\"21\" height=\"21\" \/> Pour certains types de travaux, vous devez introduire une demande d\u2019autorisation de b\u00e2tir aupr\u00e8s de la commune.<\/p>\n<p><strong>Les travaux n\u00e9cessitant une autorisation de b\u00e2tir<\/strong><\/p>\n<ul>\n<li><em>\u00c0 l\u2019int\u00e9rieur de l\u2019immeuble<\/em> :\n<ul>\n<li>tous les travaux qui concernent la structure du b\u00e2timent : dalles, murs porteurs\u2026<\/li>\n<li>la cr\u00e9ation ou l\u2019agrandissement des ouvertures dans les fa\u00e7ades et les toitures<\/li>\n<li>la pose d\u2019un conduit de chemin\u00e9e en fa\u00e7ade ou toiture<\/li>\n<li>la pose de panneaux photovolta\u00efques ou d\u2019une pompe \u00e0 chaleur<\/li>\n<li>l\u2019isolation des murs ext\u00e9rieurs et la mise en peinture<\/li>\n<\/ul>\n<\/li>\n<li><em>Aux alentours de l\u2019immeuble<\/em> :\n<ul>\n<li>dalle, mur et muret, mur de sout\u00e8nement, cl\u00f4ture, grillage\u2026<\/li>\n<li>scellement de surfaces, terrasse, escalier\u2026<\/li>\n<li>terrasse couverte, v\u00e9randa, pergola\u2026<\/li>\n<li>abri de jardin, d\u00e9pendance et constructions similaires<\/li>\n<li>piscine<\/li>\n<li>emplacement de stationnement<\/li>\n<li>enseigne publicitaire<\/li>\n<li>d\u00e9molition d\u2019une construction existante (murs, abri de jardin, dalle\u2026).<\/li>\n<\/ul>\n<\/li>\n<\/ul>\n<p><strong>Les travaux <span style=\"text-decoration: underline;\">sans<\/span> autorisation de b\u00e2tir<br \/>\n<\/strong><\/p>\n<ul>\n<li>le remplacement des fen\u00eatres (si les dimensions sont identiques)<\/li>\n<li>les petits travaux tels que le carrelage, les sanitaires\u2026<\/li>\n<\/ul>\n<p><span style=\"text-decoration: underline;\"><strong>Comment obtenir une autorisation de b\u00e2tir?<\/strong><\/span><\/p>\n<p>Pour obtenir une autorisation de b\u00e2tir (permis de construire), adressez-vous au <span style=\"text-decoration: underline;\"><span style=\"color: #ef4030; text-decoration: underline;\"><br \/>\n<a style=\"color: #ef4030; text-decoration: underline;\" href=\"https:\/\/www.dudelange.lu\/index.php\/services-communaux\/architecture-et-domaines\/\" target=\"_blank\" rel=\"noopener\">Service de l\u2019architecture et des domaines &gt; Autorisations de b\u00e2tir<\/a>\u200b\u200b<\/span><\/span><span style=\"color: #ef4030;\"> (lien)<\/span>\u200b<br \/>\nT\u00e9l. 516121 -3820 \/ -3821 \/ -3824 \/ -385<\/p>\n<p>Formulaires \u00e0 t\u00e9l\u00e9charger:<\/p>\n<ul>\n<li><span style=\"text-decoration: underline;\"><span style=\"color: #ef4030; text-decoration: underline;\"><a style=\"color: #ef4030; text-decoration: underline;\" href=\"https:\/\/sadudelangedata.blob.core.windows.net\/files\/2026\/04\/1-demande-de-construction-de-batir.pdf\" target=\"_blank\" rel=\"noopener\">Demande d\u2019autorisation de b\u00e2tir<\/a><\/span><\/span> (PDF, 4,27 MB)<\/li>\n<li><span style=\"text-decoration: underline;\"><span style=\"color: #ef4030; text-decoration: underline;\"><a style=\"color: #ef4030; text-decoration: underline;\" href=\"https:\/\/sadudelangedata.blob.core.windows.net\/files\/2023\/01\/Accord-coproprietaire-voisin.pdf\">Accord copropri\u00e9taire \/ voisin<\/a><\/span><\/span> (PDF, 4,63 MB)<\/li>\n<\/ul>\n<p>Pensez aux diff\u00e9rents <span style=\"text-decoration: underline;\"><strong>subsides<\/strong><\/span> que vous pouvez recevoir en cas de travaux:<br \/>\n<a style=\"color: #ef4030; text-decoration: underline;\" href=\"https:\/\/www.dudelange.lu\/index.php\/demarches-administratives\/apercu-des-aides-financieres-communales-et-etatiques\/\">Aides financi\u00e8res communales et \u00e9tatiques (lien)<\/a><\/p>\n<p>&#8211;<\/p>\n<p><img decoding=\"async\" class=\"lazyload \" src=\"data:image\/svg+xml,%3Csvg%20xmlns%3D%27http%3A%2F%2Fwww.w3.org%2F2000%2Fsvg%27%20width%3D%2721%27%20height%3D%2721%27%20viewBox%3D%270%200%2021%2021%27%3E%3Crect%20width%3D%2721%27%20height%3D%2721%27%20fill-opacity%3D%220%22%2F%3E%3C%2Fsvg%3E\" data-orig-src=\"https:\/\/cdn-icons-png.flaticon.com\/512\/329\/329985.png\" alt=\"Germany free icon\" width=\"21\" height=\"21\" \/> <strong>Baugenehmigungen<\/strong><\/p>\n<p>F\u00fcr bestimmte Bauvorhaben m\u00fcssen Sie bei der Gemeinde eine Baugenehmigung beantragen.<\/p>\n<p><strong>Arbeiten, die eine Baugenehmigung erfordern:<\/strong><\/p>\n<ul>\n<li><em>Im Geb\u00e4ude:<\/em>\n<ul>\n<li>s\u00e4mtliche Bauma\u00dfnahmen, die die Struktur des Geb\u00e4udes betreffen: Bodenplatten, tragende W\u00e4nde usw.<\/li>\n<li>die Schaffung oder Vergr\u00f6\u00dferung von \u00d6ffnungen in der Fassade<\/li>\n<li>das Anbringen eines Schornsteins an der Fassade oder auf dem Dach<\/li>\n<li>die Installation von Photovoltaikmodulen oder einer W\u00e4rmepumpe<\/li>\n<li>die Isolierung der Au\u00dfenw\u00e4nde und Anstricharbeiten.<\/li>\n<\/ul>\n<\/li>\n<li><em>Au\u00dferhalb des Geb\u00e4udes<\/em>:\n<ul>\n<li>Bodenplatte, Mauer und M\u00e4uerchen, St\u00fctzmauer, Zaun, Gitter \u2026<\/li>\n<li>Versiegelung von Fl\u00e4chen, Terrasse, Treppe \u2026<\/li>\n<li>\u00fcberdachte Terrasse, Veranda, Pergola \u2026<\/li>\n<li>Gartenhaus, Nebengeb\u00e4ude und \u00e4hnliche Konstruktionen<\/li>\n<li>Schwimmbecken<\/li>\n<li>Stellplatz<\/li>\n<li>Werbeschild<\/li>\n<li>Abriss eines bestehenden Bauwerks (Mauern, Gartenhaus, Bodenplatte \u2026).<\/li>\n<\/ul>\n<\/li>\n<\/ul>\n<p><strong>Arbeiten, die <span style=\"text-decoration: underline;\">keine<\/span> Baugenehmigung erfordern: <\/strong>Ersetzen von Fenstern (wenn die Ma\u00dfe identisch sind) &amp; kleinere Umbauten wie Fliesenlegen, Sanit\u00e4ranlagen usw.<\/p>\n<p><span style=\"text-decoration: underline;\"><strong>Wie erhalte ich eine Baugenehmigung?<\/strong><\/span><\/p>\n<p>Um eine Baugenehmigung (Baubewilligung) zu erhalten, wenden Sie sich an:<br \/>\n<span style=\"color: #ef4030;\"><span style=\"text-decoration: underline;\"><span style=\"color: #ef4030; text-decoration: underline;\"><a style=\"color: #ef4030; text-decoration: underline;\" href=\"https:\/\/www.dudelange.lu\/index.php\/services-communaux\/architecture-et-domaines\/\" target=\"_blank\" rel=\"noopener\">Service de l\u2019architecture et des domaines &gt; Autorisations de b\u00e2tir<\/a>\u200b\u200b<\/span><\/span> (Link)<\/span><span style=\"text-decoration: underline;\"><span style=\"color: #ef4030; text-decoration: underline;\"><br \/>\n<\/span><\/span>T\u00e9l. 516121 -3820 \/ -3821 \/ -3824 \/ -385\u200b<\/p>\n<p>Denken Sie an die verschiedenen <span style=\"text-decoration: underline;\"><strong>Zusch\u00fcsse<\/strong><\/span>, die Sie bei Bauma\u00dfnahmen beantragen k\u00f6nnen: <span style=\"text-decoration: underline; color: #ef4030;\"><br \/>\n<a style=\"color: #ef4030; text-decoration: underline;\" href=\"https:\/\/www.dudelange.lu\/index.php\/demarches-administratives\/apercu-des-aides-financieres-communales-et-etatiques\/\">\u00dcbersicht \u00fcber die kommunalen und staatlichen Zusch\u00fcsse (Link)<\/a><\/span><\/p>\n<p>&#8211;<\/p>\n<p><img decoding=\"async\" class=\"lazyload \" src=\"data:image\/svg+xml,%3Csvg%20xmlns%3D%27http%3A%2F%2Fwww.w3.org%2F2000%2Fsvg%27%20width%3D%2721%27%20height%3D%2721%27%20viewBox%3D%270%200%2021%2021%27%3E%3Crect%20width%3D%2721%27%20height%3D%2721%27%20fill-opacity%3D%220%22%2F%3E%3C%2Fsvg%3E\" data-orig-src=\"https:\/\/cdn-icons-png.flaticon.com\/512\/330\/330146.png\" alt=\"United kingdom free icon\" width=\"21\" height=\"21\" \/> <strong>Building permits<\/strong><\/p>\n<p>For certain types of work, you need to apply to the local authority for a building permit.<\/p>\n<p><strong>Work requiring planning permission<\/strong><\/p>\n<ul>\n<li><em>Inside a building:<\/em>\n<ul>\n<li>all work involving the structure of the building: slabs, load-bearing walls, etc.<\/li>\n<li>creating or enlarging openings in facades and roofs<\/li>\n<li>installation of chimney flues in facades or roofs<\/li>\n<li>installation of photovoltaic panels or a heat pump<\/li>\n<li>exterior wall insulation and finish painting<\/li>\n<\/ul>\n<\/li>\n<li><em>Around the building:<\/em>\n<ul>\n<li>slabs, walls and low walls, retaining walls, fences, wire mesh, etc.<\/li>\n<li>sealing of surfaces, terraces, stairs, etc.<\/li>\n<li>covered terraces, verandas, pergolas, etc.<\/li>\n<li>garden sheds, outbuildings and similar structures<\/li>\n<li>swimming pools<\/li>\n<li>parking spaces<\/li>\n<li>advertising signs<\/li>\n<li>demolition of an existing structure (walls, garden sheds, slabs, etc.).<\/li>\n<\/ul>\n<\/li>\n<\/ul>\n<p><strong>Work where planning permission is not required: <\/strong>replacement of windows (if the dimensions are identical) &amp; minor work such as tiling, sanitary fixtures, etc.<\/p>\n<p><span style=\"text-decoration: underline;\"><strong>How do I obtain a building permit?<\/strong><\/span><\/p>\n<p>To obtain a building permit (planning permission), please contact:<br \/>\n<span style=\"color: #ef4030;\"><span style=\"text-decoration: underline;\"><span style=\"color: #ef4030; text-decoration: underline;\"><a style=\"color: #ef4030; text-decoration: underline;\" href=\"https:\/\/www.dudelange.lu\/index.php\/services-communaux\/architecture-et-domaines\/\" target=\"_blank\" rel=\"noopener\">Service de l\u2019architecture et des domaines &gt; Autorisations de b\u00e2tir<\/a>\u200b\u200b<\/span><\/span> (link)<\/span><span style=\"text-decoration: underline;\"><span style=\"color: #ef4030; text-decoration: underline;\"><br \/>\n<\/span><\/span>T\u00e9l. 516121 -3820 \/ -3821 \/ -3824 \/ -385\u00a0\u200b<\/p>\n<p>Consider the various <span style=\"text-decoration: underline;\"><strong>subsidies<\/strong><\/span> you can receive for your work: <span style=\"text-decoration: underline; color: #ef4030;\"><br \/>\n<a style=\"color: #ef4030;\" href=\"https:\/\/www.dudelange.lu\/index.php\/demarches-administratives\/apercu-des-aides-financieres-communales-et-etatiques\/\">Overview of communal and state subsidies (link)<\/a><\/span><\/p>\n<p>&#8211;<\/p>\n<p><img decoding=\"async\" class=\"lazyload \" src=\"data:image\/svg+xml,%3Csvg%20xmlns%3D%27http%3A%2F%2Fwww.w3.org%2F2000%2Fsvg%27%20width%3D%2721%27%20height%3D%2721%27%20viewBox%3D%270%200%2021%2021%27%3E%3Crect%20width%3D%2721%27%20height%3D%2721%27%20fill-opacity%3D%220%22%2F%3E%3C%2Fsvg%3E\" data-orig-src=\"https:\/\/cdn-icons-png.flaticon.com\/512\/330\/330079.png\" width=\"21\" height=\"21\" \/> <strong>Licen\u00e7as de constru\u00e7\u00e3o<\/strong><\/p>\n<p>Para determinados tipos de obras, deve requerer uma licen\u00e7a de constru\u00e7\u00e3o junto do munic\u00edpio.<\/p>\n<p><strong>Obras que carecem de licen\u00e7a de constru\u00e7\u00e3o<\/strong><\/p>\n<ul>\n<li><em>No interior do edif\u00edcio:<\/em>\n<ul>\n<li>todas as obras que incidam na estrutura do edif\u00edcio: pavimentos, paredes mestras, etc.<\/li>\n<li>cria\u00e7\u00e3o ou amplia\u00e7\u00e3o de aberturas em fachadas e telhados<\/li>\n<li>instala\u00e7\u00e3o de uma conduta de chamin\u00e9 na fachada ou no telhado<\/li>\n<li>instala\u00e7\u00e3o de pain\u00e9is fotovoltaicos ou de uma bomba de calor<\/li>\n<li>isolamento e pintura de paredes exteriores<\/li>\n<\/ul>\n<\/li>\n<li><em>No exterior do edif\u00edcio:<\/em>\n<ul>\n<li>pavimentos, muros e muretes, muros de suporte, veda\u00e7\u00f5es, cercas em rede, etc.<\/li>\n<li>impermeabiliza\u00e7\u00e3o de superf\u00edcies, terra\u00e7os, escadas, etc.<\/li>\n<li>terra\u00e7os cobertos, varandas, p\u00e9rgulas, etc.<\/li>\n<li>abrigos de jardim, anexos e estruturas similares<\/li>\n<li>piscinas<\/li>\n<li>lugares de estacionamento<\/li>\n<li>pain\u00e9is publicit\u00e1rios<\/li>\n<li>demoli\u00e7\u00e3o de estruturas existentes (muros, abrigos de jardim, pavimentos, etc.).<\/li>\n<\/ul>\n<\/li>\n<\/ul>\n<p><strong>Obras que <span style=\"text-decoration: underline;\">n\u00e3o<\/span> carecem de licen\u00e7a de constru\u00e7\u00e3o: <\/strong>substitui\u00e7\u00e3o de janelas (se as dimens\u00f5es forem id\u00eanticas) &amp; pequenas obras, tais como coloca\u00e7\u00e3o de ladrilhos, loi\u00e7as sanit\u00e1rias, etc.<\/p>\n<p><span style=\"text-decoration: underline;\"><strong>Como posso obter uma licen\u00e7a de constru\u00e7\u00e3o?<\/strong><\/span><\/p>\n<p>Para obter uma licen\u00e7a de constru\u00e7\u00e3o (autoriza\u00e7\u00e3o de planeamento), contacte:<br \/>\n<span style=\"text-decoration: underline;\"><span style=\"color: #ef4030; text-decoration: underline;\"><span style=\"color: #ef4030;\"><a style=\"color: #ef4030; text-decoration: underline;\" href=\"https:\/\/www.dudelange.lu\/index.php\/services-communaux\/architecture-et-domaines\/\" target=\"_blank\" rel=\"noopener\">Service de l\u2019architecture et des domaines &gt; Autorisations de b\u00e2tir<\/a>\u200b\u200b<\/span><\/span><\/span><span style=\"color: #ef4030;\"><span style=\"color: #ef4030;\"> (link)<\/span><\/span><br \/>\n\u200bT\u00e9l. 516121 -3820 \/ -3821 \/ -3824 \/ -385\u200b<\/p>\n<p>Pense nos v\u00e1rios <span style=\"text-decoration: underline;\"><strong>subs\u00eddios<\/strong><\/span> que pode receber para a realiza\u00e7\u00e3o de obras:<br \/>\n<span style=\"text-decoration: underline; color: #ef4030;\"><a style=\"color: #ef4030; text-decoration: underline;\" title=\"Vis\u00e3o Geral Dos Apoios Financeiros Municipais E Estatais (PDF, 1000KB)\" href=\"https:\/\/www.dudelange.lu\/index.php\/demarches-administratives\/apercu-des-aides-financieres-communales-et-etatiques\/\" target=\"_blank\" rel=\"noopener\">Vis\u00e3o geral dos apoios financeiros municipais e estatais<\/a> (link)<\/span><\/p>\n","protected":false},"excerpt":{"rendered":"<p>Pour certains types de travaux, vous devez introduire une demande [&hellip;]<\/p>\n","protected":false},"author":11,"featured_media":0,"parent":2127,"menu_order":0,"comment_status":"closed","ping_status":"closed","template":"","meta":{"footnotes":""},"class_list":["post-4262","page","type-page","status-publish","hentry"],"publishpress_future_action":{"enabled":false,"date":"2026-05-06 08:46:10","action":"change-status","newStatus":"draft","terms":[],"taxonomy":"","extraData":[]},"publishpress_future_workflow_manual_trigger":{"enabledWorkflows":[]},"_links":{"self":[{"href":"https:\/\/www.dudelange.lu\/index.php\/wp-json\/wp\/v2\/pages\/4262","targetHints":{"allow":["GET"]}}],"collection":[{"href":"https:\/\/www.dudelange.lu\/index.php\/wp-json\/wp\/v2\/pages"}],"about":[{"href":"https:\/\/www.dudelange.lu\/index.php\/wp-json\/wp\/v2\/types\/page"}],"author":[{"embeddable":true,"href":"https:\/\/www.dudelange.lu\/index.php\/wp-json\/wp\/v2\/users\/11"}],"replies":[{"embeddable":true,"href":"https:\/\/www.dudelange.lu\/index.php\/wp-json\/wp\/v2\/comments?post=4262"}],"version-history":[{"count":23,"href":"https:\/\/www.dudelange.lu\/index.php\/wp-json\/wp\/v2\/pages\/4262\/revisions"}],"predecessor-version":[{"id":30548,"href":"https:\/\/www.dudelange.lu\/index.php\/wp-json\/wp\/v2\/pages\/4262\/revisions\/30548"}],"up":[{"embeddable":true,"href":"https:\/\/www.dudelange.lu\/index.php\/wp-json\/wp\/v2\/pages\/2127"}],"wp:attachment":[{"href":"https:\/\/www.dudelange.lu\/index.php\/wp-json\/wp\/v2\/media?parent=4262"}],"curies":[{"name":"wp","href":"https:\/\/api.w.org\/{rel}","templated":true}]}}