{"id":4263,"date":"2021-09-27T15:10:38","date_gmt":"2021-09-27T13:10:38","guid":{"rendered":"https:\/\/dudelange.devoteamlab.lu\/?page_id=4263"},"modified":"2021-09-30T14:38:42","modified_gmt":"2021-09-30T12:38:42","slug":"urban-garden-neischmelz","status":"publish","type":"page","link":"https:\/\/www.dudelange.lu\/index.php\/urban-garden-neischmelz\/","title":{"rendered":"Urban Garden NeiSchmelz"},"content":{"rendered":"<p>Route de Thionville, derri\u00e8re le Skatepark\u200b<\/p>\n<p>D\u00e9but\u00e9 en mai 2018, le jardin communautaire est g\u00e9r\u00e9 par un groupe de citoyens passionn\u00e9s de jardinage.<br \/>\nIl leur permet de cultiver, jardiner et r\u00e9colter dans une ambiance conviviale.<\/p>\n<p>Vous avez envie de jardiner mais n\u2019avez pas de jardin ? Vous avez envie de jardiner mais pas tout seul ? Vous avez envie de partager vos l\u00e9gumes et vos connaissances ? Le jardinage, la biodiversit\u00e9, le partage et la convivialit\u00e9 vous passionnent ? Rejoignez-les!<\/p>\n<p><strong>Urban Garden NeiSchmelz<\/strong><br \/>\nT 516121 -263<br \/>\n<a href=\"mailto:urbangarden@dudelange.lu\"><span style=\"text-decoration: underline; color: #ef4030;\">urbangarden@dudelange.lu<\/span><\/a><br \/>\n<a href=\"https:\/\/www.facebook.com\/groups\/151770565448121\" target=\"_blank\" rel=\"noopener\"><span style=\"text-decoration: underline;\"><span style=\"color: #ef4030; text-decoration: underline;\">Facebook<\/span><\/span><\/a><\/p>\n<p>&nbsp;<\/p>\n","protected":false},"excerpt":{"rendered":"<p>Route de Thionville, derri\u00e8re le Skatepark\u200b D\u00e9but\u00e9 en mai 2018, [&hellip;]<\/p>\n","protected":false},"author":8,"featured_media":4265,"parent":0,"menu_order":0,"comment_status":"closed","ping_status":"closed","template":"","meta":{"footnotes":""},"class_list":["post-4263","page","type-page","status-publish","has-post-thumbnail","hentry"],"publishpress_future_action":{"enabled":false,"date":"2026-05-13 06:35:29","action":"change-status","newStatus":"draft","terms":[],"taxonomy":"","extraData":[]},"publishpress_future_workflow_manual_trigger":{"enabledWorkflows":[]},"_links":{"self":[{"href":"https:\/\/www.dudelange.lu\/index.php\/wp-json\/wp\/v2\/pages\/4263","targetHints":{"allow":["GET"]}}],"collection":[{"href":"https:\/\/www.dudelange.lu\/index.php\/wp-json\/wp\/v2\/pages"}],"about":[{"href":"https:\/\/www.dudelange.lu\/index.php\/wp-json\/wp\/v2\/types\/page"}],"author":[{"embeddable":true,"href":"https:\/\/www.dudelange.lu\/index.php\/wp-json\/wp\/v2\/users\/8"}],"replies":[{"embeddable":true,"href":"https:\/\/www.dudelange.lu\/index.php\/wp-json\/wp\/v2\/comments?post=4263"}],"version-history":[{"count":6,"href":"https:\/\/www.dudelange.lu\/index.php\/wp-json\/wp\/v2\/pages\/4263\/revisions"}],"predecessor-version":[{"id":5289,"href":"https:\/\/www.dudelange.lu\/index.php\/wp-json\/wp\/v2\/pages\/4263\/revisions\/5289"}],"wp:featuredmedia":[{"embeddable":true,"href":"https:\/\/www.dudelange.lu\/index.php\/wp-json\/wp\/v2\/media\/4265"}],"wp:attachment":[{"href":"https:\/\/www.dudelange.lu\/index.php\/wp-json\/wp\/v2\/media?parent=4263"}],"curies":[{"name":"wp","href":"https:\/\/api.w.org\/{rel}","templated":true}]}}