{"id":4266,"date":"2021-09-27T15:17:24","date_gmt":"2021-09-27T13:17:24","guid":{"rendered":"https:\/\/dudelange.devoteamlab.lu\/?page_id=4266"},"modified":"2024-12-27T14:24:51","modified_gmt":"2024-12-27T13:24:51","slug":"poubelles-enlevement-dechets-sacs-valorlux","status":"publish","type":"page","link":"https:\/\/www.dudelange.lu\/index.php\/demarches-administratives\/poubelles-enlevement-dechets-sacs-valorlux\/","title":{"rendered":"Poubelles \/ D\u00e9chets"},"content":{"rendered":"<p><strong>Poubelles<\/strong><\/p>\n<p>Pour commander, r\u00e9silier ou effectuer des changements de poubelles, vous pouvez contacter:<\/p>\n<ul>\n<li><a href=\"https:\/\/www.dudelange.lu\/index.php\/services-communaux\/ateliers-communaux\/\" target=\"_blank\" rel=\"noopener\"><span style=\"text-decoration: underline;\"><span style=\"color: #ef4030; text-decoration: underline;\">Secr\u00e9tariat des ateliers communaux<\/span><\/span><\/a><strong><br \/>\n<\/strong><\/li>\n<li><span style=\"text-decoration: underline;\"><span style=\"color: #ef4030; text-decoration: underline;\"><a style=\"color: #ef4030; text-decoration: underline;\" href=\"https:\/\/www.dudelange.lu\/index.php\/services-communaux\/office-des-citoyens-biergeramt\/\" target=\"_blank\" rel=\"noopener\">Office des\u200b citoyen\u00b7nes<\/a><\/span><\/span><\/li>\n<\/ul>\n<p>&nbsp;<\/p>\n<p><strong>Sacs-poubelle<\/strong><\/p>\n<p>Pour acheter des sacs-poubelle noirs (d\u00e9chets m\u00e9nagers) ou bien recevoir des sacs-poubelle bleus Valorlux, vous pouvez vous adresser \u00e0:<\/p>\n<ul>\n<li><span style=\"text-decoration: underline;\"><span style=\"color: #ef4030; text-decoration: underline;\"><a style=\"color: #ef4030; text-decoration: underline;\" href=\"https:\/\/www.dudelange.lu\/index.php\/services-communaux\/accueil\/\">Accueil de l\u2019H\u00f4tel de Ville<\/a><\/span><\/span><\/li>\n<\/ul>\n<p>&nbsp;<\/p>\n<p>Plus d&rsquo;infos:<\/p>\n<ul>\n<li><span style=\"text-decoration: underline;\"><span style=\"color: #ef4030;\"><a style=\"color: #ef4030; text-decoration: underline;\" href=\"https:\/\/sadudelangedata.blob.core.windows.net\/files\/2021\/09\/6151c402803e8-6151c402803e9Depliant_dechets_nv_reglement.pdf.pdf\" target=\"_blank\" rel=\"noopener\">R\u00e8glement des d\u00e9chets<\/a><\/span><\/span> (PDF, 6 MB, en fran\u00e7ais et en allemand)<\/li>\n<li><span style=\"text-decoration: underline;\"><span style=\"color: #ef4030; text-decoration: underline;\"><a style=\"color: #ef4030; text-decoration: underline;\" href=\"https:\/\/www.dudelange.lu\/index.php\/demarches-administratives\/dechets-encombrants\/\">D\u00e9chets encombrants<\/a><\/span><\/span> (lien)<\/li>\n<\/ul>\n","protected":false},"excerpt":{"rendered":"<p>Poubelles Pour commander, r\u00e9silier ou effectuer des changements de poubelles, [&hellip;]<\/p>\n","protected":false},"author":11,"featured_media":0,"parent":2127,"menu_order":0,"comment_status":"closed","ping_status":"closed","template":"","meta":{"footnotes":""},"class_list":["post-4266","page","type-page","status-publish","hentry"],"publishpress_future_action":{"enabled":false,"date":"2026-05-21 18:20:23","action":"change-status","newStatus":"draft","terms":[],"taxonomy":"","extraData":[]},"publishpress_future_workflow_manual_trigger":{"enabledWorkflows":[]},"_links":{"self":[{"href":"https:\/\/www.dudelange.lu\/index.php\/wp-json\/wp\/v2\/pages\/4266","targetHints":{"allow":["GET"]}}],"collection":[{"href":"https:\/\/www.dudelange.lu\/index.php\/wp-json\/wp\/v2\/pages"}],"about":[{"href":"https:\/\/www.dudelange.lu\/index.php\/wp-json\/wp\/v2\/types\/page"}],"author":[{"embeddable":true,"href":"https:\/\/www.dudelange.lu\/index.php\/wp-json\/wp\/v2\/users\/11"}],"replies":[{"embeddable":true,"href":"https:\/\/www.dudelange.lu\/index.php\/wp-json\/wp\/v2\/comments?post=4266"}],"version-history":[{"count":7,"href":"https:\/\/www.dudelange.lu\/index.php\/wp-json\/wp\/v2\/pages\/4266\/revisions"}],"predecessor-version":[{"id":26397,"href":"https:\/\/www.dudelange.lu\/index.php\/wp-json\/wp\/v2\/pages\/4266\/revisions\/26397"}],"up":[{"embeddable":true,"href":"https:\/\/www.dudelange.lu\/index.php\/wp-json\/wp\/v2\/pages\/2127"}],"wp:attachment":[{"href":"https:\/\/www.dudelange.lu\/index.php\/wp-json\/wp\/v2\/media?parent=4266"}],"curies":[{"name":"wp","href":"https:\/\/api.w.org\/{rel}","templated":true}]}}