{"id":4278,"date":"2021-09-27T15:17:50","date_gmt":"2021-09-27T13:17:50","guid":{"rendered":"https:\/\/dudelange.devoteamlab.lu\/?page_id=4278"},"modified":"2024-05-30T11:20:43","modified_gmt":"2024-05-30T09:20:43","slug":"vergers","status":"publish","type":"page","link":"https:\/\/www.dudelange.lu\/index.php\/vergers\/","title":{"rendered":"Vergers publics"},"content":{"rendered":"<p>La Ville de Dude\u200blange dispose de 5 vergers. Ils sont \u00e0 la disposition des habitants de Dudelange \u00e0 tout moment. Venez cueillir vos fruits gratuitement! Cueillette en petites quantit\u00e9s destin\u00e9 \u00e0 un usage priv\u00e9.<\/p>\n<ul>\n<li>Am Weierchen: coings, quetsches, mirabelles, poires, pommes et noix.<\/li>\n<li>Rue des Romains: quetsches, pommes et noix.<\/li>\n<li>Rue des Champs: cerises, coings, quetsches, mirabelles, p\u00eaches, poires, pommes et noix.<\/li>\n<li>Route de Luxembourg: quetsches, poires, pommes et noix.<\/li>\n<li><em>Verger p\u00e9dagogique<\/em> Rue du Mont Saint Jean: poires, pommes, mirabelles, framboises, noisettes, myrtilles, m\u00fbres,&#8230;<\/li>\n<\/ul>\n<p>[PDF] <a href=\"https:\/\/sadudelangedata.blob.core.windows.net\/files\/2024\/05\/Plan-vergers-publics-Dudelange.pdf\"><span style=\"text-decoration: underline;\"><span style=\"color: #ef4030; text-decoration: underline;\">Plan<\/span><\/span><\/a><\/p>\n<p>&#8211;<\/p>\n<p><strong>\u00d6ffentliche Obstg\u00e4rten<\/strong><br \/>\nDie Stadt D\u00fcdelingen verf\u00fcgt \u00fcber 5 Obstg\u00e4rten. Sie stehen den Einwohnern von D\u00fcdelingen jederzeit zur Verf\u00fcgung. Pfl\u00fccken Sie Ihr Obst kostenlos! Kleine Mengen sind nur f\u00fcr den privaten Gebrauch bestimmt.<\/p>\n<ul style=\"list-style-type: disc;\">\n<li>Am Weierchen: Quitten, Zwetschgen, Mirabellen, Birnen, \u00c4pfel und Waln\u00fcsse.<\/li>\n<li>Rue des Romains: Zwetschgen, \u00c4pfel und Waln\u00fcsse.<\/li>\n<li>Rue des Champs: Kirschen, Quitten, Zwetschgen, Mirabellen, Pfirsiche, Birnen, \u00c4pfel und Waln\u00fcsse.<\/li>\n<li>Route de Luxembourg: Zwetschgen, Birnen, \u00c4pfel und Waln\u00fcsse.<\/li>\n<li><em>P\u00e4dagogischer Obstgarten<\/em> Rue du Mont Saint Jean: Birnen, \u00c4pfel, Mirabellen, Himbeeren, Haseln\u00fcsse, Blaubeeren, Brombeeren,&#8230;<\/li>\n<\/ul>\n<p>[PDF] <span style=\"text-decoration: underline;\"><span style=\"color: #ef4030;\"><a style=\"color: #ef4030; text-decoration: underline;\" href=\"https:\/\/sadudelangedata.blob.core.windows.net\/files\/2024\/05\/Plan-vergers-publics-Dudelange.pdf\">Plan<\/a><\/span><\/span><\/p>\n","protected":false},"excerpt":{"rendered":"<p>La Ville de Dude\u200blange dispose de 5 vergers. Ils sont [&hellip;]<\/p>\n","protected":false},"author":8,"featured_media":4279,"parent":0,"menu_order":0,"comment_status":"closed","ping_status":"closed","template":"","meta":{"footnotes":""},"class_list":["post-4278","page","type-page","status-publish","has-post-thumbnail","hentry"],"publishpress_future_action":{"enabled":false,"date":"2026-05-10 05:59:32","action":"change-status","newStatus":"draft","terms":[],"taxonomy":"","extraData":[]},"publishpress_future_workflow_manual_trigger":{"enabledWorkflows":[]},"_links":{"self":[{"href":"https:\/\/www.dudelange.lu\/index.php\/wp-json\/wp\/v2\/pages\/4278","targetHints":{"allow":["GET"]}}],"collection":[{"href":"https:\/\/www.dudelange.lu\/index.php\/wp-json\/wp\/v2\/pages"}],"about":[{"href":"https:\/\/www.dudelange.lu\/index.php\/wp-json\/wp\/v2\/types\/page"}],"author":[{"embeddable":true,"href":"https:\/\/www.dudelange.lu\/index.php\/wp-json\/wp\/v2\/users\/8"}],"replies":[{"embeddable":true,"href":"https:\/\/www.dudelange.lu\/index.php\/wp-json\/wp\/v2\/comments?post=4278"}],"version-history":[{"count":14,"href":"https:\/\/www.dudelange.lu\/index.php\/wp-json\/wp\/v2\/pages\/4278\/revisions"}],"predecessor-version":[{"id":24357,"href":"https:\/\/www.dudelange.lu\/index.php\/wp-json\/wp\/v2\/pages\/4278\/revisions\/24357"}],"wp:featuredmedia":[{"embeddable":true,"href":"https:\/\/www.dudelange.lu\/index.php\/wp-json\/wp\/v2\/media\/4279"}],"wp:attachment":[{"href":"https:\/\/www.dudelange.lu\/index.php\/wp-json\/wp\/v2\/media?parent=4278"}],"curies":[{"name":"wp","href":"https:\/\/api.w.org\/{rel}","templated":true}]}}