{"id":4295,"date":"2021-09-27T15:47:52","date_gmt":"2021-09-27T13:47:52","guid":{"rendered":"https:\/\/dudelange.devoteamlab.lu\/?page_id=4295"},"modified":"2023-01-12T16:04:07","modified_gmt":"2023-01-12T15:04:07","slug":"centre-sportif-rene-hartmann","status":"publish","type":"page","link":"https:\/\/www.dudelange.lu\/index.php\/infrastructures-sportives\/centre-sportif-rene-hartmann\/","title":{"rendered":"Centre sportif Ren\u00e9 Hartmann"},"content":{"rendered":"<p>En novembre 2015, le Centre sportif Ren\u00e9 Hartmann a \u00e9t\u00e9 inaugur\u00e9. On y trouve une salle de handball, une salle de basketball, un dojo pour les arts martiaux, une piste de course, une salle multifonction, un mur d\u2019escalade d&rsquo;une hauteur de 15m, une salle de fitness de 500m\u00b2 et une piscine avec un bassin de 25m et un bassin d\u2019apprentissage.<\/p>\n<ul>\n<li><a href=\"https:\/\/www.dudelange.lu\/index.php\/infrastructures-sportives\/piscine-couverte\/\"><span style=\"text-decoration: underline;\"><span style=\"color: #ef4030; text-decoration: underline;\">Piscine couverte<\/span><\/span><\/a><\/li>\n<li><a href=\"http:\/\/d-summit.lu\/\" target=\"_blank\" rel=\"noopener\"><span style=\"text-decoration: underline;\"><span style=\"color: #ef4030; text-decoration: underline;\">Salle d&rsquo;escalade<\/span><\/span><\/a><\/li>\n<li><span style=\"text-decoration: underline;\"><span style=\"color: #ef4030; text-decoration: underline;\"><a style=\"color: #ef4030; text-decoration: underline;\" href=\"http:\/\/cad-power.lu\/\" target=\"_blank\" rel=\"noopener\">Salle de fitness<\/a><\/span><\/span><\/li>\n<\/ul>\n<p>&nbsp;<\/p>\n<p><strong>Centre sportif Ren\u00e9 Hartmann<\/strong><br \/>\n2 Rue Ren\u00e9 Hartmann, L-3425 Dudelange<br \/>\nT 516121 -510\/-521<br \/>\nOuvert tous les jours de 6h30 \u00e0 23h<\/p>\n<p>&nbsp;<\/p>\n","protected":false},"excerpt":{"rendered":"<p>En novembre 2015, le Centre sportif Ren\u00e9 Hartmann a \u00e9t\u00e9 [&hellip;]<\/p>\n","protected":false},"author":8,"featured_media":4309,"parent":2067,"menu_order":0,"comment_status":"closed","ping_status":"closed","template":"","meta":{"footnotes":""},"class_list":["post-4295","page","type-page","status-publish","has-post-thumbnail","hentry"],"publishpress_future_action":{"enabled":false,"date":"2026-04-22 05:44:22","action":"change-status","newStatus":"draft","terms":[],"taxonomy":"","extraData":[]},"publishpress_future_workflow_manual_trigger":{"enabledWorkflows":[]},"_links":{"self":[{"href":"https:\/\/www.dudelange.lu\/index.php\/wp-json\/wp\/v2\/pages\/4295","targetHints":{"allow":["GET"]}}],"collection":[{"href":"https:\/\/www.dudelange.lu\/index.php\/wp-json\/wp\/v2\/pages"}],"about":[{"href":"https:\/\/www.dudelange.lu\/index.php\/wp-json\/wp\/v2\/types\/page"}],"author":[{"embeddable":true,"href":"https:\/\/www.dudelange.lu\/index.php\/wp-json\/wp\/v2\/users\/8"}],"replies":[{"embeddable":true,"href":"https:\/\/www.dudelange.lu\/index.php\/wp-json\/wp\/v2\/comments?post=4295"}],"version-history":[{"count":5,"href":"https:\/\/www.dudelange.lu\/index.php\/wp-json\/wp\/v2\/pages\/4295\/revisions"}],"predecessor-version":[{"id":19372,"href":"https:\/\/www.dudelange.lu\/index.php\/wp-json\/wp\/v2\/pages\/4295\/revisions\/19372"}],"up":[{"embeddable":true,"href":"https:\/\/www.dudelange.lu\/index.php\/wp-json\/wp\/v2\/pages\/2067"}],"wp:featuredmedia":[{"embeddable":true,"href":"https:\/\/www.dudelange.lu\/index.php\/wp-json\/wp\/v2\/media\/4309"}],"wp:attachment":[{"href":"https:\/\/www.dudelange.lu\/index.php\/wp-json\/wp\/v2\/media?parent=4295"}],"curies":[{"name":"wp","href":"https:\/\/api.w.org\/{rel}","templated":true}]}}