{"id":4326,"date":"2021-09-27T16:03:23","date_gmt":"2021-09-27T14:03:23","guid":{"rendered":"https:\/\/dudelange.devoteamlab.lu\/?page_id=4326"},"modified":"2024-12-27T14:46:46","modified_gmt":"2024-12-27T13:46:46","slug":"vignette-parking-residentiel","status":"publish","type":"page","link":"https:\/\/www.dudelange.lu\/index.php\/demarches-administratives\/vignette-parking-residentiel\/","title":{"rendered":"Vignette parking r\u00e9sidentiel"},"content":{"rendered":"<div>\n<div class=\"fusion-content-tb fusion-content-tb-1\">\n<p>Le parking r\u00e9sidentiel a \u00e9t\u00e9 \u00e9largi \u00e0 tous les quartiers de la ville de Dudelange et la dur\u00e9e maximale de stationnement est fix\u00e9e \u00e0 3 heures. Dudelange est divis\u00e9 en 2 zones de stationnement r\u00e9sidentiel:<\/p>\n<div>\n<div>\n<ul>\n<li>Zone A \u00ab Centre \u00bb (Av. G-D Charlotte, rue du Commerce, rue Karl Marx n\u00b01 \u00e0 15, rue Jean Jaur\u00e8s n\u00b01 \u00e0 46, rue Dominique Lang n\u00b01 \u00e0 42, rue Edison, rue des \u00c9coles, rue Michel Lentz n\u00b01 \u00e0 23, place Am Duerf, rue de l\u2019Eglise, rue de l\u2019\u00c9tang, place de l\u2019H\u00f4tel de Ville, rue de la Lib\u00e9ration n\u00b01 \u00e0 22, Schwaarze Wee et rue Jean Wolter)<\/li>\n<li>Zone B \u00ab Quartier \u00bb\u00a0(toutes les autres rues non \u00e9num\u00e9r\u00e9es dans la zone A).<\/li>\n<\/ul>\n<\/div>\n<p>Conditions pour acqu\u00e9rir une vignette:<\/p>\n<ul>\n<li><a style=\"color: #ef4030; text-decoration: underline;\" href=\"https:\/\/sadudelangedata.blob.core.windows.net\/files\/2022\/01\/Reglement-circulation-20220101.pdf\">R\u00e8glement g\u00e9n\u00e9ral de la circulation (pages 48-57)<\/a> (PDF, 3,09 MB)<\/li>\n<\/ul>\n<p>Vignettes de stationnement\u200b &#8211;\u00a0Formulaires \u00e0 t\u00e9l\u00e9charger:<\/p>\n<ul>\n<li><span style=\"text-decoration: underline;\"><span style=\"color: #ef4030; text-decoration: underline;\"><a style=\"color: #ef4030; text-decoration: underline;\" href=\"https:\/\/sadudelangedata.blob.core.windows.net\/files\/2022\/01\/Vignette-annuelle-A.pdf\">Vignette annuelle &#8211; Zone A<\/a><\/span><\/span> (PDF, 201 KB)<\/li>\n<li><span style=\"text-decoration: underline;\"><span style=\"color: #ef4030; text-decoration: underline;\"><a style=\"color: #ef4030; text-decoration: underline;\" href=\"https:\/\/sadudelangedata.blob.core.windows.net\/files\/2022\/01\/Vignette-annuelle-B.pdf\">Vignette annuelle &#8211; Zone B<\/a><\/span><\/span> (PDF, 201 KB)<\/li>\n<li><span style=\"text-decoration: underline;\"><span style=\"color: #ef4030; text-decoration: underline;\"><a style=\"color: #ef4030; text-decoration: underline;\" href=\"https:\/\/sadudelangedata.blob.core.windows.net\/files\/2022\/01\/Vignette-nocturne-camionette-privee.pdf\">Vignette nocturne camionette priv\u00e9e<\/a><\/span><\/span>\u00a0(PDF, 201 KB)<\/li>\n<li><span style=\"text-decoration: underline;\"><span style=\"color: #ef4030; text-decoration: underline;\"><a style=\"color: #ef4030; text-decoration: underline;\" href=\"https:\/\/sadudelangedata.blob.core.windows.net\/files\/2022\/01\/Vignette-nocturne-camionettes-prof..pdf\">Vignette nocturne camionettes prof.<\/a><\/span><\/span><span style=\"color: #ef4030;\">\u00a0<\/span>(PDF, 203 KB)<\/li>\n<li><span style=\"text-decoration: underline;\"><span style=\"color: #ef4030; text-decoration: underline;\"><a style=\"color: #ef4030; text-decoration: underline;\" href=\"https:\/\/sadudelangedata.blob.core.windows.net\/files\/2022\/01\/Vignette-professionnelle.pdf\">Vignette professionnelle<\/a><\/span><\/span> (PDF, 210 KB)<\/li>\n<li><span style=\"text-decoration: underline;\"><span style=\"color: #ef4030; text-decoration: underline;\"><a style=\"color: #ef4030; text-decoration: underline;\" href=\"https:\/\/sadudelangedata.blob.core.windows.net\/files\/2022\/01\/Vignette-provisoire.pdf\">Vignette provisoire<\/a><\/span><\/span> (PDF, 173 KB)<span style=\"text-decoration: underline;\"><span style=\"color: #ef4030; text-decoration: underline;\">\u200b<\/span><\/span><\/li>\n<li><span style=\"text-decoration: underline;\"><span style=\"color: #ef4030;\"><a style=\"color: #ef4030; text-decoration: underline;\" href=\"https:\/\/sadudelangedata.blob.core.windows.net\/files\/2022\/02\/Vignette-visiteur.pdf\">Vignette visiteur<\/a><\/span><\/span> (PDF, 211 KB)<\/li>\n<\/ul>\n<\/div>\n<\/div>\n<div><\/div>\n<div>Les demandes pour les vignettes peuvent \u00eatre faites aupr\u00e8s des:<br \/>\n<strong>Agent\u00b7es municipaux\u00b7les<\/strong><br \/>\nT 516121 -3500<br \/>\n<span style=\"color: #3e3e3e;\"><a style=\"color: #3e3e3e;\" href=\"mailto:parkingresidentiel@dudelange.lu\" target=\"_blank\" rel=\"noopener\">parkingresidentiel@dudelange.lu<\/a><\/span><\/div>\n<\/div>\n<p><span style=\"text-decoration: underline; color: #ef4030;\"><a style=\"color: #ef4030;\" href=\"https:\/\/www.dudelange.lu\/index.php\/parking\/\">Plus d&rsquo;infos<\/a><\/span><\/p>\n","protected":false},"excerpt":{"rendered":"<p>Le parking r\u00e9sidentiel a \u00e9t\u00e9 \u00e9largi \u00e0 tous les quartiers [&hellip;]<\/p>\n","protected":false},"author":11,"featured_media":0,"parent":2127,"menu_order":0,"comment_status":"closed","ping_status":"closed","template":"","meta":{"footnotes":""},"class_list":["post-4326","page","type-page","status-publish","hentry"],"publishpress_future_action":{"enabled":false,"date":"2026-04-21 22:35:12","action":"change-status","newStatus":"draft","terms":[],"taxonomy":"","extraData":[]},"publishpress_future_workflow_manual_trigger":{"enabledWorkflows":[]},"_links":{"self":[{"href":"https:\/\/www.dudelange.lu\/index.php\/wp-json\/wp\/v2\/pages\/4326","targetHints":{"allow":["GET"]}}],"collection":[{"href":"https:\/\/www.dudelange.lu\/index.php\/wp-json\/wp\/v2\/pages"}],"about":[{"href":"https:\/\/www.dudelange.lu\/index.php\/wp-json\/wp\/v2\/types\/page"}],"author":[{"embeddable":true,"href":"https:\/\/www.dudelange.lu\/index.php\/wp-json\/wp\/v2\/users\/11"}],"replies":[{"embeddable":true,"href":"https:\/\/www.dudelange.lu\/index.php\/wp-json\/wp\/v2\/comments?post=4326"}],"version-history":[{"count":15,"href":"https:\/\/www.dudelange.lu\/index.php\/wp-json\/wp\/v2\/pages\/4326\/revisions"}],"predecessor-version":[{"id":26406,"href":"https:\/\/www.dudelange.lu\/index.php\/wp-json\/wp\/v2\/pages\/4326\/revisions\/26406"}],"up":[{"embeddable":true,"href":"https:\/\/www.dudelange.lu\/index.php\/wp-json\/wp\/v2\/pages\/2127"}],"wp:attachment":[{"href":"https:\/\/www.dudelange.lu\/index.php\/wp-json\/wp\/v2\/media?parent=4326"}],"curies":[{"name":"wp","href":"https:\/\/api.w.org\/{rel}","templated":true}]}}