{"id":4370,"date":"2021-09-27T16:54:01","date_gmt":"2021-09-27T14:54:01","guid":{"rendered":"https:\/\/dudelange.devoteamlab.lu\/?page_id=4370"},"modified":"2021-11-08T08:19:20","modified_gmt":"2021-11-08T07:19:20","slug":"skatepark","status":"publish","type":"page","link":"https:\/\/www.dudelange.lu\/index.php\/infrastructures-sportives\/skatepark\/","title":{"rendered":"Skatepark"},"content":{"rendered":"<p><strong>Skatepark Schmelz<\/strong><br \/>\nRoute de Thionville<br \/>\nSkatepark en plein air avec half-pipe, divers modules, rails et quarter-pipes.<br \/>\n<a href=\"http:\/\/www.parca\u200bndride.lu\"><span style=\"text-decoration: underline;\"><span style=\"color: #ef4030; text-decoration: underline;\">www.parca\u200bndride.lu<\/span><\/span><\/a><span style=\"text-decoration: underline;\"><span style=\"color: #ef4030; text-decoration: underline;\">\u00a0<\/span><\/span><\/p>\n<p><strong>Dudelange on Wheels<\/strong><br \/>\nGrand \u00e9v\u00e8nement de glisse international au mois de juillet avec des comp\u00e9titions (skate, streetboard, dirt, inline, scooter et BMX), un food village et des concerts. Entr\u00e9e gratuite.<br \/>\n<span style=\"text-decoration: underline;\"><span style=\"color: #ef4030; text-decoration: underline;\"><a style=\"color: #ef4030; text-decoration: underline;\" href=\"http:\/\/www.dow.lu\" target=\"_blank\" rel=\"noopener\">www.dow.lu<\/a><\/span><\/span><\/p>\n","protected":false},"excerpt":{"rendered":"<p>Skatepark Schmelz Route de Thionville Skatepark en plein air avec [&hellip;]<\/p>\n","protected":false},"author":8,"featured_media":4411,"parent":2067,"menu_order":0,"comment_status":"closed","ping_status":"closed","template":"","meta":{"footnotes":""},"class_list":["post-4370","page","type-page","status-publish","has-post-thumbnail","hentry"],"publishpress_future_action":{"enabled":false,"date":"2026-05-11 13:57:28","action":"change-status","newStatus":"draft","terms":[],"taxonomy":"","extraData":[]},"publishpress_future_workflow_manual_trigger":{"enabledWorkflows":[]},"_links":{"self":[{"href":"https:\/\/www.dudelange.lu\/index.php\/wp-json\/wp\/v2\/pages\/4370","targetHints":{"allow":["GET"]}}],"collection":[{"href":"https:\/\/www.dudelange.lu\/index.php\/wp-json\/wp\/v2\/pages"}],"about":[{"href":"https:\/\/www.dudelange.lu\/index.php\/wp-json\/wp\/v2\/types\/page"}],"author":[{"embeddable":true,"href":"https:\/\/www.dudelange.lu\/index.php\/wp-json\/wp\/v2\/users\/8"}],"replies":[{"embeddable":true,"href":"https:\/\/www.dudelange.lu\/index.php\/wp-json\/wp\/v2\/comments?post=4370"}],"version-history":[{"count":8,"href":"https:\/\/www.dudelange.lu\/index.php\/wp-json\/wp\/v2\/pages\/4370\/revisions"}],"predecessor-version":[{"id":14268,"href":"https:\/\/www.dudelange.lu\/index.php\/wp-json\/wp\/v2\/pages\/4370\/revisions\/14268"}],"up":[{"embeddable":true,"href":"https:\/\/www.dudelange.lu\/index.php\/wp-json\/wp\/v2\/pages\/2067"}],"wp:featuredmedia":[{"embeddable":true,"href":"https:\/\/www.dudelange.lu\/index.php\/wp-json\/wp\/v2\/media\/4411"}],"wp:attachment":[{"href":"https:\/\/www.dudelange.lu\/index.php\/wp-json\/wp\/v2\/media?parent=4370"}],"curies":[{"name":"wp","href":"https:\/\/api.w.org\/{rel}","templated":true}]}}