{"id":4376,"date":"2021-09-27T16:55:39","date_gmt":"2021-09-27T14:55:39","guid":{"rendered":"https:\/\/dudelange.devoteamlab.lu\/?page_id=4376"},"modified":"2021-10-14T08:50:50","modified_gmt":"2021-10-14T06:50:50","slug":"slackline","status":"publish","type":"page","link":"https:\/\/www.dudelange.lu\/index.php\/infrastructures-sportives\/slackline\/","title":{"rendered":"Slackline"},"content":{"rendered":"<p>La slackline est une pratique sportive s&rsquo;apparentant au funambulisme invitant \u00e0 y progresser en \u00e9quilibre, mais aussi \u00e0 y r\u00e9aliser d&rsquo;innombrables figures utilisant le rebond. Dudelange dispose de 3 slacklines:<\/p>\n<ul>\n<li>\u200bParc du Lyc\u00e9e Nic Biever (28 rue du Parc)<\/li>\n<li>Parc \u00c9mile Mayrisch (rue Dominique Lang)\u200b<\/li>\n<li>Schnauzelach (en face du Centre culturel opderschmelz)<\/li>\n<\/ul>\n","protected":false},"excerpt":{"rendered":"<p>La slackline est une pratique sportive s&rsquo;apparentant au funambulisme invitant [&hellip;]<\/p>\n","protected":false},"author":8,"featured_media":4414,"parent":2067,"menu_order":0,"comment_status":"closed","ping_status":"closed","template":"","meta":{"footnotes":""},"class_list":["post-4376","page","type-page","status-publish","has-post-thumbnail","hentry"],"publishpress_future_action":{"enabled":false,"date":"2026-05-07 10:34:06","action":"change-status","newStatus":"draft","terms":[],"taxonomy":"","extraData":[]},"publishpress_future_workflow_manual_trigger":{"enabledWorkflows":[]},"_links":{"self":[{"href":"https:\/\/www.dudelange.lu\/index.php\/wp-json\/wp\/v2\/pages\/4376","targetHints":{"allow":["GET"]}}],"collection":[{"href":"https:\/\/www.dudelange.lu\/index.php\/wp-json\/wp\/v2\/pages"}],"about":[{"href":"https:\/\/www.dudelange.lu\/index.php\/wp-json\/wp\/v2\/types\/page"}],"author":[{"embeddable":true,"href":"https:\/\/www.dudelange.lu\/index.php\/wp-json\/wp\/v2\/users\/8"}],"replies":[{"embeddable":true,"href":"https:\/\/www.dudelange.lu\/index.php\/wp-json\/wp\/v2\/comments?post=4376"}],"version-history":[{"count":3,"href":"https:\/\/www.dudelange.lu\/index.php\/wp-json\/wp\/v2\/pages\/4376\/revisions"}],"predecessor-version":[{"id":5443,"href":"https:\/\/www.dudelange.lu\/index.php\/wp-json\/wp\/v2\/pages\/4376\/revisions\/5443"}],"up":[{"embeddable":true,"href":"https:\/\/www.dudelange.lu\/index.php\/wp-json\/wp\/v2\/pages\/2067"}],"wp:featuredmedia":[{"embeddable":true,"href":"https:\/\/www.dudelange.lu\/index.php\/wp-json\/wp\/v2\/media\/4414"}],"wp:attachment":[{"href":"https:\/\/www.dudelange.lu\/index.php\/wp-json\/wp\/v2\/media?parent=4376"}],"curies":[{"name":"wp","href":"https:\/\/api.w.org\/{rel}","templated":true}]}}