{"id":4378,"date":"2021-09-27T16:57:29","date_gmt":"2021-09-27T14:57:29","guid":{"rendered":"https:\/\/dudelange.devoteamlab.lu\/?page_id=4378"},"modified":"2025-10-24T09:43:31","modified_gmt":"2025-10-24T07:43:31","slug":"stades","status":"publish","type":"page","link":"https:\/\/www.dudelange.lu\/index.php\/infrastructures-sportives\/stades\/","title":{"rendered":"Stades"},"content":{"rendered":"<p><strong>Stade Aloyse Meyer<br \/>\n<\/strong>Rue des Champs \/ Rue Eug\u00e8ne Conrad<br \/>\nActivit\u00e9s: football et baseball<\/p>\n<p><strong>Stade Amadeo Barozzi<br \/>\n<\/strong>Rue Reiteschkopp<br \/>\nActivit\u00e9: football<\/p>\n<p><strong>Stade municipal J.F. Kennedy<br \/>\n<\/strong>55 rue du Stade J.F. Kennedy<br \/>\nActivit\u00e9s: athl\u00e9tisme et football am\u00e9ricain<\/p>\n<ul>\n<li><a href=\"https:\/\/www.dudelange.lu\/index.php\/avis\/acces-limite-au-stade-j-f-kennedy\/\" target=\"_blank\" rel=\"noopener\"><span style=\"text-decoration: underline;\"><span style=\"color: #ef4030; text-decoration: underline;\">Attention: Acc\u00e8s limit\u00e9 durant les travaux<\/span><\/span><\/a><\/li>\n<\/ul>\n<p><strong>Stade Jos Nosbaum<\/strong><br \/>\n33 rue du Stade Jos Nosbaum<br \/>\nActivit\u00e9: \u200bfootball \u200b\u200b\u200b\u200b<\/p>\n","protected":false},"excerpt":{"rendered":"<p>Stade Aloyse Meyer Rue des Champs \/ Rue Eug\u00e8ne Conrad [&hellip;]<\/p>\n","protected":false},"author":8,"featured_media":4438,"parent":2067,"menu_order":0,"comment_status":"closed","ping_status":"closed","template":"","meta":{"footnotes":""},"class_list":["post-4378","page","type-page","status-publish","has-post-thumbnail","hentry"],"publishpress_future_action":{"enabled":false,"date":"2026-05-23 08:11:48","action":"change-status","newStatus":"draft","terms":[],"taxonomy":"","extraData":[]},"publishpress_future_workflow_manual_trigger":{"enabledWorkflows":[]},"_links":{"self":[{"href":"https:\/\/www.dudelange.lu\/index.php\/wp-json\/wp\/v2\/pages\/4378","targetHints":{"allow":["GET"]}}],"collection":[{"href":"https:\/\/www.dudelange.lu\/index.php\/wp-json\/wp\/v2\/pages"}],"about":[{"href":"https:\/\/www.dudelange.lu\/index.php\/wp-json\/wp\/v2\/types\/page"}],"author":[{"embeddable":true,"href":"https:\/\/www.dudelange.lu\/index.php\/wp-json\/wp\/v2\/users\/8"}],"replies":[{"embeddable":true,"href":"https:\/\/www.dudelange.lu\/index.php\/wp-json\/wp\/v2\/comments?post=4378"}],"version-history":[{"count":5,"href":"https:\/\/www.dudelange.lu\/index.php\/wp-json\/wp\/v2\/pages\/4378\/revisions"}],"predecessor-version":[{"id":29119,"href":"https:\/\/www.dudelange.lu\/index.php\/wp-json\/wp\/v2\/pages\/4378\/revisions\/29119"}],"up":[{"embeddable":true,"href":"https:\/\/www.dudelange.lu\/index.php\/wp-json\/wp\/v2\/pages\/2067"}],"wp:featuredmedia":[{"embeddable":true,"href":"https:\/\/www.dudelange.lu\/index.php\/wp-json\/wp\/v2\/media\/4438"}],"wp:attachment":[{"href":"https:\/\/www.dudelange.lu\/index.php\/wp-json\/wp\/v2\/media?parent=4378"}],"curies":[{"name":"wp","href":"https:\/\/api.w.org\/{rel}","templated":true}]}}