{"id":4617,"date":"2021-09-28T14:39:09","date_gmt":"2021-09-28T12:39:09","guid":{"rendered":"https:\/\/dudelange.devoteamlab.lu\/?page_id=4617"},"modified":"2025-01-29T09:39:14","modified_gmt":"2025-01-29T08:39:14","slug":"eau-potable-et-assainissement","status":"publish","type":"page","link":"https:\/\/www.dudelange.lu\/index.php\/eau-potable-et-assainissement\/","title":{"rendered":"Eau potable et assainissement"},"content":{"rendered":"<div class=\"ms-rtestate-field\">\n<p><strong>L\u2019eau potable\u2026 <\/strong>un tr\u00e9sor m\u00e9sestim\u00e9, mais inestimable<\/p>\n<p><em>Nous ne connaissons la valeur de l\u2019eau que lorsque le puits est \u00e0 sec. (Proverbe anglais)<\/em><\/p>\n<p>Parmi les missions obligatoires des communes luxembourgeoises figure l\u2019approvisionnement en eau potable. Source de vie par excellence, l\u2019eau potable constitue une denr\u00e9e alimentaire primordiale et indispensable qui, avant de couler de nos robinets, est soumise \u00e0 un suivi sanitaire permanent. En effet, elle doit \u00e0 tout moment r\u00e9pondre \u00e0 des normes de qualit\u00e9 tr\u00e8s strictes, telles que pr\u00e9vues par la \u00ab\u00a0<em>loi du 23 d\u00e9cembre 2022 relatif \u00e0 la qualit\u00e9 des eaux us\u00e9es destin\u00e9es \u00e0 la consommation humaine<\/em>\u00a0\u00bb visant \u00e0 garantir sa salubrit\u00e9 et sa propret\u00e9.<\/p>\n<p>La Ville de Dudelange dispose de quatre r\u00e9servoirs d\u2019eau\u00a0: <strong>Roudebierg, Leitschebierg, Weich et Gehaansbierg<\/strong> (repr\u00e9sent\u00e9s sur le plan \u00ab <span style=\"text-decoration: underline;\"><span style=\"color: #ef4030;\"><a style=\"color: #ef4030; text-decoration: underline;\" href=\"https:\/\/sadudelangedata.blob.core.windows.net\/files\/2025\/01\/20250131-Plan-distribution-eau.pdf\" target=\"_blank\" rel=\"noopener\">Plan distribution eau<\/a><\/span><\/span>\u00a0\u00bb), lesquels alimentent l\u2019ensemble de son territoire. L\u2019int\u00e9gralit\u00e9 de l\u2019eau potable distribu\u00e9e dans la commune provient du Syndicat des Eaux du Sud situ\u00e9 \u00e0 Koerich, d\u2019o\u00f9 elle est achemin\u00e9e vers les r\u00e9servoirs de Dudelange.<\/p>\n<p>&#8211;<\/p>\n<p><strong>Trinkwasser<\/strong> &#8230; ein untersch\u00e4tzter, aber unbezahlbarer Schatz.<\/p>\n<p><em>Wir erkennen den Wert des Wassers erst dann, wenn der Brunnen ausgetrocknet ist. (englisches Sprichwort)<\/em><\/p>\n<p>Zu den Pflichtaufgaben der luxemburgischen Gemeinden geh\u00f6rt die Versorgung mit sauberem Trinkwasser. Als Lebensgrundlage ist Trinkwasser ein wichtiges und unverzichtbares Lebensmittel, das, bevor es aus unseren Wasserh\u00e4hnen flie\u00dft, einer st\u00e4ndigen Gesundheits\u00fcberwachung unterliegt. Es muss n\u00e4mlich jederzeit sehr strengen Qualit\u00e4tsnormen entsprechen, wie sie im \u201eGesetz vom 23. Dezember 2022 \u00fcber die Qualit\u00e4t von Abwasser f\u00fcr den menschlichen Gebrauch\u201c vorgesehen sind, um seine Reinheit und Sauberkeit zu gew\u00e4hrleisten.<\/p>\n<p>Die Stadt D\u00fcdelingen verf\u00fcgt \u00fcber vier Wasserreservoirs: <strong>Roudebierg, Leitschebierg, Weich und Gehaansbierg<\/strong> (auf dem Plan \u00ab\u00a0<span style=\"text-decoration: underline;\"><span style=\"color: #ef4030;\"><a style=\"color: #ef4030; text-decoration: underline;\" href=\"https:\/\/sadudelangedata.blob.core.windows.net\/files\/2025\/01\/20250131-Plan-distribution-eau.pdf\" target=\"_blank\" rel=\"noopener\">Trinkwasserverteilung<\/a><\/span><\/span>\u00a0\u00bb dargestellt), die das gesamte Stadtgebiet versorgen. Das Trinkwasser, das in der Gemeinde verteilt wird, stammt ausschlie\u00dflich vom Syndicat des Eaux du Sud in Koerich, von wo aus es in die Wasserspeicher von D\u00fcdelingen geleitet wird.<\/p>\n<p>&#8211;<\/p>\n<ul>\n<li><strong><u>Bulletins d&rsquo;analyses<\/u><\/strong>\n<ul>\n<li><strong>Administration de la gestion de l&rsquo;eau:<\/strong>\n<ul>\n<li>[PDF] <span style=\"text-decoration: underline; color: #ef4030;\"><a style=\"color: #ef4030; text-decoration: underline;\" href=\"https:\/\/sadudelangedata.blob.core.windows.net\/files\/2025\/01\/Controle-operationnel-07_01_2025.pdf\">Analyse compl\u00e8te r\u00e9servoirs d&rsquo;eau Roudebierg, Leitschbierg, Gehaansbierg et Weich_janvier 2025<\/a><\/span><br \/>\n<u><\/u><\/li>\n<\/ul>\n<\/li>\n<\/ul>\n<\/li>\n<\/ul>\n<\/div>\n<ul>\n<li>[PDF] <span style=\"color: #ef4030;\"><u><a style=\"color: #ef4030;\" href=\"https:\/\/sadudelangedata.blob.core.windows.net\/files\/2025\/01\/20250131-Plan-distribution-eau.pdf\" target=\"_blank\" rel=\"noopener\">Plan Distribution d&rsquo;eau potable \/ Trinkwasserverteilung<\/a><\/u><\/span><\/li>\n<\/ul>\n<div class=\"ms-rtestate-field\">\n<ul>\n<li><strong><u>Liens utiles\/N\u00fctzliche Links:<\/u><\/strong>\n<ul>\n<li><span style=\"color: #ef4030;\"><u><a style=\"color: #ef4030;\" href=\"http:\/\/www.drenkwaasser.lu\" target=\"_blank\" rel=\"noopener\">www.drenkwaasser.lu<\/a><\/u><\/span><\/li>\n<li><span style=\"color: #ef4030;\"><u><a style=\"color: #ef4030;\" href=\"http:\/\/www.ses-eau.lu\" target=\"_blank\" rel=\"noopener\">www.ses-eau.lu<\/a><\/u><\/span><span style=\"color: #ef4030;\"><u><br \/>\n<\/u><\/span><\/li>\n<li><span style=\"color: #ef4030;\"><u><a style=\"color: #ef4030;\" href=\"http:\/\/www.aluseau.lu\" target=\"_blank\" rel=\"noopener\">www.aluseau.lu<\/a><\/u><\/span><\/li>\n<li><span style=\"color: #ef4030;\"><u><a style=\"color: #ef4030;\" href=\"http:\/\/www.eau.gouvernement.lu\" target=\"_blank\" rel=\"noopener\">www.eau.gouvernement.lu<\/a><\/u><\/span><\/li>\n<\/ul>\n<\/li>\n<\/ul>\n<\/div>\n<div>\n<ul>\n<li><strong>Station d\u2019\u00e9puration<br \/>\n<\/strong>1 rue de Crauthem, L-3390 Peppange<br \/>\nT 52 09 88-1 \/ <span style=\"text-decoration: underline;\"><span style=\"color: #ef4030;\"><a style=\"color: #ef4030; text-decoration: underline;\" href=\"http:\/\/www.step.lu\">www.step.lu<\/a><\/span><\/span><\/li>\n<\/ul>\n<\/div>\n<p>&nbsp;<\/p>\n<p><strong>INFOS<\/strong><\/p>\n<p>Service Travaux Publics<br \/>\n16 route de Bettembourg,\u00a0<span id=\"DeltaPlaceHolderMain\">L-3424 Dudelange<br \/>\n<\/span>T 516121 -9400<\/p>\n<p>&nbsp;<\/p>\n<div>\n<p>&nbsp;<\/p>\n<p>&nbsp;<\/p>\n<\/div>\n","protected":false},"excerpt":{"rendered":"<p>L\u2019eau potable\u2026 un tr\u00e9sor m\u00e9sestim\u00e9, mais inestimable Nous ne connaissons [&hellip;]<\/p>\n","protected":false},"author":8,"featured_media":22489,"parent":0,"menu_order":0,"comment_status":"closed","ping_status":"closed","template":"","meta":{"footnotes":""},"class_list":["post-4617","page","type-page","status-publish","has-post-thumbnail","hentry"],"publishpress_future_action":{"enabled":false,"date":"2026-04-24 03:13:55","action":"change-status","newStatus":"draft","terms":[],"taxonomy":"","extraData":[]},"publishpress_future_workflow_manual_trigger":{"enabledWorkflows":[]},"_links":{"self":[{"href":"https:\/\/www.dudelange.lu\/index.php\/wp-json\/wp\/v2\/pages\/4617","targetHints":{"allow":["GET"]}}],"collection":[{"href":"https:\/\/www.dudelange.lu\/index.php\/wp-json\/wp\/v2\/pages"}],"about":[{"href":"https:\/\/www.dudelange.lu\/index.php\/wp-json\/wp\/v2\/types\/page"}],"author":[{"embeddable":true,"href":"https:\/\/www.dudelange.lu\/index.php\/wp-json\/wp\/v2\/users\/8"}],"replies":[{"embeddable":true,"href":"https:\/\/www.dudelange.lu\/index.php\/wp-json\/wp\/v2\/comments?post=4617"}],"version-history":[{"count":40,"href":"https:\/\/www.dudelange.lu\/index.php\/wp-json\/wp\/v2\/pages\/4617\/revisions"}],"predecessor-version":[{"id":26623,"href":"https:\/\/www.dudelange.lu\/index.php\/wp-json\/wp\/v2\/pages\/4617\/revisions\/26623"}],"wp:featuredmedia":[{"embeddable":true,"href":"https:\/\/www.dudelange.lu\/index.php\/wp-json\/wp\/v2\/media\/22489"}],"wp:attachment":[{"href":"https:\/\/www.dudelange.lu\/index.php\/wp-json\/wp\/v2\/media?parent=4617"}],"curies":[{"name":"wp","href":"https:\/\/api.w.org\/{rel}","templated":true}]}}