{"id":4636,"date":"2021-09-28T14:52:30","date_gmt":"2021-09-28T12:52:30","guid":{"rendered":"https:\/\/dudelange.devoteamlab.lu\/?page_id=4636"},"modified":"2026-04-17T13:34:27","modified_gmt":"2026-04-17T11:34:27","slug":"fairtrade","status":"publish","type":"page","link":"https:\/\/www.dudelange.lu\/index.php\/fairtrade\/","title":{"rendered":"Fairtrade"},"content":{"rendered":"<p>En tant que \u00ab Fairtrade Gemeng \u00bb depuis le 29 septembre 2011, la Ville de Dudelange s&rsquo;engage \u00e0 soutenir le commerce \u00e9quitable.<\/p>\n<p>\u00ab Une Fairtrade Gemeng est une commune qui s&rsquo;engage collectivement en faveur d&rsquo;un monde plus \u00e9quitable, sensibilise \u00e0 la cause du commerce \u00e9quitable et privil\u00e9gie les produits Fairtrade lorsqu&rsquo;elle en a l&rsquo;occasion. En prenant ces engagements, la commune soutient des conditions de travail justes et dignes pour les producteur\u00b7rices et les travailleur\u00b7euses d\u2019Afrique, d\u2019Asie, d\u2019Am\u00e9rique latine et des Cara\u00efbes.<br \/>\nLe commerce \u00e9quitable est un puissant levier de changement social qui permet de fa\u00e7onner une soci\u00e9t\u00e9 future juste et durable. Il r\u00e9active le pouvoir d&rsquo;agir de tous\u00b7tes : producteur\u00b7rices, travailleur\u00b7euses, transformateur\u00b7rices, distributeur\u00b7rices, d\u00e9cideur\u00b7euses, consommateur\u00b7rices et acteur\u00b7rices locaux\u00b7ales. Dans une Fairtrade Gemeng, chacun\u00b7e peut contribuer \u00e0 diffuser le commerce \u00e9quitable dans tous les aspects de la vie quotidienne ! C&rsquo;est un projet participatif et solidaire. \u00bb<\/p>\n<p>&nbsp;<\/p>\n<p><strong>News:<\/strong><\/p>\n<ul>\n<li><span style=\"text-decoration: underline;\"><span style=\"color: #ef4030; text-decoration: underline;\"><a style=\"color: #ef4030; text-decoration: underline;\" href=\"https:\/\/sadudelangedata.blob.core.windows.net\/files\/2026\/04\/CertificatFTG_Dudelange_2026-2027.pdf\" target=\"_blank\" rel=\"noopener\">Fairtrade-Certificat 2026 &amp; 2027<\/a><\/span><\/span><\/li>\n<li><span style=\"text-decoration: underline;\"><span style=\"color: #ef4030; text-decoration: underline;\"><a style=\"color: #ef4030; text-decoration: underline;\" href=\"https:\/\/sadudelangedata.blob.core.windows.net\/files\/2026\/01\/Fairtrade-News_Nov25_Web-002.pdf\" target=\"_blank\" rel=\"noopener\">Fairtrade Newsletter Novembre 2025<\/a><\/span><\/span><\/li>\n<li><span style=\"text-decoration: underline;\"><span style=\"color: #ef4030; text-decoration: underline;\"><a style=\"color: #ef4030; text-decoration: underline;\" href=\"https:\/\/sadudelangedata.blob.core.windows.net\/files\/2025\/12\/FairtradeGemengArtikel_2025.04.pdf\" target=\"_blank\" rel=\"noopener\">Article Fairtrade Gemeng D\u00e9cembre 2025<\/a><\/span><\/span><\/li>\n<li><span style=\"text-decoration: underline;\"><span style=\"color: #ef4030; text-decoration: underline;\"><a style=\"color: #ef4030; text-decoration: underline;\" href=\"https:\/\/sadudelangedata.blob.core.windows.net\/files\/2025\/04\/Fairtrade.pdf\" target=\"_blank\" rel=\"noopener\">Semaines Fairtrade : La Ville de Dudelange mise sur le commerce \u00e9quitable<\/a><\/span><\/span> (Article Meng Stad Avril 2025)<\/li>\n<li><span class=\"fontstyle0\"><span style=\"text-decoration: underline;\"><a href=\"https:\/\/sadudelangedata.blob.core.windows.net\/files\/2025\/03\/Extracted-pages-from-Fairtrade-News_Mars25_Web-003.pdf\" target=\"_blank\" rel=\"noopener\"><span style=\"color: #ef4030; text-decoration: underline;\">CafeTree : un nouveau partenaire engag\u00e9 au Luxembourg<\/span><\/a><\/span> ( L&rsquo;entreprise CafeTree Coffee Bar &amp; Roastery, cr\u00e9\u00e9e en 2015, a son si\u00e8ge \u00e0 Dudelange)<\/span><\/li>\n<li><span style=\"text-decoration: underline;\"><span style=\"color: #ef4030; text-decoration: underline;\"><a style=\"color: #ef4030; text-decoration: underline;\" href=\"https:\/\/sadudelangedata.blob.core.windows.net\/files\/2023\/03\/Fairtrade-News-N74-Mars-2023__WEB.pdf\" target=\"_blank\" rel=\"noopener\">Fairtrade News &#8211; Mars 2023<\/a><\/span><\/span> \/ Interview avec Marco Thorn (Service Protection de l&rsquo;environnement et D\u00e9veloppement durable Dudelange)<span style=\"text-decoration: underline;\"><br \/>\n<\/span><\/li>\n<\/ul>\n<p>&nbsp;<\/p>\n<p><strong>Plus d\u2019infos:<\/strong><br \/>\n<span style=\"text-decoration: underline;\"><span style=\"color: #ef4030; text-decoration: underline;\"><a style=\"color: #ef4030; text-decoration: underline;\" href=\"http:\/\/www.fairtradegemeng.lu\" target=\"_blank\" rel=\"noopener\">www.fairtradegemeng.lu<\/a><br \/>\n<\/span><\/span><\/p>\n<p>&nbsp;<\/p>\n<p><img decoding=\"async\" class=\"lazyload aligncenter wp-image-19667 size-full\" src=\"https:\/\/sadudelangedata.blob.core.windows.net\/files\/2023\/02\/0485-scaled.jpg\" data-orig-src=\"https:\/\/sadudelangedata.blob.core.windows.net\/files\/2023\/02\/0485-scaled.jpg\" alt=\"Remise Certificat Fairtraide\" width=\"2560\" height=\"1705\" srcset=\"data:image\/svg+xml,%3Csvg%20xmlns%3D%27http%3A%2F%2Fwww.w3.org%2F2000%2Fsvg%27%20width%3D%272560%27%20height%3D%271705%27%20viewBox%3D%270%200%202560%201705%27%3E%3Crect%20width%3D%272560%27%20height%3D%271705%27%20fill-opacity%3D%220%22%2F%3E%3C%2Fsvg%3E\" data-srcset=\"https:\/\/sadudelangedata.blob.core.windows.net\/files\/2023\/02\/0485-200x133.jpg 200w, https:\/\/sadudelangedata.blob.core.windows.net\/files\/2023\/02\/0485-300x200.jpg 300w, https:\/\/sadudelangedata.blob.core.windows.net\/files\/2023\/02\/0485-400x266.jpg 400w, https:\/\/sadudelangedata.blob.core.windows.net\/files\/2023\/02\/0485-600x400.jpg 600w, https:\/\/sadudelangedata.blob.core.windows.net\/files\/2023\/02\/0485-768x512.jpg 768w, https:\/\/sadudelangedata.blob.core.windows.net\/files\/2023\/02\/0485-800x533.jpg 800w, https:\/\/sadudelangedata.blob.core.windows.net\/files\/2023\/02\/0485-1024x682.jpg 1024w, https:\/\/sadudelangedata.blob.core.windows.net\/files\/2023\/02\/0485-1200x799.jpg 1200w, https:\/\/sadudelangedata.blob.core.windows.net\/files\/2023\/02\/0485-1536x1023.jpg 1536w, https:\/\/sadudelangedata.blob.core.windows.net\/files\/2023\/02\/0485-scaled.jpg 2560w\" data-sizes=\"auto\" data-orig-sizes=\"(max-width: 2560px) 100vw, 2560px\" \/><\/p>\n<p>Remise du certificat \u00ab\u00a0Fairtrade Gemeng\u00a0\u00bb le 29 septembre 2011 au \u00ab\u00a0Weltbuttek\u00a0\u00bb \u00e0 Dudelange.<\/p>\n<p>(Photo Copyright Ville de Dudelange)<\/p>\n","protected":false},"excerpt":{"rendered":"<p>En tant que \u00ab Fairtrade Gemeng \u00bb depuis le 29 [&hellip;]<\/p>\n","protected":false},"author":8,"featured_media":4637,"parent":0,"menu_order":0,"comment_status":"closed","ping_status":"closed","template":"","meta":{"footnotes":""},"class_list":["post-4636","page","type-page","status-publish","has-post-thumbnail","hentry"],"publishpress_future_action":{"enabled":false,"date":"2026-05-12 22:06:36","action":"change-status","newStatus":"draft","terms":[],"taxonomy":"","extraData":[]},"publishpress_future_workflow_manual_trigger":{"enabledWorkflows":[]},"_links":{"self":[{"href":"https:\/\/www.dudelange.lu\/index.php\/wp-json\/wp\/v2\/pages\/4636","targetHints":{"allow":["GET"]}}],"collection":[{"href":"https:\/\/www.dudelange.lu\/index.php\/wp-json\/wp\/v2\/pages"}],"about":[{"href":"https:\/\/www.dudelange.lu\/index.php\/wp-json\/wp\/v2\/types\/page"}],"author":[{"embeddable":true,"href":"https:\/\/www.dudelange.lu\/index.php\/wp-json\/wp\/v2\/users\/8"}],"replies":[{"embeddable":true,"href":"https:\/\/www.dudelange.lu\/index.php\/wp-json\/wp\/v2\/comments?post=4636"}],"version-history":[{"count":29,"href":"https:\/\/www.dudelange.lu\/index.php\/wp-json\/wp\/v2\/pages\/4636\/revisions"}],"predecessor-version":[{"id":30626,"href":"https:\/\/www.dudelange.lu\/index.php\/wp-json\/wp\/v2\/pages\/4636\/revisions\/30626"}],"wp:featuredmedia":[{"embeddable":true,"href":"https:\/\/www.dudelange.lu\/index.php\/wp-json\/wp\/v2\/media\/4637"}],"wp:attachment":[{"href":"https:\/\/www.dudelange.lu\/index.php\/wp-json\/wp\/v2\/media?parent=4636"}],"curies":[{"name":"wp","href":"https:\/\/api.w.org\/{rel}","templated":true}]}}