{"id":4644,"date":"2021-09-28T15:16:50","date_gmt":"2021-09-28T13:16:50","guid":{"rendered":"https:\/\/dudelange.devoteamlab.lu\/?page_id=4644"},"modified":"2023-07-19T11:17:35","modified_gmt":"2023-07-19T09:17:35","slug":"pacte-climat","status":"publish","type":"page","link":"https:\/\/www.dudelange.lu\/index.php\/pacte-climat\/","title":{"rendered":"Pacte climat"},"content":{"rendered":"<p>Dans le cadre du Pacte Climat, l\u2019European Energy Award (Prix europ\u00e9en de l\u2019\u00e9nergie) a \u00e9t\u00e9 remis le 13 octobre 2014 \u00e0 la Ville de Dudelange pour le nombre et la qualit\u00e9 de ses actions entreprises d\u200bepuis plus de 20 ans dans la protection du climat. La Ville de Dudelange compte poursuivre ses efforts en faveur de la protection de l\u2019environnement, et donc des g\u00e9n\u00e9rations futures dans le cadre du Pacte climat 2.0 entr\u00e9 en vigueur en 2021.<\/p>\n<p>Plus d&rsquo;infos:<\/p>\n<ul>\n<li>[LIEN] <span style=\"color: #ef4030;\"><a style=\"color: #ef4030;\" href=\"https:\/\/www.diddeleng-klimapakt.lu\/\" target=\"_blank\" rel=\"noopener\"><span style=\"text-decoration: underline;\">www.diddeleng-klimpakt.lu<\/span><\/a><\/span><\/li>\n<li>[BLOG] <a href=\"https:\/\/www.ondiraitlesud.lu\/category\/klimapakt\/\" target=\"_blank\" rel=\"noopener\"><span style=\"text-decoration: underline;\"><span style=\"color: #ef4030; text-decoration: underline;\">Pacte Climat Dudelange<\/span><\/span><\/a><\/li>\n<li>[VIDEO] <span style=\"text-decoration: underline;\"><span style=\"color: #ef4030; text-decoration: underline;\"><a style=\"color: #ef4030; text-decoration: underline;\" href=\"https:\/\/youtu.be\/yJNKT2IKgVk\" target=\"_blank\" rel=\"noopener\">Pacte Climat bilan<\/a><\/span><\/span><\/li>\n<li>[PDF] <a href=\"https:\/\/sadudelangedata.blob.core.windows.net\/files\/2021\/09\/6153148609fac-6153148609fadPacte-Climat-2013-2020.pdf.pdf\" target=\"_blank\" rel=\"noopener\"><span style=\"color: #ef4030; text-decoration: underline;\">Pacte Climat bilan 2013-2020<\/span><\/a><\/li>\n<\/ul>\n","protected":false},"excerpt":{"rendered":"<p>Dans le cadre du Pacte Climat, l\u2019European Energy Award (Prix [&hellip;]<\/p>\n","protected":false},"author":8,"featured_media":4646,"parent":0,"menu_order":0,"comment_status":"closed","ping_status":"closed","template":"","meta":{"footnotes":""},"class_list":["post-4644","page","type-page","status-publish","has-post-thumbnail","hentry"],"publishpress_future_action":{"enabled":false,"date":"2026-04-22 06:42:51","action":"change-status","newStatus":"draft","terms":[],"taxonomy":"","extraData":[]},"publishpress_future_workflow_manual_trigger":{"enabledWorkflows":[]},"_links":{"self":[{"href":"https:\/\/www.dudelange.lu\/index.php\/wp-json\/wp\/v2\/pages\/4644","targetHints":{"allow":["GET"]}}],"collection":[{"href":"https:\/\/www.dudelange.lu\/index.php\/wp-json\/wp\/v2\/pages"}],"about":[{"href":"https:\/\/www.dudelange.lu\/index.php\/wp-json\/wp\/v2\/types\/page"}],"author":[{"embeddable":true,"href":"https:\/\/www.dudelange.lu\/index.php\/wp-json\/wp\/v2\/users\/8"}],"replies":[{"embeddable":true,"href":"https:\/\/www.dudelange.lu\/index.php\/wp-json\/wp\/v2\/comments?post=4644"}],"version-history":[{"count":10,"href":"https:\/\/www.dudelange.lu\/index.php\/wp-json\/wp\/v2\/pages\/4644\/revisions"}],"predecessor-version":[{"id":21367,"href":"https:\/\/www.dudelange.lu\/index.php\/wp-json\/wp\/v2\/pages\/4644\/revisions\/21367"}],"wp:featuredmedia":[{"embeddable":true,"href":"https:\/\/www.dudelange.lu\/index.php\/wp-json\/wp\/v2\/media\/4646"}],"wp:attachment":[{"href":"https:\/\/www.dudelange.lu\/index.php\/wp-json\/wp\/v2\/media?parent=4644"}],"curies":[{"name":"wp","href":"https:\/\/api.w.org\/{rel}","templated":true}]}}