{"id":4692,"date":"2021-09-28T15:48:09","date_gmt":"2021-09-28T13:48:09","guid":{"rendered":"https:\/\/dudelange.devoteamlab.lu\/?page_id=4692"},"modified":"2025-02-27T15:29:25","modified_gmt":"2025-02-27T14:29:25","slug":"subsides-et-aides-en-matiere-denvironnement","status":"publish","type":"page","link":"https:\/\/www.dudelange.lu\/index.php\/subsides-et-aides-en-matiere-denvironnement\/","title":{"rendered":"Subsides et aides en mati\u00e8re d&rsquo;environnement"},"content":{"rendered":"<p><strong>Demande de subvention Klimabonus, \u00e9change et r\u00e9paration appareils \u00e9lectrom\u00e9nagers<\/strong><\/p>\n<p>[PDF] <span style=\"text-decoration: underline;\"><span style=\"color: #ef4030;\"><a style=\"color: #ef4030; text-decoration: underline;\" href=\"https:\/\/sadudelangedata.blob.core.windows.net\/files\/2025\/02\/Formulaire-de-demande-relatif-au-reglement-communal-subvention-Klima-Bonus-appareils-electromenagers.pdf\" target=\"_blank\" rel=\"noopener\">Formulaire<\/a><\/span><\/span><\/p>\n<p><strong>Subvention r\u00e9cuperation eaux pluviales<\/strong><\/p>\n<p>[PDF] <span style=\"text-decoration: underline;\"><span style=\"color: #ef4030;\"><a style=\"color: #ef4030; text-decoration: underline;\" href=\"https:\/\/sadudelangedata.blob.core.windows.net\/files\/2021\/11\/Demande-subvention-recuperation-eaux-pluviales.pdf\" target=\"_blank\" rel=\"noopener\">Formulaire<\/a><\/span><\/span><\/p>\n<p>&nbsp;<\/p>\n<p><strong>Informations suppl\u00e9mentaires:<\/strong><\/p>\n<p><a href=\"http:\/\/www.diddeleng-klimapakt.lu\" target=\"_blank\" rel=\"noopener\"><span style=\"text-decoration: underline;\"><span style=\"color: #ef4030; text-decoration: underline;\">www.diddeleng-klimapakt.lu\u00a0<\/span><\/span><\/a><\/p>\n<p><span style=\"text-decoration: underline;\"><span style=\"color: #ef4030; text-decoration: underline;\"><a style=\"color: #ef4030; text-decoration: underline;\" href=\"http:\/\/www.klimaagence.lu\" target=\"_blank\" rel=\"noopener\">www.klimaagence.lu<\/a><\/span><\/span><\/p>\n","protected":false},"excerpt":{"rendered":"<p>Demande de subvention Klimabonus, \u00e9change et r\u00e9paration appareils \u00e9lectrom\u00e9nagers [PDF] [&hellip;]<\/p>\n","protected":false},"author":8,"featured_media":4694,"parent":0,"menu_order":0,"comment_status":"closed","ping_status":"closed","template":"","meta":{"footnotes":""},"class_list":["post-4692","page","type-page","status-publish","has-post-thumbnail","hentry"],"publishpress_future_action":{"enabled":false,"date":"2026-05-10 06:05:17","action":"change-status","newStatus":"draft","terms":[],"taxonomy":"","extraData":[]},"publishpress_future_workflow_manual_trigger":{"enabledWorkflows":[]},"_links":{"self":[{"href":"https:\/\/www.dudelange.lu\/index.php\/wp-json\/wp\/v2\/pages\/4692","targetHints":{"allow":["GET"]}}],"collection":[{"href":"https:\/\/www.dudelange.lu\/index.php\/wp-json\/wp\/v2\/pages"}],"about":[{"href":"https:\/\/www.dudelange.lu\/index.php\/wp-json\/wp\/v2\/types\/page"}],"author":[{"embeddable":true,"href":"https:\/\/www.dudelange.lu\/index.php\/wp-json\/wp\/v2\/users\/8"}],"replies":[{"embeddable":true,"href":"https:\/\/www.dudelange.lu\/index.php\/wp-json\/wp\/v2\/comments?post=4692"}],"version-history":[{"count":17,"href":"https:\/\/www.dudelange.lu\/index.php\/wp-json\/wp\/v2\/pages\/4692\/revisions"}],"predecessor-version":[{"id":26899,"href":"https:\/\/www.dudelange.lu\/index.php\/wp-json\/wp\/v2\/pages\/4692\/revisions\/26899"}],"wp:featuredmedia":[{"embeddable":true,"href":"https:\/\/www.dudelange.lu\/index.php\/wp-json\/wp\/v2\/media\/4694"}],"wp:attachment":[{"href":"https:\/\/www.dudelange.lu\/index.php\/wp-json\/wp\/v2\/media?parent=4692"}],"curies":[{"name":"wp","href":"https:\/\/api.w.org\/{rel}","templated":true}]}}