{"id":4856,"date":"2021-09-29T10:58:32","date_gmt":"2021-09-29T08:58:32","guid":{"rendered":"https:\/\/dudelange.devoteamlab.lu\/?page_id=4856"},"modified":"2025-04-03T12:40:46","modified_gmt":"2025-04-03T10:40:46","slug":"4856-2","status":"publish","type":"page","link":"https:\/\/www.dudelange.lu\/index.php\/4856-2\/","title":{"rendered":"BabyPLUS"},"content":{"rendered":"<p><strong>Service BabyPLUS Dudelange<\/strong><\/p>\n<p><strong>[FR] Le service BabyPLUS s\u2019adresse \u00e0 toutes les familles de la commune de Dudelange qui attendent un b\u00e9b\u00e9 ou qui viennent d\u2019accoucher.<\/strong><\/p>\n<p>Il s\u2019agit d\u2019une collaboration entre la Ville de Dudelange et l\u2019association <span style=\"text-decoration: underline;\"><span style=\"color: #ef4030;\"><a style=\"color: #ef4030; text-decoration: underline;\" href=\"http:\/\/www.liewensufank.lu\/\" target=\"_blank\" rel=\"noopener\">Initiativ Liewensufank<\/a><\/span><\/span>. Le service fournit des informations et des conseils pr\u00e9cieux pour les parents d\u00e8s la grossesse et pour les nouveaux parents jusqu\u2019\u00e0 la premi\u00e8re ann\u00e9e de vie de l&rsquo;enfant.<\/p>\n<p>Vous pouvez b\u00e9n\u00e9ficier de plusieurs consultations gratuites avec l&rsquo;une des consultantes de l\u2019Initiativ Liewensufank. Elle se rend \u00e0 votre domicile ou dans un bureau de consultation de la mairie et reste \u00e0 votre \u00e9coute pour r\u00e9pondre \u00e0 vos questions et \u00e0 vos inqui\u00e9tudes.<\/p>\n<p>Les visites sont propos\u00e9es gratuitement aux parents.<\/p>\n<p><strong>Si vous souhaitez en profiter, n\u2019h\u00e9sitez pas \u00e0 contacter notre service \u00e0 n\u2019importe quel moment.<\/strong><\/p>\n<p>&#8211;<\/p>\n<p><b>[DE] Der Service BabyPLUS richtet sich an alle Familien in der Gemeinde D\u00fcdelingen, die ein Baby erwarten oder gerade entbunden haben.<\/b><\/p>\n<p>Es handelt sich um eine Zusammenarbeit der Stadt D\u00fcdelingen mit der Organisation <span style=\"text-decoration: underline;\"><span style=\"color: #ef4030;\"><a style=\"color: #ef4030; text-decoration: underline;\" href=\"http:\/\/www.liewensufank.lu\/\" target=\"_blank\" rel=\"noopener\">Initiativ Liewensufank<\/a><\/span><\/span>. Der Dienst bietet wertvolle und Ratschl\u00e4ge f\u00fcr Eltern ab der Schwangerschaft und f\u00fcr junge Eltern bis zum ersten Lebensjahr des Kindes.<\/p>\n<p>Sie k\u00f6nnen mehrere kostenlose Beratungsgespr\u00e4che mit einer der Beraterinnen von der Initiativ Liewensufank in Anspruch nehmen. Sie kommt zu Ihnen nach Hause oder in eine Beratungsstelle im Rathaus und hat ein offenes Ohr f\u00fcr Ihre Fragen und Ihre Unsicherheiten.<\/p>\n<p>Die Beratung ist f\u00fcr die Eltern kostenlos.<\/p>\n<p><b>Wenn Sie das Angebot in Anspruch nehmen m\u00f6chten, k\u00f6nnen Sie sich jederzeit an unseren Dienst wenden.<\/b><\/p>\n<p>&#8211;<\/p>\n<p><strong>INFOS<\/strong><\/p>\n<p><strong>BabyPlus Dudelange<br \/>\n<\/strong>T 36 05 97 -30<br \/>\n<span style=\"text-decoration: underline;\"><span style=\"color: #ef4030;\"><a style=\"color: #ef4030; text-decoration: underline;\" href=\"mailto:babyplus@dudelange.lu%20%E2%80%8B%E2%80%8B%E2%80%8B%E2%80%8B\" target=\"_blank\" rel=\"noopener\">babyplus@dudelange.lu\u200b\u200b<\/a><\/span><\/span><\/p>\n<p>Inscription en ligne: <span style=\"text-decoration: underline;\"><span style=\"color: #ef4030;\"><a style=\"color: #ef4030; text-decoration: underline;\" href=\"https:\/\/www.liewensufank.lu\/fr\/babyplus-einschreibung\/\" target=\"_blank\" rel=\"noopener\">https:\/\/www.liewensufank.lu\/fr\/babyplus-einschreibung\/<\/a><\/span><\/span><\/p>\n<p>Flyer: <span style=\"text-decoration: underline;\"><span style=\"color: #ef4030; text-decoration: underline;\"><a style=\"color: #ef4030; text-decoration: underline;\" href=\"https:\/\/sadudelangedata.blob.core.windows.net\/files\/2025\/04\/2025_02_Flyer-babyPlus-Dudelange-A5-low.pdf\" target=\"_blank\" rel=\"noopener\">Flyer-babyPLUS-Dudelange<\/a><\/span><\/span><\/p>\n<p>Affiche: <span style=\"text-decoration: underline;\"><span style=\"color: #ef4030;\"><a style=\"color: #ef4030; text-decoration: underline;\" href=\"https:\/\/sadudelangedata.blob.core.windows.net\/files\/2025\/04\/2025_03_Aff-BabyPLUS-Dud-A3.pdf\" target=\"_blank\" rel=\"noopener\">Affiche-BabyPLUS-Dudelange<\/a><\/span><\/span><\/p>\n","protected":false},"excerpt":{"rendered":"<p>Service BabyPLUS Dudelange [FR] Le service BabyPLUS s\u2019adresse \u00e0 toutes [&hellip;]<\/p>\n","protected":false},"author":11,"featured_media":4979,"parent":0,"menu_order":0,"comment_status":"closed","ping_status":"closed","template":"","meta":{"footnotes":""},"class_list":["post-4856","page","type-page","status-publish","has-post-thumbnail","hentry"],"publishpress_future_action":{"enabled":false,"date":"2026-05-09 13:15:31","action":"change-status","newStatus":"draft","terms":[],"taxonomy":"","extraData":[]},"publishpress_future_workflow_manual_trigger":{"enabledWorkflows":[]},"_links":{"self":[{"href":"https:\/\/www.dudelange.lu\/index.php\/wp-json\/wp\/v2\/pages\/4856","targetHints":{"allow":["GET"]}}],"collection":[{"href":"https:\/\/www.dudelange.lu\/index.php\/wp-json\/wp\/v2\/pages"}],"about":[{"href":"https:\/\/www.dudelange.lu\/index.php\/wp-json\/wp\/v2\/types\/page"}],"author":[{"embeddable":true,"href":"https:\/\/www.dudelange.lu\/index.php\/wp-json\/wp\/v2\/users\/11"}],"replies":[{"embeddable":true,"href":"https:\/\/www.dudelange.lu\/index.php\/wp-json\/wp\/v2\/comments?post=4856"}],"version-history":[{"count":14,"href":"https:\/\/www.dudelange.lu\/index.php\/wp-json\/wp\/v2\/pages\/4856\/revisions"}],"predecessor-version":[{"id":27203,"href":"https:\/\/www.dudelange.lu\/index.php\/wp-json\/wp\/v2\/pages\/4856\/revisions\/27203"}],"wp:featuredmedia":[{"embeddable":true,"href":"https:\/\/www.dudelange.lu\/index.php\/wp-json\/wp\/v2\/media\/4979"}],"wp:attachment":[{"href":"https:\/\/www.dudelange.lu\/index.php\/wp-json\/wp\/v2\/media?parent=4856"}],"curies":[{"name":"wp","href":"https:\/\/api.w.org\/{rel}","templated":true}]}}