{"id":4862,"date":"2021-09-29T11:09:03","date_gmt":"2021-09-29T09:09:03","guid":{"rendered":"https:\/\/dudelange.devoteamlab.lu\/?page_id=4862"},"modified":"2026-04-16T17:49:19","modified_gmt":"2026-04-16T15:49:19","slug":"babysitting","status":"publish","type":"page","link":"https:\/\/www.dudelange.lu\/index.php\/babysitting\/","title":{"rendered":"Babysitting"},"content":{"rendered":"<p><strong>Liste de babysitters<br \/>\n<\/strong>Une liste des babysitters ayant suivi la formation sp\u00e9cifique et disponibles \u00e0 Dudelange est consultable sur la plateforme gratuite <span style=\"text-decoration: underline;\"><span style=\"color: #ef4030; text-decoration: underline;\"><a style=\"color: #ef4030; text-decoration: underline;\" href=\"http:\/\/www.babysitting.lu\" target=\"_blank\" rel=\"noopener\">www.babysitting.lu<\/a><\/span><\/span>.<br \/>\nApr\u00e8s vous \u00eatre enregistr\u00e9s, vous pourrez contacter les babysitters directement via le site internet.<\/p>\n<p><strong>Formation de babysitter<\/strong><br \/>\nVous d\u00e9sirez vous-m\u00eame suivre la formation pour para\u00eetre sur la liste des babysitters de Dudelange? Vous avez entre 16 et 25 ans? Contactez-nous pour vous inscrire \u00e0 la prochaine formation organis\u00e9e par la Ville de Dudelange.<\/p>\n<p>&nbsp;<\/p>\n<p><strong>INFOS<\/strong><br \/>\nService Jeunesse, Famille, Seniors et Hub Social<br \/>\nBarbara De Matteis<br \/>\nT\u00e9l. : 516151-6621<br \/>\n<span style=\"text-decoration: underline;\"><span style=\"color: #ef4030; text-decoration: underline;\"><a style=\"color: #ef4030; text-decoration: underline;\" href=\"mailto:barbara.dematteis@dudelange.lu\" target=\"_blank\" rel=\"noopener\">Prendre contact<\/a><\/span><\/span><\/p>\n","protected":false},"excerpt":{"rendered":"<p>Liste de babysitters Une liste des babysitters ayant suivi la [&hellip;]<\/p>\n","protected":false},"author":11,"featured_media":4988,"parent":0,"menu_order":0,"comment_status":"closed","ping_status":"closed","template":"","meta":{"footnotes":""},"class_list":["post-4862","page","type-page","status-publish","has-post-thumbnail","hentry"],"publishpress_future_action":{"enabled":false,"date":"2026-05-14 16:32:15","action":"change-status","newStatus":"draft","terms":[],"taxonomy":"","extraData":[]},"publishpress_future_workflow_manual_trigger":{"enabledWorkflows":[]},"_links":{"self":[{"href":"https:\/\/www.dudelange.lu\/index.php\/wp-json\/wp\/v2\/pages\/4862","targetHints":{"allow":["GET"]}}],"collection":[{"href":"https:\/\/www.dudelange.lu\/index.php\/wp-json\/wp\/v2\/pages"}],"about":[{"href":"https:\/\/www.dudelange.lu\/index.php\/wp-json\/wp\/v2\/types\/page"}],"author":[{"embeddable":true,"href":"https:\/\/www.dudelange.lu\/index.php\/wp-json\/wp\/v2\/users\/11"}],"replies":[{"embeddable":true,"href":"https:\/\/www.dudelange.lu\/index.php\/wp-json\/wp\/v2\/comments?post=4862"}],"version-history":[{"count":15,"href":"https:\/\/www.dudelange.lu\/index.php\/wp-json\/wp\/v2\/pages\/4862\/revisions"}],"predecessor-version":[{"id":30577,"href":"https:\/\/www.dudelange.lu\/index.php\/wp-json\/wp\/v2\/pages\/4862\/revisions\/30577"}],"wp:featuredmedia":[{"embeddable":true,"href":"https:\/\/www.dudelange.lu\/index.php\/wp-json\/wp\/v2\/media\/4988"}],"wp:attachment":[{"href":"https:\/\/www.dudelange.lu\/index.php\/wp-json\/wp\/v2\/media?parent=4862"}],"curies":[{"name":"wp","href":"https:\/\/api.w.org\/{rel}","templated":true}]}}