{"id":4902,"date":"2021-09-29T13:56:18","date_gmt":"2021-09-29T11:56:18","guid":{"rendered":"https:\/\/dudelange.devoteamlab.lu\/?page_id=4902"},"modified":"2025-10-16T09:17:42","modified_gmt":"2025-10-16T07:17:42","slug":"cours-de-rattrapage","status":"publish","type":"page","link":"https:\/\/www.dudelange.lu\/index.php\/cours-de-rattrapage\/","title":{"rendered":"Cours de rattrapage"},"content":{"rendered":"<p>L&rsquo;administration communale dispose d&rsquo;une liste de personnes donnant des cours de rattrapage priv\u00e9s.<\/p>\n<ul>\n<li>Si vous donnez des cours de rattrapage et que vous voulez vous inscrire sur cette liste, veuillez contacter :<\/li>\n<\/ul>\n<p>Secr\u00e9tariat communal<br \/>\nT 516121 -293 \/ 275<br \/>\n<span style=\"text-decoration: underline;\"><span style=\"color: #ef4030; text-decoration: underline;\"><a style=\"color: #ef4030; text-decoration: underline;\" href=\"mailto:ville@dudelange.lu\" target=\"_blank\" rel=\"noopener\">ville@dudelange.lu<\/a><\/span><\/span><\/p>\n<ul>\n<li>Si vous souhaitez recevoir cette liste, merci de vous adresser au Secr\u00e9tariat communal ou \u00e0 l&rsquo;accueil de l&rsquo;H\u00f4tel de Ville.<\/li>\n<\/ul>\n","protected":false},"excerpt":{"rendered":"<p>L&rsquo;administration communale dispose d&rsquo;une liste de personnes donnant des cours [&hellip;]<\/p>\n","protected":false},"author":11,"featured_media":4968,"parent":0,"menu_order":0,"comment_status":"closed","ping_status":"closed","template":"","meta":{"footnotes":""},"class_list":["post-4902","page","type-page","status-publish","has-post-thumbnail","hentry"],"publishpress_future_action":{"enabled":false,"date":"2026-04-22 00:34:50","action":"change-status","newStatus":"draft","terms":[],"taxonomy":"","extraData":[]},"publishpress_future_workflow_manual_trigger":{"enabledWorkflows":[]},"_links":{"self":[{"href":"https:\/\/www.dudelange.lu\/index.php\/wp-json\/wp\/v2\/pages\/4902","targetHints":{"allow":["GET"]}}],"collection":[{"href":"https:\/\/www.dudelange.lu\/index.php\/wp-json\/wp\/v2\/pages"}],"about":[{"href":"https:\/\/www.dudelange.lu\/index.php\/wp-json\/wp\/v2\/types\/page"}],"author":[{"embeddable":true,"href":"https:\/\/www.dudelange.lu\/index.php\/wp-json\/wp\/v2\/users\/11"}],"replies":[{"embeddable":true,"href":"https:\/\/www.dudelange.lu\/index.php\/wp-json\/wp\/v2\/comments?post=4902"}],"version-history":[{"count":6,"href":"https:\/\/www.dudelange.lu\/index.php\/wp-json\/wp\/v2\/pages\/4902\/revisions"}],"predecessor-version":[{"id":29042,"href":"https:\/\/www.dudelange.lu\/index.php\/wp-json\/wp\/v2\/pages\/4902\/revisions\/29042"}],"wp:featuredmedia":[{"embeddable":true,"href":"https:\/\/www.dudelange.lu\/index.php\/wp-json\/wp\/v2\/media\/4968"}],"wp:attachment":[{"href":"https:\/\/www.dudelange.lu\/index.php\/wp-json\/wp\/v2\/media?parent=4902"}],"curies":[{"name":"wp","href":"https:\/\/api.w.org\/{rel}","templated":true}]}}