{"id":4915,"date":"2021-09-30T08:11:43","date_gmt":"2021-09-30T06:11:43","guid":{"rendered":"https:\/\/dudelange.devoteamlab.lu\/?page_id=4915"},"modified":"2021-10-20T08:38:08","modified_gmt":"2021-10-20T06:38:08","slug":"ecole-regionale-de-musique","status":"publish","type":"page","link":"https:\/\/www.dudelange.lu\/index.php\/ecole-regionale-de-musique\/","title":{"rendered":"\u00c9cole r\u00e9gionale de musique"},"content":{"rendered":"<p>\u00c9veil musical et instrumental, solf\u00e8ge, danse, formations instrumentales et vocales, enseignement aux adultes et aux enfants.<\/p>\n<p><strong>\u00c9cole r\u00e9gionale de musique<br \/>\n<\/strong>1a rue du Centenaire, L-3475 Dudelange<br \/>\nT 516121 -851<br \/>\n<span style=\"text-decoration: underline;\"><span style=\"color: #ef4030; text-decoration: underline;\"><a style=\"color: #ef4030; text-decoration: underline;\" href=\"mailto:ecoledemusique@dudelange.lu\" target=\"_blank\" rel=\"noopener\">ecoledemusique@dudelange.lu<\/a><br \/>\n<\/span><\/span><span style=\"text-decoration: underline;\"><span style=\"color: #ef4030; text-decoration: underline;\"><a style=\"color: #ef4030; text-decoration: underline;\" href=\"https:\/\/www.emdudelange.lu\/\" target=\"_blank\" rel=\"noopener\">www.emdudelange.lu<\/a><\/span><\/span><\/p>\n","protected":false},"excerpt":{"rendered":"<p>\u00c9veil musical et instrumental, solf\u00e8ge, danse, formations instrumentales et vocales, [&hellip;]<\/p>\n","protected":false},"author":11,"featured_media":5046,"parent":0,"menu_order":0,"comment_status":"closed","ping_status":"closed","template":"","meta":{"footnotes":""},"class_list":["post-4915","page","type-page","status-publish","has-post-thumbnail","hentry"],"publishpress_future_action":{"enabled":false,"date":"2026-04-21 09:51:00","action":"change-status","newStatus":"draft","terms":[],"taxonomy":"","extraData":[]},"publishpress_future_workflow_manual_trigger":{"enabledWorkflows":[]},"_links":{"self":[{"href":"https:\/\/www.dudelange.lu\/index.php\/wp-json\/wp\/v2\/pages\/4915","targetHints":{"allow":["GET"]}}],"collection":[{"href":"https:\/\/www.dudelange.lu\/index.php\/wp-json\/wp\/v2\/pages"}],"about":[{"href":"https:\/\/www.dudelange.lu\/index.php\/wp-json\/wp\/v2\/types\/page"}],"author":[{"embeddable":true,"href":"https:\/\/www.dudelange.lu\/index.php\/wp-json\/wp\/v2\/users\/11"}],"replies":[{"embeddable":true,"href":"https:\/\/www.dudelange.lu\/index.php\/wp-json\/wp\/v2\/comments?post=4915"}],"version-history":[{"count":4,"href":"https:\/\/www.dudelange.lu\/index.php\/wp-json\/wp\/v2\/pages\/4915\/revisions"}],"predecessor-version":[{"id":13329,"href":"https:\/\/www.dudelange.lu\/index.php\/wp-json\/wp\/v2\/pages\/4915\/revisions\/13329"}],"wp:featuredmedia":[{"embeddable":true,"href":"https:\/\/www.dudelange.lu\/index.php\/wp-json\/wp\/v2\/media\/5046"}],"wp:attachment":[{"href":"https:\/\/www.dudelange.lu\/index.php\/wp-json\/wp\/v2\/media?parent=4915"}],"curies":[{"name":"wp","href":"https:\/\/api.w.org\/{rel}","templated":true}]}}