{"id":5275,"date":"2021-09-30T14:01:05","date_gmt":"2021-09-30T12:01:05","guid":{"rendered":"https:\/\/dudelange.devoteamlab.lu\/?page_id=5275"},"modified":"2026-03-30T16:33:20","modified_gmt":"2026-03-30T14:33:20","slug":"cours-informatiques","status":"publish","type":"page","link":"https:\/\/www.dudelange.lu\/index.php\/cours-informatiques\/","title":{"rendered":"Cours informatiques"},"content":{"rendered":"<p>La Ville de Dudelange offre des cours en informatique &#8211; subventionn\u00e9s par le Minist\u00e8re de l\u2019Education nationale, de l\u2019Enfance et de la Jeunesse &#8211; dans la salle informatique am\u00e9nag\u00e9e dans le b\u00e2timent de l\u2019\u00c9cole Brill, 100 rue Norbert Metz.<\/p>\n<p><strong>Cours<\/strong><\/p>\n<ul>\n<li>Applications bureautiques<\/li>\n<li>Excel<\/li>\n<li>Excel &amp; Word<\/li>\n<li>Initiation PC &amp; Internet<\/li>\n<li>Powerpoint<\/li>\n<li><strong>Pour enfants: <\/strong>Applications bureautique<\/li>\n<\/ul>\n<p><strong>Inscription<\/strong><\/p>\n<ul>\n<li><span style=\"color: #ef4030;\"><span style=\"text-decoration: underline;\"><a style=\"color: #ef4030; text-decoration: underline;\" href=\"https:\/\/sadudelangedata.blob.core.windows.net\/files\/2026\/03\/FORMULAIRE-TIC-FEVRIER-JUIN-2026.doc\" target=\"_blank\" rel=\"noopener\">Formulaire d&rsquo;inscription f\u00e9vrier-juin 2026<\/a><\/span> (PDF)<\/span><\/li>\n<li><span style=\"color: #ef4030;\"><span style=\"text-decoration: underline;\"><a style=\"color: #ef4030; text-decoration: underline;\" href=\"https:\/\/sadudelangedata.blob.core.windows.net\/files\/2026\/03\/FORMULAIRE-TIC-ENFANTS-JAN-AVRIL-26.pdf\">Formulaire d&rsquo;inscription <strong>pour enfants<\/strong><\/a><\/span> (PDF)<\/span><\/li>\n<\/ul>\n<p>Ce formulaire est \u00e0 transmettre :<br \/>\n&#8211; par e-mail : <span style=\"text-decoration: underline;\"><a href=\"mailto:coursinformatiques@dudelange.lu\">coursinformatiques@dudelange.lu<\/a><\/span> ou<br \/>\n&#8211; \u00e0 l\u2019accueil de l\u2019H\u00f4tel de ville ou<br \/>\n&#8211; par voie postale : Ville de Dudelange &#8211; Cours informatiques, BP 73 L-3401 Dudelange<\/p>\n<div>\n<div><strong>INFOS<\/strong><\/div>\n<\/div>\n<div>Nancy Colin<br \/>\nT 516121-538, <span style=\"text-decoration: underline; color: #ef4030;\"><a style=\"color: #ef4030; text-decoration: underline;\" title=\"Coursdelangues@dudelange.lu\" href=\"mailto:coursinformatiques@dudelange.lu\" target=\"_blank\" rel=\"noopener\">coursinformatiques@dudelange.lu<\/a><\/span><br \/>\nBureau 104 \/ H\u00f4tel de Ville (1er \u00e9tage)<br \/>\nLundi, mardi, jeudi, vendredi 8:00-11:45 \/ 13:30-16:30<br \/>\nPendant les vacances scolaires : prendre rdv<\/div>\n","protected":false},"excerpt":{"rendered":"<p>La Ville de Dudelange offre des cours en informatique &#8211; [&hellip;]<\/p>\n","protected":false},"author":8,"featured_media":15393,"parent":0,"menu_order":0,"comment_status":"closed","ping_status":"closed","template":"","meta":{"footnotes":""},"class_list":["post-5275","page","type-page","status-publish","has-post-thumbnail","hentry"],"publishpress_future_action":{"enabled":false,"date":"2026-04-17 12:14:23","action":"change-status","newStatus":"draft","terms":[],"taxonomy":"","extraData":[]},"publishpress_future_workflow_manual_trigger":{"enabledWorkflows":[]},"_links":{"self":[{"href":"https:\/\/www.dudelange.lu\/index.php\/wp-json\/wp\/v2\/pages\/5275","targetHints":{"allow":["GET"]}}],"collection":[{"href":"https:\/\/www.dudelange.lu\/index.php\/wp-json\/wp\/v2\/pages"}],"about":[{"href":"https:\/\/www.dudelange.lu\/index.php\/wp-json\/wp\/v2\/types\/page"}],"author":[{"embeddable":true,"href":"https:\/\/www.dudelange.lu\/index.php\/wp-json\/wp\/v2\/users\/8"}],"replies":[{"embeddable":true,"href":"https:\/\/www.dudelange.lu\/index.php\/wp-json\/wp\/v2\/comments?post=5275"}],"version-history":[{"count":64,"href":"https:\/\/www.dudelange.lu\/index.php\/wp-json\/wp\/v2\/pages\/5275\/revisions"}],"predecessor-version":[{"id":30395,"href":"https:\/\/www.dudelange.lu\/index.php\/wp-json\/wp\/v2\/pages\/5275\/revisions\/30395"}],"wp:featuredmedia":[{"embeddable":true,"href":"https:\/\/www.dudelange.lu\/index.php\/wp-json\/wp\/v2\/media\/15393"}],"wp:attachment":[{"href":"https:\/\/www.dudelange.lu\/index.php\/wp-json\/wp\/v2\/media?parent=5275"}],"curies":[{"name":"wp","href":"https:\/\/api.w.org\/{rel}","templated":true}]}}