{"id":5337,"date":"2021-09-30T16:20:02","date_gmt":"2021-09-30T14:20:02","guid":{"rendered":"https:\/\/dudelange.devoteamlab.lu\/?page_id=5337"},"modified":"2021-10-26T10:35:18","modified_gmt":"2021-10-26T08:35:18","slug":"eglise-st-martin","status":"publish","type":"page","link":"https:\/\/www.dudelange.lu\/index.php\/eglise-st-martin\/","title":{"rendered":"\u00c9glise St-Martin"},"content":{"rendered":"<p>L\u2019\u00e9glise paroissiale Saint-Martin, \u00e9difi\u00e9e de 1894 \u00e0 1900, est la troisi\u00e8me plus grande \u00e9glise du pays et se trouve au centre-ville, en face de la place Frantz Kinnen. Il s\u2019agit d\u2019un \u00e9difice de style n\u00e9o-gothique de l\u2019architecte luxembourgeois Henri-Alphonse Kemp.<\/p>\n<p>L\u2019\u00e9glise se distingue surtout par sa grande valeur artistique qu&rsquo;elle doit \u00e0 des cr\u00e9ateurs du pays : les vitraux de la porte d\u2019entr\u00e9e, ainsi que ceux des petites fen\u00eatres triangulaires ont \u00e9t\u00e9 cr\u00e9\u00e9s par l\u2019artiste Frantz Kinnen. Les vitraux de l\u2019abside, illustrant Saint Martin, Sainte Barbara et Saint Jean Baptiste, ont \u00e9t\u00e9 r\u00e9alis\u00e9s par \u00c9mile et Joseph Probst. L\u2019autel \u00ab versus populum \u00bb est une \u0153uvre des sculpteurs Aurelio et Bettina Sabbatini et le chemin de croix a \u00e9t\u00e9 r\u00e9alis\u00e9 par le peintre local Dominique Lang. L\u2019espace entier est orn\u00e9 de peintures murales polychromes d\u2019inspiration pal\u00e9ochr\u00e9tienne et byzantine du peintre b\u00e9n\u00e9dictin Notker Becker de Maria Laach, donnant un air monumental et impressionnant au b\u00e2timent.<\/p>\n<p>En outre, l\u2019\u00e9glise Saint-Martin h\u00e9berge un orgue de la manufacture Stahlhuth d\u2019Aix-la-Chapelle de 1912. Raison pour laquelle des organistes-concertistes internationaux sont r\u00e9guli\u00e8rement accueillis \u00e0 l\u2019\u00e9glise de Dudelange pour des concerts et des r\u00e9citals. Des \u00e9v\u00e9nements annuels comme le festival de l\u2019orgue, la nuit de l&rsquo;orgue ou bien des concours d\u2019orgue et de composition ont \u00e9galement lieu ici.<\/p>\n<p>Plus d&rsquo;infos: <span style=\"text-decoration: underline;\"><span style=\"color: #ef4030; text-decoration: underline;\"><a style=\"color: #ef4030; text-decoration: underline;\" href=\"http:\/\/www.orgue-dudelange.lu\" target=\"_blank\" rel=\"noopener\">www.orgue-dudelange.lu<\/a><\/span><\/span><\/p>\n","protected":false},"excerpt":{"rendered":"<p>L\u2019\u00e9glise paroissiale Saint-Martin, \u00e9difi\u00e9e de 1894 \u00e0 1900, est la [&hellip;]<\/p>\n","protected":false},"author":8,"featured_media":5338,"parent":0,"menu_order":0,"comment_status":"closed","ping_status":"closed","template":"","meta":{"footnotes":""},"class_list":["post-5337","page","type-page","status-publish","has-post-thumbnail","hentry"],"publishpress_future_action":{"enabled":false,"date":"2026-05-05 01:35:46","action":"change-status","newStatus":"draft","terms":[],"taxonomy":"","extraData":[]},"publishpress_future_workflow_manual_trigger":{"enabledWorkflows":[]},"_links":{"self":[{"href":"https:\/\/www.dudelange.lu\/index.php\/wp-json\/wp\/v2\/pages\/5337","targetHints":{"allow":["GET"]}}],"collection":[{"href":"https:\/\/www.dudelange.lu\/index.php\/wp-json\/wp\/v2\/pages"}],"about":[{"href":"https:\/\/www.dudelange.lu\/index.php\/wp-json\/wp\/v2\/types\/page"}],"author":[{"embeddable":true,"href":"https:\/\/www.dudelange.lu\/index.php\/wp-json\/wp\/v2\/users\/8"}],"replies":[{"embeddable":true,"href":"https:\/\/www.dudelange.lu\/index.php\/wp-json\/wp\/v2\/comments?post=5337"}],"version-history":[{"count":10,"href":"https:\/\/www.dudelange.lu\/index.php\/wp-json\/wp\/v2\/pages\/5337\/revisions"}],"predecessor-version":[{"id":13515,"href":"https:\/\/www.dudelange.lu\/index.php\/wp-json\/wp\/v2\/pages\/5337\/revisions\/13515"}],"wp:featuredmedia":[{"embeddable":true,"href":"https:\/\/www.dudelange.lu\/index.php\/wp-json\/wp\/v2\/media\/5338"}],"wp:attachment":[{"href":"https:\/\/www.dudelange.lu\/index.php\/wp-json\/wp\/v2\/media?parent=5337"}],"curies":[{"name":"wp","href":"https:\/\/api.w.org\/{rel}","templated":true}]}}